{"id":26804,"date":"2025-02-20T22:28:44","date_gmt":"2025-02-20T22:28:44","guid":{"rendered":"http:\/\/olemosaic.com\/producto\/funda-de-telefono-para-iphone-11-tpu-panoramica-barcelona-azul\/"},"modified":"2025-07-25T19:13:50","modified_gmt":"2025-07-25T17:13:50","slug":"coque-de-telephone-pour-iphone-11-tpu-panoramique-barcelone-bleu","status":"publish","type":"product","link":"https:\/\/olemosaic.com\/fr\/produit\/coque-de-telephone-pour-iphone-11-tpu-panoramique-barcelone-bleu\/","title":{"rendered":"Coque de t\u00e9l\u00e9phone pour iPhone 11 (TPU). Panoramique. Barcelone. Bleu"},"content":{"rendered":"<p>Cette coque pour iPhone 11 est un produit vibrant qui c\u00e9l\u00e8bre l&rsquo;essence de Barcelone, mettant en avant l&rsquo;iconique Sagrada Familia et d&rsquo;autres \u00e9l\u00e9ments repr\u00e9sentatifs de la ville. Fabriqu\u00e9e en TPU, un mat\u00e9riau connu pour sa r\u00e9sistance et sa l\u00e9g\u00e8ret\u00e9, elle prot\u00e9gera votre appareil tout en l&#8217;embellissant d&rsquo;un design color\u00e9 et lumineux. Le design pr\u00e9sente la Sagrada Familia dans des tons orange et jaune, entour\u00e9e de b\u00e2timents singuliers, de palmiers et d&rsquo;un ciel bleu radieux, \u00e9voquant le climat chaud et l&rsquo;ambiance festive de la ville. Le mot \u00ab\u00a0Barcelona\u00a0\u00bb se d\u00e9tache en lettres frappantes, garantissant que tout le monde reconnaisse votre amour pour cette ville catalane embl\u00e9matique. Ce souvenir n&rsquo;est pas seulement pratique, mais aussi un rappel culturel id\u00e9al pour ceux qui souhaitent emporter avec eux un morceau de Barcelone. Avec sa combinaison de fonctionnalit\u00e9 et d&rsquo;attrait visuel, cette coque est un excellent cadeau ou souvenir pour les touristes et visiteurs, id\u00e9al pour les boutiques de cadeaux touristiques cherchant des articles authentiques et repr\u00e9sentatifs. Chez Ol\u00e9 Mosaic, en tant que grossistes de coques de t\u00e9l\u00e9phone, nous proposons des produits qui encapsulent la culture espagnole, parfaits pour ceux qui recherchent qualit\u00e9 et originalit\u00e9 dans les souvenirs de Barcelone.<\/p>\n","protected":false},"excerpt":{"rendered":"<p>Coque pour iPhone 11 fabriqu\u00e9e en TPU avec une vue panoramique vibrante de Barcelone. Ce design color\u00e9 capture l&rsquo;iconique Sagrada Familia dans des tons orange et jaune, entour\u00e9e de b\u00e2timents, de palmiers et d&rsquo;un ciel bleu ensoleill\u00e9. Le mot \u00ab\u00a0Barcelona\u00a0\u00bb est imprim\u00e9 en lettres frappantes, ajoutant une touche distinctive. R\u00e9sistante et l\u00e9g\u00e8re, cette coque prot\u00e8ge non seulement votre appareil, mais c\u00e9l\u00e8bre \u00e9galement la beaut\u00e9 et l&rsquo;esprit de cette ville espagnole embl\u00e9matique.<\/p>\n","protected":false},"featured_media":12145,"template":"","meta":{"_acf_changed":false},"product_brand":[],"product_cat":[674],"product_tag":[],"class_list":{"0":"post-26804","1":"product","2":"type-product","3":"status-publish","4":"has-post-thumbnail","6":"product_cat-etuis-pour-telephones-portables","7":"pa_ciudad-barcelona","8":"pa_motivo-panoramas","9":"pa_pais-espana","11":"first","12":"instock","13":"shipping-taxable","14":"product-type-simple"},"acf":[],"_links":{"self":[{"href":"https:\/\/olemosaic.com\/fr\/wp-json\/wp\/v2\/product\/26804","targetHints":{"allow":["GET"]}}],"collection":[{"href":"https:\/\/olemosaic.com\/fr\/wp-json\/wp\/v2\/product"}],"about":[{"href":"https:\/\/olemosaic.com\/fr\/wp-json\/wp\/v2\/types\/product"}],"wp:featuredmedia":[{"embeddable":true,"href":"https:\/\/olemosaic.com\/fr\/wp-json\/wp\/v2\/media\/12145"}],"wp:attachment":[{"href":"https:\/\/olemosaic.com\/fr\/wp-json\/wp\/v2\/media?parent=26804"}],"wp:term":[{"taxonomy":"product_brand","embeddable":true,"href":"https:\/\/olemosaic.com\/fr\/wp-json\/wp\/v2\/product_brand?post=26804"},{"taxonomy":"product_cat","embeddable":true,"href":"https:\/\/olemosaic.com\/fr\/wp-json\/wp\/v2\/product_cat?post=26804"},{"taxonomy":"product_tag","embeddable":true,"href":"https:\/\/olemosaic.com\/fr\/wp-json\/wp\/v2\/product_tag?post=26804"}],"curies":[{"name":"wp","href":"https:\/\/api.w.org\/{rel}","templated":true}]}}