{"id":26803,"date":"2025-02-20T22:28:44","date_gmt":"2025-02-20T22:28:44","guid":{"rendered":"http:\/\/olemosaic.com\/producto\/funda-de-telefono-para-iphone-11-tpu-gato-barcelona-blanco\/"},"modified":"2025-07-25T18:59:07","modified_gmt":"2025-07-25T16:59:07","slug":"coque-de-telephone-pour-iphone-11-tpu-chat-barcelone-blanc","status":"publish","type":"product","link":"https:\/\/olemosaic.com\/fr\/produit\/coque-de-telephone-pour-iphone-11-tpu-chat-barcelone-blanc\/","title":{"rendered":"Coque de t\u00e9l\u00e9phone pour iPhone 11 (TPU). Chat. Barcelone. Blanc"},"content":{"rendered":"<p>Cette coque pour iPhone 11 est un hommage vibrant \u00e0 la ville de Barcelone. Fabriqu\u00e9e en TPU, elle prot\u00e8ge non seulement votre appareil avec solidit\u00e9, mais arbore \u00e9galement un design artistique qui capture l&rsquo;essence culturelle de la m\u00e9tropole catalane. Au centre, se d\u00e9tache un chat stylis\u00e9, compos\u00e9 d&rsquo;une mosa\u00efque color\u00e9e \u00e9voquant le riche h\u00e9ritage artistique de la ville, entour\u00e9 de charmants papillons symbolisant la joie et la vie qui coulent dans les rues de Barcelone. Le fond blanc, avec une texture rappelant les carreaux embl\u00e9matiques de Gaud\u00ed, rehausse le design et apporte un air de modernit\u00e9.<\/p>\n<p>Le mot \u00ab\u00a0Barcelona\u00a0\u00bb, \u00e9crit dans une typographie \u00e9l\u00e9gante, ajoute une touche distinctive, transformant cette coque en bien plus qu&rsquo;un accessoire pratique : un charmant souvenir qui c\u00e9l\u00e8bre l&rsquo;amour pour la ville. Id\u00e9al pour ceux qui recherchent des souvenirs authentiques, ce produit est une excellente option pour les boutiques de cadeaux touristiques. Chez Ol\u00e9 Mosaic, nous sommes experts dans la distribution de souvenirs de haute qualit\u00e9, et cette coque avec le chat est un choix parfait pour les grossistes souhaitant offrir \u00e0 leurs clients un souvenir significatif de Barcelone.<\/p>\n","protected":false},"excerpt":{"rendered":"<p>Coque pour iPhone 11 fabriqu\u00e9e en TPU, avec un design vibrant \u00e9voquant l&rsquo;essence de Barcelone. La coque pr\u00e9sente un chat stylis\u00e9 sur une mosa\u00efque color\u00e9e, entour\u00e9 de papillons et avec un fond blanc textur\u00e9 simulant des carreaux. Cette \u0153uvre d&rsquo;art capture la joie de la ville, \u00e9tant un accessoire pratique et d\u00e9coratif. De plus, elle inclut le nom \u00ab\u00a0Barcelona\u00a0\u00bb \u00e9crit avec une typographie \u00e9l\u00e9gante, faisant de cette coque une expression unique d&rsquo;amour pour la ville.<\/p>\n","protected":false},"featured_media":12135,"template":"","meta":{"_acf_changed":false},"product_brand":[],"product_cat":[674],"product_tag":[530],"class_list":{"0":"post-26803","1":"product","2":"type-product","3":"status-publish","4":"has-post-thumbnail","6":"product_cat-etuis-pour-telephones-portables","7":"product_tag-animaux","8":"pa_ciudad-barcelona","9":"pa_motivo-chats","10":"pa_pais-espana","12":"first","13":"instock","14":"shipping-taxable","15":"product-type-simple"},"acf":[],"_links":{"self":[{"href":"https:\/\/olemosaic.com\/fr\/wp-json\/wp\/v2\/product\/26803","targetHints":{"allow":["GET"]}}],"collection":[{"href":"https:\/\/olemosaic.com\/fr\/wp-json\/wp\/v2\/product"}],"about":[{"href":"https:\/\/olemosaic.com\/fr\/wp-json\/wp\/v2\/types\/product"}],"wp:featuredmedia":[{"embeddable":true,"href":"https:\/\/olemosaic.com\/fr\/wp-json\/wp\/v2\/media\/12135"}],"wp:attachment":[{"href":"https:\/\/olemosaic.com\/fr\/wp-json\/wp\/v2\/media?parent=26803"}],"wp:term":[{"taxonomy":"product_brand","embeddable":true,"href":"https:\/\/olemosaic.com\/fr\/wp-json\/wp\/v2\/product_brand?post=26803"},{"taxonomy":"product_cat","embeddable":true,"href":"https:\/\/olemosaic.com\/fr\/wp-json\/wp\/v2\/product_cat?post=26803"},{"taxonomy":"product_tag","embeddable":true,"href":"https:\/\/olemosaic.com\/fr\/wp-json\/wp\/v2\/product_tag?post=26803"}],"curies":[{"name":"wp","href":"https:\/\/api.w.org\/{rel}","templated":true}]}}