{"id":26802,"date":"2025-02-20T22:28:44","date_gmt":"2025-02-20T22:28:44","guid":{"rendered":"http:\/\/olemosaic.com\/producto\/funda-de-telefono-para-samsung-a14-tpu-gato-barcelona-negro\/"},"modified":"2025-07-25T19:16:16","modified_gmt":"2025-07-25T17:16:16","slug":"coque-de-telephone-pour-samsung-a14-tpu-chat-barcelone-noir","status":"publish","type":"product","link":"https:\/\/olemosaic.com\/fr\/produit\/coque-de-telephone-pour-samsung-a14-tpu-chat-barcelone-noir\/","title":{"rendered":"Coque de t\u00e9l\u00e9phone pour Samsung A14 (TPU). Chat. Barcelone. Noir"},"content":{"rendered":"<p>Cette coque en TPU pour le Samsung A14 est un accessoire vibrant qui fusionne protection et art, id\u00e9al pour les amoureux de Barcelone. D\u00e9cor\u00e9e d&rsquo;un design ing\u00e9nieux d&rsquo;un chat stylis\u00e9, cette coque capture l&rsquo;essence de la ville \u00e0 travers l&rsquo;art moderniste qui la caract\u00e9rise. Le chat, d\u00e9limit\u00e9 par des formes g\u00e9om\u00e9triques, pr\u00e9sente une explosion de couleurs vibrantes, avec des tons intenses de bleu, jaune, rouge et vert, \u00e9voquant la riche palette du patrimoine artistique catalan. Entour\u00e9 de papillons multicolores qui voltigent joyeusement, ce design est non seulement visuellement percutant, mais ajoute \u00e9galement un air ludique et cr\u00e9atif \u00e0 n&rsquo;importe quel t\u00e9l\u00e9phone.<\/p>\n<p>Avec un \u00e9l\u00e9gant fond noir, cette coque met non seulement en valeur le design color\u00e9, mais offre \u00e9galement une excellente protection contre les chocs et les rayures, garantissant que l&rsquo;appareil est en s\u00e9curit\u00e9 dans toutes les situations. En tant que souvenir repr\u00e9sentatif de Barcelone, cet article est parfait pour les touristes \u00e0 la recherche d&rsquo;un souvenir authentique qui encapsule la magie de la ville. Chez Ol\u00e9 Mosaic, nous sommes distributeurs d&rsquo;accessoires uniques en gros, et cette coque est une excellente option pour les boutiques de cadeaux touristiques souhaitant proposer des produits alliant fonctionnalit\u00e9 et riche patrimoine culturel de l&rsquo;Espagne. Un cadeau parfait qui refl\u00e8te l&rsquo;esprit vibrant de Barcelone et la cr\u00e9ativit\u00e9 de son art.<\/p>\n","protected":false},"excerpt":{"rendered":"<p>Coque de t\u00e9l\u00e9phone en TPU pour Samsung A14, d\u00e9cor\u00e9e d&rsquo;un design color\u00e9 d&rsquo;un chat stylis\u00e9. Inspir\u00e9e par l&rsquo;art moderniste barcelonais, la coque pr\u00e9sente un chat aux formes g\u00e9om\u00e9triques dans des tons vibrants de bleu, jaune, rouge et vert, entour\u00e9 de papillons multicolores qui apportent une touche joyeuse. Avec un fond noir, cette coque prot\u00e8ge non seulement le t\u00e9l\u00e9phone, mais ajoute \u00e9galement une touche artistique et distinctive, soulignant l&rsquo;essence de la ville.<\/p>\n","protected":false},"featured_media":12552,"template":"","meta":{"_acf_changed":false},"product_brand":[],"product_cat":[674],"product_tag":[530],"class_list":{"0":"post-26802","1":"product","2":"type-product","3":"status-publish","4":"has-post-thumbnail","6":"product_cat-etuis-pour-telephones-portables","7":"product_tag-animaux","8":"pa_ciudad-barcelona","9":"pa_motivo-chats","10":"pa_pais-espana","12":"first","13":"instock","14":"shipping-taxable","15":"product-type-simple"},"acf":[],"_links":{"self":[{"href":"https:\/\/olemosaic.com\/fr\/wp-json\/wp\/v2\/product\/26802","targetHints":{"allow":["GET"]}}],"collection":[{"href":"https:\/\/olemosaic.com\/fr\/wp-json\/wp\/v2\/product"}],"about":[{"href":"https:\/\/olemosaic.com\/fr\/wp-json\/wp\/v2\/types\/product"}],"wp:featuredmedia":[{"embeddable":true,"href":"https:\/\/olemosaic.com\/fr\/wp-json\/wp\/v2\/media\/12552"}],"wp:attachment":[{"href":"https:\/\/olemosaic.com\/fr\/wp-json\/wp\/v2\/media?parent=26802"}],"wp:term":[{"taxonomy":"product_brand","embeddable":true,"href":"https:\/\/olemosaic.com\/fr\/wp-json\/wp\/v2\/product_brand?post=26802"},{"taxonomy":"product_cat","embeddable":true,"href":"https:\/\/olemosaic.com\/fr\/wp-json\/wp\/v2\/product_cat?post=26802"},{"taxonomy":"product_tag","embeddable":true,"href":"https:\/\/olemosaic.com\/fr\/wp-json\/wp\/v2\/product_tag?post=26802"}],"curies":[{"name":"wp","href":"https:\/\/api.w.org\/{rel}","templated":true}]}}