{"id":26801,"date":"2025-02-20T23:28:43","date_gmt":"2025-02-20T22:28:43","guid":{"rendered":"http:\/\/olemosaic.com\/producto\/elefante-figura-de-resina-de-9-cm-pintada-a-mano\/"},"modified":"2025-07-25T19:24:07","modified_gmt":"2025-07-25T17:24:07","slug":"elephant-figurine-en-resine-de-9-cm-peinte-a-la-main","status":"publish","type":"product","link":"https:\/\/olemosaic.com\/fr\/produit\/elephant-figurine-en-resine-de-9-cm-peinte-a-la-main\/","title":{"rendered":"\u00c9l\u00e9phant. Figurines en mosa\u00efque de 9 cm."},"content":{"rendered":"<p>Cette figurine d&rsquo;\u00e9l\u00e9phant en r\u00e9sine est un souvenir charmant qui capture l&rsquo;essence vibrante de l&rsquo;art traditionnel espagnol. Avec des dimensions de 9 cm, cette figurine color\u00e9e, avec un effet peint \u00e0 la main, se distingue par son design unique et amusant, avec la trompe lev\u00e9e, symbole de chance et de bonheur. La riche palette de couleurs, comprenant le bleu, le rouge, le jaune et le vert, est le r\u00e9sultat d&rsquo;un art de la mosa\u00efque, cr\u00e9ant un effet visuel attrayant qui captive tout le monde. Chaque d\u00e9tail de la figurine a \u00e9t\u00e9 soigneusement \u00e9labor\u00e9, offrant une finition brillante qui rehausse sa beaut\u00e9 et sa singularit\u00e9.<\/p>\n<p>Cet \u00e9l\u00e9phant n&rsquo;est pas seulement une pi\u00e8ce d\u00e9corative, mais aussi un reflet du folklore et de la joie de la culture espagnole, une repr\u00e9sentation artistique qui s&rsquo;int\u00e8gre parfaitement dans n&rsquo;importe quel foyer. Id\u00e9ale pour les collectionneurs et les amateurs d&rsquo;art, cette figurine est un souvenir authentique de l&rsquo;Espagne qui \u00e9voque la riche tradition des artisanats locaux. Chez Ol\u00e9 Mosaic, nous sommes des distributeurs en gros de souvenirs authentiques, et cette figurine d&rsquo;\u00e9l\u00e9phant est une excellente option pour les boutiques de cadeaux touristiques cherchant \u00e0 offrir des produits repr\u00e9sentatifs et de qualit\u00e9. Avec sa pertinence culturelle et son attrait visuel, c&rsquo;est un cadeau id\u00e9al pour ceux qui veulent ramener un petit morceau de la culture espagnole chez eux.<\/p>\n","protected":false},"excerpt":{"rendered":"<p>Figurine d&rsquo;\u00e9l\u00e9phant de 9 cm, design artisanal, peinte \u00e0 la main, capturant l&rsquo;essence vibrante de l&rsquo;art traditionnel. Cette figurine color\u00e9e est d\u00e9cor\u00e9e d&rsquo;une mosa\u00efque de tons bleus, rouges, jaunes et verts, cr\u00e9ant un effet visuel attrayant. Son design unique, avec la trompe lev\u00e9e et des d\u00e9tails \u00e0 la finition brillante, refl\u00e8te la culture et la joie du folklore, en faisant un charmant souvenir d&rsquo;Espagne. Id\u00e9al pour les collectionneurs ou comme d\u00e9coration int\u00e9rieure.<\/p>\n","protected":false},"featured_media":13796,"template":"","meta":{"_acf_changed":false},"product_brand":[],"product_cat":[540],"product_tag":[530],"class_list":{"0":"post-26801","1":"product","2":"type-product","3":"status-publish","4":"has-post-thumbnail","6":"product_cat-chiffres","7":"product_tag-animaux","8":"pa_motivo-elephants","10":"first","11":"instock","12":"shipping-taxable","13":"product-type-simple"},"acf":[],"_links":{"self":[{"href":"https:\/\/olemosaic.com\/fr\/wp-json\/wp\/v2\/product\/26801","targetHints":{"allow":["GET"]}}],"collection":[{"href":"https:\/\/olemosaic.com\/fr\/wp-json\/wp\/v2\/product"}],"about":[{"href":"https:\/\/olemosaic.com\/fr\/wp-json\/wp\/v2\/types\/product"}],"wp:featuredmedia":[{"embeddable":true,"href":"https:\/\/olemosaic.com\/fr\/wp-json\/wp\/v2\/media\/13796"}],"wp:attachment":[{"href":"https:\/\/olemosaic.com\/fr\/wp-json\/wp\/v2\/media?parent=26801"}],"wp:term":[{"taxonomy":"product_brand","embeddable":true,"href":"https:\/\/olemosaic.com\/fr\/wp-json\/wp\/v2\/product_brand?post=26801"},{"taxonomy":"product_cat","embeddable":true,"href":"https:\/\/olemosaic.com\/fr\/wp-json\/wp\/v2\/product_cat?post=26801"},{"taxonomy":"product_tag","embeddable":true,"href":"https:\/\/olemosaic.com\/fr\/wp-json\/wp\/v2\/product_tag?post=26801"}],"curies":[{"name":"wp","href":"https:\/\/api.w.org\/{rel}","templated":true}]}}