{"id":26800,"date":"2025-02-20T23:28:43","date_gmt":"2025-02-20T22:28:43","guid":{"rendered":"http:\/\/olemosaic.com\/producto\/tortuga-figura-de-resina-de-10-cm-pintada-a-mano\/"},"modified":"2025-07-25T20:35:10","modified_gmt":"2025-07-25T18:35:10","slug":"tortue-figurine-en-resine-de-10-cm-peinte-a-la-main","status":"publish","type":"product","link":"https:\/\/olemosaic.com\/fr\/produit\/tortue-figurine-en-resine-de-10-cm-peinte-a-la-main\/","title":{"rendered":"Tortue. Figurines en mosa\u00efque de 10 cm."},"content":{"rendered":"<p>Cette figurine de tortue, fabriqu\u00e9e en r\u00e9sine et mesurant 10 cm, est un charmant souvenir qui capture l&rsquo;essence de l&rsquo;artisanat espagnol, color\u00e9 et vibrant. Chaque tortue, avec un effet peint \u00e0 la main \u2014 ce qui rend chaque pi\u00e8ce unique \u2014 pr\u00e9sente un design en mosa\u00efque aux tons joyeux de bleu, jaune, rouge et vert, \u00e9voquant la riche tradition artistique du pays. La carapace est orn\u00e9e de formes g\u00e9om\u00e9triques qui ajoutent une touche contemporaine \u00e0 une figurine classique, ce qui en fait un objet id\u00e9al aussi bien comme souvenir que pour d\u00e9corer la maison.<\/p>\n<p>Ce souvenir est un lien significatif avec la culture espagnole, o\u00f9 l&rsquo;art de la mosa\u00efque est un symbole de cr\u00e9ativit\u00e9 et d&rsquo;innovation. La tortue, animal symbolisant la paix et la long\u00e9vit\u00e9, devient un rappel parfait du calme et de la beaut\u00e9 que l&rsquo;on trouve en Espagne. Chez Ol\u00e9 Mosaic, nous sommes fiers de proposer des produits authentiques en gros, et cette figurine de tortue est une option fantastique pour les boutiques de cadeaux touristiques cherchant \u00e0 mettre en avant la tradition artisanale espagnole. En tant que grossistes de souvenirs, nous garantissons la qualit\u00e9 et la pertinence culturelle de chaque pi\u00e8ce que nous proposons, faisant de cet article un excellent choix pour les touristes \u00e0 la recherche de souvenirs significatifs de leur visite.<\/p>\n","protected":false},"excerpt":{"rendered":"<p>Figurine de tortue fabriqu\u00e9e en r\u00e9sine de 10 cm, design artisanal, peinte \u00e0 la main, avec un design vibrant en mosa\u00efque \u00e9voquant l&rsquo;artisanat espagnol color\u00e9. Ce charmant souvenir se distingue par ses tons joyeux de bleu, jaune, rouge et vert, qui d\u00e9corent sa carapace de formes g\u00e9om\u00e9triques. Un d\u00e9tail d\u00e9licat qui en fait une pi\u00e8ce d\u00e9corative id\u00e9ale pour la maison, refl\u00e9tant la richesse culturelle et artistique de l&rsquo;Espagne.<\/p>\n","protected":false},"featured_media":6227,"template":"","meta":{"_acf_changed":false},"product_brand":[],"product_cat":[540],"product_tag":[530],"class_list":{"0":"post-26800","1":"product","2":"type-product","3":"status-publish","4":"has-post-thumbnail","6":"product_cat-chiffres","7":"product_tag-animaux","8":"pa_motivo-tortues","10":"first","11":"instock","12":"shipping-taxable","13":"product-type-simple"},"acf":[],"_links":{"self":[{"href":"https:\/\/olemosaic.com\/fr\/wp-json\/wp\/v2\/product\/26800","targetHints":{"allow":["GET"]}}],"collection":[{"href":"https:\/\/olemosaic.com\/fr\/wp-json\/wp\/v2\/product"}],"about":[{"href":"https:\/\/olemosaic.com\/fr\/wp-json\/wp\/v2\/types\/product"}],"wp:featuredmedia":[{"embeddable":true,"href":"https:\/\/olemosaic.com\/fr\/wp-json\/wp\/v2\/media\/6227"}],"wp:attachment":[{"href":"https:\/\/olemosaic.com\/fr\/wp-json\/wp\/v2\/media?parent=26800"}],"wp:term":[{"taxonomy":"product_brand","embeddable":true,"href":"https:\/\/olemosaic.com\/fr\/wp-json\/wp\/v2\/product_brand?post=26800"},{"taxonomy":"product_cat","embeddable":true,"href":"https:\/\/olemosaic.com\/fr\/wp-json\/wp\/v2\/product_cat?post=26800"},{"taxonomy":"product_tag","embeddable":true,"href":"https:\/\/olemosaic.com\/fr\/wp-json\/wp\/v2\/product_tag?post=26800"}],"curies":[{"name":"wp","href":"https:\/\/api.w.org\/{rel}","templated":true}]}}