{"id":26766,"date":"2025-02-20T23:28:43","date_gmt":"2025-02-20T22:28:43","guid":{"rendered":"http:\/\/olemosaic.com\/producto\/toro-figura-de-resina-de-9-cm-pintada-a-mano\/"},"modified":"2025-07-25T18:47:11","modified_gmt":"2025-07-25T16:47:11","slug":"taureau-figurine-en-resine-de-9-cm-peinte-a-la-main","status":"publish","type":"product","link":"https:\/\/olemosaic.com\/fr\/produit\/taureau-figurine-en-resine-de-9-cm-peinte-a-la-main\/","title":{"rendered":"Taureau. Figurines en mosa\u00efque de 9 cm."},"content":{"rendered":"<p>Cette figurine de taureau en r\u00e9sine de 9 cm est un souvenir fascinant qui capture l&rsquo;essence de la culture espagnole. Peinte \u00e0 la main avec un design vibrant en mosa\u00efque, cette pi\u00e8ce repr\u00e9sente l&rsquo;un des symboles les plus iconiques et admir\u00e9s du patrimoine espagnol : le taureau. Son corps est orn\u00e9 d&rsquo;un motif complexe de couleurs vives, incluant des tons intenses de bleu, rouge, jaune et vert, qui s&rsquo;entrelacent de mani\u00e8re harmonieuse, apportant une touche festive et joyeuse \u00e0 toute d\u00e9coration.<\/p>\n<p>Le taureau est une figure centrale de la tradition et du folklore de l&rsquo;Espagne, symbolisant la force, le courage et la passion, des valeurs profond\u00e9ment ancr\u00e9es dans la culture nationale. Ce design n&rsquo;\u00e9mule pas seulement la majest\u00e9 de ces animaux, mais rend \u00e9galement hommage \u00e0 la riche histoire des corridas, une pratique qui, bien que controvers\u00e9e, fait partie de l&rsquo;h\u00e9ritage culturel du pays. L&rsquo;attention port\u00e9e aux d\u00e9tails et la qualit\u00e9 artisanale de la peinture font de cette figurine une option id\u00e9ale pour les touristes et les collectionneurs \u00e0 la recherche de souvenirs authentiques d&rsquo;Espagne.<\/p>\n<p>Chez Ol\u00e9 Mosaic, nous proposons cette figurine de taureau dans le cadre de notre s\u00e9lection de souvenirs artistiques. C&rsquo;est un produit parfait pour les boutiques de cadeaux touristiques souhaitant offrir un souvenir repr\u00e9sentatif, refl\u00e9tant l&rsquo;authenticit\u00e9 et la beaut\u00e9 de l&rsquo;art espagnol. Excellent cadeau ou compl\u00e9ment d\u00e9coratif, cette figurine de taureau est un hommage \u00e0 la richesse culturelle de l&rsquo;Espagne.<\/p>\n","protected":false},"excerpt":{"rendered":"<p>Figurine de taureau de 9 cm, design artisanal, peinte \u00e0 la main, avec un design vibrant en mosa\u00efque. Ce joli souvenir repr\u00e9sente l&rsquo;un des symboles les plus iconiques de la culture espagnole, capturant l&rsquo;essence de la tradition et de l&rsquo;art. Les couleurs vives dans les tons bleu, rouge, jaune et vert s&rsquo;entrelacent dans son design, apportant une touche festive et joyeuse. Id\u00e9ale pour la d\u00e9coration ou comme cadeau, cette figurine est un hommage \u00e0 la richesse du folklore espagnol.<\/p>\n","protected":false},"featured_media":6145,"template":"","meta":{"_acf_changed":false},"product_brand":[],"product_cat":[540],"product_tag":[530],"class_list":{"0":"post-26766","1":"product","2":"type-product","3":"status-publish","4":"has-post-thumbnail","6":"product_cat-chiffres","7":"product_tag-animaux","8":"pa_motivo-taureaux","10":"first","11":"instock","12":"shipping-taxable","13":"product-type-simple"},"acf":[],"_links":{"self":[{"href":"https:\/\/olemosaic.com\/fr\/wp-json\/wp\/v2\/product\/26766","targetHints":{"allow":["GET"]}}],"collection":[{"href":"https:\/\/olemosaic.com\/fr\/wp-json\/wp\/v2\/product"}],"about":[{"href":"https:\/\/olemosaic.com\/fr\/wp-json\/wp\/v2\/types\/product"}],"wp:featuredmedia":[{"embeddable":true,"href":"https:\/\/olemosaic.com\/fr\/wp-json\/wp\/v2\/media\/6145"}],"wp:attachment":[{"href":"https:\/\/olemosaic.com\/fr\/wp-json\/wp\/v2\/media?parent=26766"}],"wp:term":[{"taxonomy":"product_brand","embeddable":true,"href":"https:\/\/olemosaic.com\/fr\/wp-json\/wp\/v2\/product_brand?post=26766"},{"taxonomy":"product_cat","embeddable":true,"href":"https:\/\/olemosaic.com\/fr\/wp-json\/wp\/v2\/product_cat?post=26766"},{"taxonomy":"product_tag","embeddable":true,"href":"https:\/\/olemosaic.com\/fr\/wp-json\/wp\/v2\/product_tag?post=26766"}],"curies":[{"name":"wp","href":"https:\/\/api.w.org\/{rel}","templated":true}]}}