{"id":26765,"date":"2025-02-20T23:28:43","date_gmt":"2025-02-20T22:28:43","guid":{"rendered":"http:\/\/olemosaic.com\/producto\/salamandra-figura-de-resina-de-24-cm-verde-pintada-a-mano\/"},"modified":"2025-07-25T20:20:25","modified_gmt":"2025-07-25T18:20:25","slug":"salamandre-figurine-en-resine-de-24-cm-verte-peinte-a-la-main","status":"publish","type":"product","link":"https:\/\/olemosaic.com\/fr\/produit\/salamandre-figurine-en-resine-de-24-cm-verte-peinte-a-la-main\/","title":{"rendered":"Salamandre. Figurines en mosa\u00efque de 24 cm. Vert."},"content":{"rendered":"<p>Cette spectaculaire figurine de salamandre de 24 cm est \u00e9labor\u00e9e en r\u00e9sine et peinte \u00e0 la main avec une palette de couleurs vibrantes \u00e9voquant la riche tradition m\u00e9diterran\u00e9enne. Elle se distingue par son design artistique, avec une mosa\u00efque complexe de verts, bleus, oranges et rouges qui, en plus d&rsquo;attirer l&rsquo;attention, refl\u00e8tent la chaleur et la beaut\u00e9 du paysage espagnol. La salamandre, symbole de chance, est repr\u00e9sent\u00e9e dans une pose r\u00e9aliste, avec des d\u00e9tails tridimensionnels qui rehaussent la qualit\u00e9 du travail artisanal. Chaque \u00e9caille et chaque patte sont m\u00e9ticuleusement peintes, cr\u00e9ant un effet visuel dynamique qui invite \u00e0 l&rsquo;observation.<\/p>\n<p>Cet attrayant souvenir n&rsquo;est pas seulement un \u00e9l\u00e9ment d\u00e9coratif parfait pour n&rsquo;importe quel coin de la maison, mais il agit \u00e9galement comme un rappel culturel du folklore m\u00e9diterran\u00e9en, o\u00f9 les salamandres sont appr\u00e9ci\u00e9es pour leur symbolisme positif. Chez Ol\u00e9 Mosaic, nous nous sp\u00e9cialisons dans la distribution de souvenirs authentiques en gros, et cette figurine de salamandre repr\u00e9sente une option id\u00e9ale pour les boutiques de cadeaux touristiques cherchant \u00e0 int\u00e9grer des pi\u00e8ces uniques et pertinentes dans leurs catalogues. Les souvenirs en r\u00e9sine comme celui-ci apportent non seulement une touche vibrante \u00e0 la d\u00e9coration, mais invitent \u00e9galement ceux qui les poss\u00e8dent \u00e0 ramener un morceau de la culture espagnole chez eux.<\/p>\n","protected":false},"excerpt":{"rendered":"<p>Figurine de salamandre de 24 cm, \u00e9labor\u00e9e en r\u00e9sine et design artisanal, peinte \u00e0 la main, avec des couleurs vibrantes. Ce produit se distingue par son design artistique, incluant une mosa\u00efque de tonalit\u00e9s vertes, bleues, oranges et rouges, capturant l&rsquo;essence du folklore m\u00e9diterran\u00e9en. La salamandre, symbole de chance, pr\u00e9sente des d\u00e9tails tridimensionnels qui soulignent son r\u00e9alisme, en faisant un \u00e9l\u00e9ment d\u00e9coratif parfait pour n&rsquo;importe quel coin de la maison.<\/p>\n","protected":false},"featured_media":8463,"template":"","meta":{"_acf_changed":false},"product_brand":[],"product_cat":[540],"product_tag":[530],"class_list":{"0":"post-26765","1":"product","2":"type-product","3":"status-publish","4":"has-post-thumbnail","6":"product_cat-chiffres","7":"product_tag-animaux","8":"pa_motivo-salamandres","10":"first","11":"instock","12":"shipping-taxable","13":"product-type-simple"},"acf":[],"_links":{"self":[{"href":"https:\/\/olemosaic.com\/fr\/wp-json\/wp\/v2\/product\/26765","targetHints":{"allow":["GET"]}}],"collection":[{"href":"https:\/\/olemosaic.com\/fr\/wp-json\/wp\/v2\/product"}],"about":[{"href":"https:\/\/olemosaic.com\/fr\/wp-json\/wp\/v2\/types\/product"}],"wp:featuredmedia":[{"embeddable":true,"href":"https:\/\/olemosaic.com\/fr\/wp-json\/wp\/v2\/media\/8463"}],"wp:attachment":[{"href":"https:\/\/olemosaic.com\/fr\/wp-json\/wp\/v2\/media?parent=26765"}],"wp:term":[{"taxonomy":"product_brand","embeddable":true,"href":"https:\/\/olemosaic.com\/fr\/wp-json\/wp\/v2\/product_brand?post=26765"},{"taxonomy":"product_cat","embeddable":true,"href":"https:\/\/olemosaic.com\/fr\/wp-json\/wp\/v2\/product_cat?post=26765"},{"taxonomy":"product_tag","embeddable":true,"href":"https:\/\/olemosaic.com\/fr\/wp-json\/wp\/v2\/product_tag?post=26765"}],"curies":[{"name":"wp","href":"https:\/\/api.w.org\/{rel}","templated":true}]}}