{"id":26764,"date":"2025-02-20T23:28:43","date_gmt":"2025-02-20T22:28:43","guid":{"rendered":"http:\/\/olemosaic.com\/producto\/toro-figura-de-resina-de-32-cm-pintada-a-mano\/"},"modified":"2025-07-25T18:48:49","modified_gmt":"2025-07-25T16:48:49","slug":"taureau-figurine-en-resine-de-32-cm-peinte-a-la-main","status":"publish","type":"product","link":"https:\/\/olemosaic.com\/fr\/produit\/taureau-figurine-en-resine-de-32-cm-peinte-a-la-main\/","title":{"rendered":"Taureau. Figurines en mosa\u00efque de 32 cm."},"content":{"rendered":"<p>Cette figurine en r\u00e9sine en forme de taureau est un souvenir impressionnant qui encapsule l&rsquo;essence du folklore espagnol. Avec ses 32 cm de hauteur, chaque d\u00e9tail de ce chef-d&rsquo;\u0153uvre est peint \u00e0 la main, garantissant la singularit\u00e9 et la qualit\u00e9 de chaque pi\u00e8ce. Le design vibrant en mosa\u00efque d\u00e9ploie une explosion de couleurs avec des tons rouges, bleus, verts et jaunes. Cette vari\u00e9t\u00e9 chromatique met non seulement en valeur le savoir-faire artistique des artisans espagnols, mais \u00e9voque \u00e9galement la passion et le dynamisme du taureau, symbole iconique de la culture espagnole.<\/p>\n<p>La figurine capture le taureau en mouvement, transmettant une sensation d&rsquo;\u00e9nergie et de force embl\u00e9matique de la tradition espagnole. En plus de son attrait visuel, ce souvenir peut servir d&rsquo;\u00e9l\u00e9ment d\u00e9coratif de premier plan dans n&rsquo;importe quel foyer, ajoutant une touche d&rsquo;authenticit\u00e9 et de culture espagnole aux espaces. Il est id\u00e9al pour ceux qui souhaitent ramener un morceau d&rsquo;Espagne chez eux.<\/p>\n<p>Chez Ol\u00e9 Mosaic, notre sp\u00e9cialisation en tant que distributeurs de souvenirs en gros nous permet d&rsquo;offrir des produits authentiques qui refl\u00e8tent le riche h\u00e9ritage culturel du pays. Cette figurine de taureau est une excellente option pour les boutiques de cadeaux touristiques, offrant \u00e0 leurs clients un souvenir m\u00e9morable et repr\u00e9sentatif de la culture espagnole. Avec notre s\u00e9lection de figurines d\u00e9coratives, nous garantissons l&rsquo;originalit\u00e9 et une approche artisanale pour chaque pi\u00e8ce, id\u00e9ales pour ceux qui recherchent des souvenirs de qualit\u00e9.<\/p>\n","protected":false},"excerpt":{"rendered":"<p>Figurine de 32 cm en forme de taureau, design artisanal, peinte \u00e0 la main, avec un design vibrant en mosa\u00efque. Ce souvenir color\u00e9 capture l&rsquo;essence du folklore espagnol, repr\u00e9sentant un taureau en mouvement, orn\u00e9 d&rsquo;une vari\u00e9t\u00e9 de tons incluant le rouge, le bleu, le vert et le jaune. L&rsquo;attention port\u00e9e aux d\u00e9tails de la peinture et la technique artisanale font de cette figurine un \u00e9l\u00e9ment d\u00e9coratif impressionnant, id\u00e9al pour ceux qui souhaitent ramener un morceau de la culture espagnole chez eux.<\/p>\n","protected":false},"featured_media":5947,"template":"","meta":{"_acf_changed":false},"product_brand":[],"product_cat":[540],"product_tag":[530],"class_list":{"0":"post-26764","1":"product","2":"type-product","3":"status-publish","4":"has-post-thumbnail","6":"product_cat-chiffres","7":"product_tag-animaux","8":"pa_motivo-taureaux","10":"first","11":"instock","12":"shipping-taxable","13":"product-type-simple"},"acf":[],"_links":{"self":[{"href":"https:\/\/olemosaic.com\/fr\/wp-json\/wp\/v2\/product\/26764","targetHints":{"allow":["GET"]}}],"collection":[{"href":"https:\/\/olemosaic.com\/fr\/wp-json\/wp\/v2\/product"}],"about":[{"href":"https:\/\/olemosaic.com\/fr\/wp-json\/wp\/v2\/types\/product"}],"wp:featuredmedia":[{"embeddable":true,"href":"https:\/\/olemosaic.com\/fr\/wp-json\/wp\/v2\/media\/5947"}],"wp:attachment":[{"href":"https:\/\/olemosaic.com\/fr\/wp-json\/wp\/v2\/media?parent=26764"}],"wp:term":[{"taxonomy":"product_brand","embeddable":true,"href":"https:\/\/olemosaic.com\/fr\/wp-json\/wp\/v2\/product_brand?post=26764"},{"taxonomy":"product_cat","embeddable":true,"href":"https:\/\/olemosaic.com\/fr\/wp-json\/wp\/v2\/product_cat?post=26764"},{"taxonomy":"product_tag","embeddable":true,"href":"https:\/\/olemosaic.com\/fr\/wp-json\/wp\/v2\/product_tag?post=26764"}],"curies":[{"name":"wp","href":"https:\/\/api.w.org\/{rel}","templated":true}]}}