{"id":26763,"date":"2025-02-20T23:28:43","date_gmt":"2025-02-20T22:28:43","guid":{"rendered":"http:\/\/olemosaic.com\/producto\/hormiga-figura-de-resina-de-14-cm-pintada-a-mano\/"},"modified":"2025-07-25T18:43:35","modified_gmt":"2025-07-25T16:43:35","slug":"fourmi-figurine-en-resine-de-14-cm-peinte-a-la-main","status":"publish","type":"product","link":"https:\/\/olemosaic.com\/fr\/produit\/fourmi-figurine-en-resine-de-14-cm-peinte-a-la-main\/","title":{"rendered":"Fourmi. Figurines en mosa\u00efque de 14 cm."},"content":{"rendered":"<p>Cette figurine en r\u00e9sine en forme de fourmi est une v\u00e9ritable pi\u00e8ce d\u00e9corative qui capture l&rsquo;essence de la vie sauvage espagnole. Avec ses 14 cm de hauteur, cette magnifique repr\u00e9sentation est m\u00e9ticuleusement peinte \u00e0 la main, ce qui garantit une finition brillante et unique. Les tons noir et marron se combinent pour cr\u00e9er un effet visuel qui met en valeur les textures et les caract\u00e9ristiques de cet insecte fascinant. Chaque d\u00e9tail, des pattes d\u00e9licates au corps bien d\u00e9fini, a \u00e9t\u00e9 soign\u00e9 avec attention pour offrir un design original qui souligne la beaut\u00e9 de la nature.<\/p>\n<p>Ce souvenir est une excellente option pour ceux qui recherchent un souvenir distinctif d&rsquo;Espagne, ajoutant une touche d&rsquo;authenticit\u00e9 \u00e0 n&rsquo;importe quel espace. Les fourmis sont embl\u00e9matiques de nombreuses r\u00e9gions espagnoles, symbolisant le travail d&rsquo;\u00e9quipe et la r\u00e9silience, ce qui fait de cette figurine un rappel non seulement de l&rsquo;environnement naturel, mais aussi des valeurs ancr\u00e9es dans la culture locale.<\/p>\n<p>Chez Ol\u00e9 Mosaic, nous nous sp\u00e9cialisons dans l&rsquo;offre de souvenirs en gros qui refl\u00e8tent la diversit\u00e9 culturelle et la richesse de la faune autochtone. Cette figurine de fourmi est parfaite pour les boutiques de cadeaux touristiques souhaitant offrir \u00e0 leurs clients un souvenir unique et significatif. En tant que grossiste d&rsquo;articles de d\u00e9coration, nous garantissons la qualit\u00e9 et l&rsquo;authenticit\u00e9 de chaque produit pour satisfaire les attentes des touristes.<\/p>\n","protected":false},"excerpt":{"rendered":"<p>Figurine de 14 cm en forme de fourmi, design artisanal, peinte \u00e0 la main, avec une finition brillante dans les tons noir et marron. Ce d\u00e9tail artistique souligne la texture et les caract\u00e9ristiques de l&rsquo;insecte, avec des pattes d\u00e9licates et un corps bien d\u00e9fini affichant un design original et soign\u00e9. Id\u00e9al comme souvenir capturant l&rsquo;essence de la faune espagnole et comme \u00e9l\u00e9ment d\u00e9coratif unique pour tout espace.<\/p>\n","protected":false},"featured_media":11082,"template":"","meta":{"_acf_changed":false},"product_brand":[],"product_cat":[540],"product_tag":[530],"class_list":{"0":"post-26763","1":"product","2":"type-product","3":"status-publish","4":"has-post-thumbnail","6":"product_cat-chiffres","7":"product_tag-animaux","8":"pa_motivo-fourmis","10":"first","11":"instock","12":"shipping-taxable","13":"product-type-simple"},"acf":[],"_links":{"self":[{"href":"https:\/\/olemosaic.com\/fr\/wp-json\/wp\/v2\/product\/26763","targetHints":{"allow":["GET"]}}],"collection":[{"href":"https:\/\/olemosaic.com\/fr\/wp-json\/wp\/v2\/product"}],"about":[{"href":"https:\/\/olemosaic.com\/fr\/wp-json\/wp\/v2\/types\/product"}],"wp:featuredmedia":[{"embeddable":true,"href":"https:\/\/olemosaic.com\/fr\/wp-json\/wp\/v2\/media\/11082"}],"wp:attachment":[{"href":"https:\/\/olemosaic.com\/fr\/wp-json\/wp\/v2\/media?parent=26763"}],"wp:term":[{"taxonomy":"product_brand","embeddable":true,"href":"https:\/\/olemosaic.com\/fr\/wp-json\/wp\/v2\/product_brand?post=26763"},{"taxonomy":"product_cat","embeddable":true,"href":"https:\/\/olemosaic.com\/fr\/wp-json\/wp\/v2\/product_cat?post=26763"},{"taxonomy":"product_tag","embeddable":true,"href":"https:\/\/olemosaic.com\/fr\/wp-json\/wp\/v2\/product_tag?post=26763"}],"curies":[{"name":"wp","href":"https:\/\/api.w.org\/{rel}","templated":true}]}}