{"id":26762,"date":"2025-02-20T23:28:42","date_gmt":"2025-02-20T22:28:42","guid":{"rendered":"http:\/\/olemosaic.com\/producto\/golondrina-figura-de-resina-de-12-cm-pintada-a-mano\/"},"modified":"2025-07-25T22:23:45","modified_gmt":"2025-07-25T20:23:45","slug":"hirondelle-figurine-resine-12-cm-peinte-main","status":"publish","type":"product","link":"https:\/\/olemosaic.com\/fr\/produit\/hirondelle-figurine-resine-12-cm-peinte-main\/","title":{"rendered":"Hirondelle. Figurine mosa\u00efque de 12 cm."},"content":{"rendered":"<p>Cette figurine en r\u00e9sine en forme d&rsquo;hirondelle est une charmante repr\u00e9sentation de la tradition espagnole et une pi\u00e8ce d\u00e9corative id\u00e9ale pour n&rsquo;importe quel foyer. Avec ses 12 cm de hauteur, l&rsquo;hirondelle est m\u00e9ticuleusement peinte \u00e0 la main avec un effet mosa\u00efque, utilisant une palette de couleurs vibrantes qui \u00e9voque la richesse artistique du pays. Son design, inspir\u00e9 de l&rsquo;art de la mosa\u00efque, pr\u00e9sente une combinaison exquise de tons bleus, rouges, jaunes et verts, qui s&rsquo;entrelacent pour cr\u00e9er un effet visuel captivant. L&rsquo;hirondelle, en plus de symboliser l&rsquo;arriv\u00e9e du beau temps, est un symbole de chance et de bonheur dans la culture espagnole.<\/p>\n<p>L&rsquo;attention port\u00e9e aux d\u00e9tails dans la peinture de chaque pi\u00e8ce souligne son caract\u00e8re unique et son authenticit\u00e9 en tant que souvenir repr\u00e9sentatif de l&rsquo;Espagne. Cette figurine n&rsquo;ajoute pas seulement une touche de couleur et de joie \u00e0 n&rsquo;importe quel coin de la maison, mais elle devient \u00e9galement un merveilleux souvenir qui capture l&rsquo;essence de l&rsquo;art et de la culture locale. Chez Ol\u00e9 Mosaic, en tant que grossistes de figurines d\u00e9coratives, nous proposons cette pi\u00e8ce exceptionnelle, parfaite pour les boutiques de cadeaux touristiques \u00e0 la recherche de produits distinctifs et charg\u00e9s d&rsquo;histoire. Opter pour cette hirondelle en r\u00e9sine, c&rsquo;est choisir un souvenir authentique qui ravira les touristes souhaitant emporter un petit morceau de la tradition espagnole.<\/p>\n","protected":false},"excerpt":{"rendered":"<p>Figurine de 12 cm en forme d&rsquo;hirondelle, design artisanal, peinte \u00e0 la main, avec des couleurs vibrantes \u00e9voquant la tradition espagnole. Le design, inspir\u00e9 de l&rsquo;art de la mosa\u00efque, pr\u00e9sente une combinaison de tons bleus, rouges, jaunes et verts, mettant en valeur le corps de l&rsquo;hirondelle, qui symbolise la chance et l&rsquo;arriv\u00e9e du beau temps. Cette pi\u00e8ce d\u00e9corative est id\u00e9ale pour ajouter une touche culturelle et artistique \u00e0 n&rsquo;importe quel coin de la maison.<\/p>\n","protected":false},"featured_media":11076,"template":"","meta":{"_acf_changed":false},"product_brand":[],"product_cat":[540],"product_tag":[530],"class_list":{"0":"post-26762","1":"product","2":"type-product","3":"status-publish","4":"has-post-thumbnail","6":"product_cat-chiffres","7":"product_tag-animaux","8":"pa_motivo-hirondelles","10":"first","11":"instock","12":"shipping-taxable","13":"product-type-simple"},"acf":[],"_links":{"self":[{"href":"https:\/\/olemosaic.com\/fr\/wp-json\/wp\/v2\/product\/26762","targetHints":{"allow":["GET"]}}],"collection":[{"href":"https:\/\/olemosaic.com\/fr\/wp-json\/wp\/v2\/product"}],"about":[{"href":"https:\/\/olemosaic.com\/fr\/wp-json\/wp\/v2\/types\/product"}],"wp:featuredmedia":[{"embeddable":true,"href":"https:\/\/olemosaic.com\/fr\/wp-json\/wp\/v2\/media\/11076"}],"wp:attachment":[{"href":"https:\/\/olemosaic.com\/fr\/wp-json\/wp\/v2\/media?parent=26762"}],"wp:term":[{"taxonomy":"product_brand","embeddable":true,"href":"https:\/\/olemosaic.com\/fr\/wp-json\/wp\/v2\/product_brand?post=26762"},{"taxonomy":"product_cat","embeddable":true,"href":"https:\/\/olemosaic.com\/fr\/wp-json\/wp\/v2\/product_cat?post=26762"},{"taxonomy":"product_tag","embeddable":true,"href":"https:\/\/olemosaic.com\/fr\/wp-json\/wp\/v2\/product_tag?post=26762"}],"curies":[{"name":"wp","href":"https:\/\/api.w.org\/{rel}","templated":true}]}}