{"id":26759,"date":"2025-02-20T23:28:42","date_gmt":"2025-02-20T22:28:42","guid":{"rendered":"http:\/\/olemosaic.com\/producto\/la-pedrera-figura-de-resina-de-8-cm-pintada-a-mano\/"},"modified":"2025-07-25T19:08:26","modified_gmt":"2025-07-25T17:08:26","slug":"la-pedrera-figurine-resine-8-cm-peinte-main","status":"publish","type":"product","link":"https:\/\/olemosaic.com\/fr\/produit\/la-pedrera-figurine-resine-8-cm-peinte-main\/","title":{"rendered":"La Pedrera. Figurine mosa\u00efque de 8 cm."},"content":{"rendered":"<p>Cette figurine en r\u00e9sine de La Pedrera, de 8 cm, est un souvenir exquis qui capture l&rsquo;essence du b\u00e2timent embl\u00e9matique con\u00e7u par le c\u00e9l\u00e8bre architecte Antoni Gaud\u00ed \u00e0 Barcelone. Peinte \u00e0 la main, la figurine met en valeur la fa\u00e7ade ondulante caract\u00e9ristique de La Pedrera, avec ses formes organiques \u00e9voquant la nature. Des d\u00e9tails tels que la v\u00e9g\u00e9tation verte ornant les balcons et les figures iconiques du toit repr\u00e9sentent le style moderniste qui d\u00e9finit ce chef-d&rsquo;\u0153uvre. Les couleurs douces et harmonieuses, associ\u00e9es \u00e0 des finitions m\u00e9ticuleuses, font de cette pi\u00e8ce un souvenir parfait pour les amateurs d&rsquo;architecture et d&rsquo;art catalan.<\/p>\n<p>La Pedrera, \u00e9galement connue sous le nom de Casa Mil\u00e0, est un symbole de l&rsquo;innovation et de la cr\u00e9ativit\u00e9 de Gaud\u00ed, une r\u00e9f\u00e9rence incontournable du patrimoine culturel de Barcelone. Ce souvenir ne rend pas seulement hommage \u00e0 l&rsquo;architecture de la ville, mais offre \u00e9galement \u00e0 ceux qui l&rsquo;acqui\u00e8rent une connexion tangible avec sa riche histoire culturelle. Chez Ol\u00e9 Mosaic, nous sommes sp\u00e9cialis\u00e9s dans la distribution de souvenirs de haute qualit\u00e9 en gros, et cette figurine de La Pedrera est une excellente option pour les boutiques de cadeaux touristiques cherchant \u00e0 proposer des produits authentiques et repr\u00e9sentatifs. Un souvenir qui, en plus de d\u00e9corer, raconte l&rsquo;histoire et l&rsquo;art de l&rsquo;une des villes les plus fascinantes d&rsquo;Espagne.<\/p>\n","protected":false},"excerpt":{"rendered":"<p>Figurine de 8 cm repr\u00e9sentant La Pedrera, le b\u00e2timent embl\u00e9matique con\u00e7u par Antoni Gaud\u00ed \u00e0 Barcelone. Cette pi\u00e8ce, au design artisanal et peinte \u00e0 la main, reproduit en d\u00e9tail la fa\u00e7ade ondulante caract\u00e9ristique de l&rsquo;\u00e9difice, avec de la v\u00e9g\u00e9tation verte et des figures sur le toit \u00e9voquant le style moderniste de l&rsquo;architecte. Ses couleurs douces et ses d\u00e9tails m\u00e9ticuleux en font un souvenir parfait pour les amateurs d&rsquo;architecture et d&rsquo;art catalan.<\/p>\n","protected":false},"featured_media":6857,"template":"","meta":{"_acf_changed":false},"product_brand":[],"product_cat":[540],"product_tag":[],"class_list":{"0":"post-26759","1":"product","2":"type-product","3":"status-publish","4":"has-post-thumbnail","6":"product_cat-chiffres","7":"pa_ciudad-barcelona","8":"pa_motivo-la-pedrera","9":"pa_pais-espana","11":"first","12":"instock","13":"shipping-taxable","14":"product-type-simple"},"acf":[],"_links":{"self":[{"href":"https:\/\/olemosaic.com\/fr\/wp-json\/wp\/v2\/product\/26759","targetHints":{"allow":["GET"]}}],"collection":[{"href":"https:\/\/olemosaic.com\/fr\/wp-json\/wp\/v2\/product"}],"about":[{"href":"https:\/\/olemosaic.com\/fr\/wp-json\/wp\/v2\/types\/product"}],"wp:featuredmedia":[{"embeddable":true,"href":"https:\/\/olemosaic.com\/fr\/wp-json\/wp\/v2\/media\/6857"}],"wp:attachment":[{"href":"https:\/\/olemosaic.com\/fr\/wp-json\/wp\/v2\/media?parent=26759"}],"wp:term":[{"taxonomy":"product_brand","embeddable":true,"href":"https:\/\/olemosaic.com\/fr\/wp-json\/wp\/v2\/product_brand?post=26759"},{"taxonomy":"product_cat","embeddable":true,"href":"https:\/\/olemosaic.com\/fr\/wp-json\/wp\/v2\/product_cat?post=26759"},{"taxonomy":"product_tag","embeddable":true,"href":"https:\/\/olemosaic.com\/fr\/wp-json\/wp\/v2\/product_tag?post=26759"}],"curies":[{"name":"wp","href":"https:\/\/api.w.org\/{rel}","templated":true}]}}