{"id":26757,"date":"2025-02-20T23:28:42","date_gmt":"2025-02-20T22:28:42","guid":{"rendered":"http:\/\/olemosaic.com\/producto\/bailaora-figura-de-resina-de-8-cm-pintada-a-mano\/"},"modified":"2025-07-25T18:36:27","modified_gmt":"2025-07-25T16:36:27","slug":"danseuse-flamenco-figurine-resine-8-cm-peinte-main","status":"publish","type":"product","link":"https:\/\/olemosaic.com\/fr\/produit\/danseuse-flamenco-figurine-resine-8-cm-peinte-main\/","title":{"rendered":"Danseuse de Flamenco. Figurine en mosa\u00efque de 8 cm."},"content":{"rendered":"<p>Cette figurine en r\u00e9sine de 8 cm repr\u00e9sente une danseuse de flamenco, con\u00e7ue pour capturer en d\u00e9tail l&rsquo;essence vibrante de l&rsquo;art flamenco espagnol. Chaque figurine est m\u00e9ticuleusement peinte \u00e0 la main avec un effet soign\u00e9, mettant en valeur une robe \u00e0 volants avec une explosion de couleurs \u2014 bleu, rouge et jaune \u2014 qui cr\u00e9e un contraste dynamique, reflet de la passion et du rythme de cette tradition culturelle. La danseuse tient un \u00e9ventail dans une main, symbole embl\u00e9matique du flamenco, tandis qu&rsquo;elle l\u00e8ve l&rsquo;autre, sugg\u00e9rant un mouvement \u00e9l\u00e9gant et plein de gr\u00e2ce.<\/p>\n<p>Les d\u00e9tails floraux dans sa coiffure ajoutent une touche d&rsquo;authenticit\u00e9, \u00e9voquant les traditions andalouses qui c\u00e9l\u00e8brent la beaut\u00e9 et le folklore r\u00e9gional. Ce souvenir n&rsquo;est pas seulement une repr\u00e9sentation artistique, mais aussi un rappel de la riche culture espagnole, id\u00e9al pour ceux qui ont appr\u00e9ci\u00e9 la danse et la musique flamenco ou souhaitent simplement ramener un morceau d&rsquo;Espagne chez eux.<\/p>\n<p>Pour les amateurs de souvenirs authentiques, cette figurine de danseuse est un choix parfait. Chez Ol\u00e9 Mosaic, nous sommes distributeurs de souvenirs de flamenco en gros, proposant des produits qui c\u00e9l\u00e8brent la beaut\u00e9 et l&rsquo;art de la culture espagnole, id\u00e9aux pour les boutiques de cadeaux touristiques. Cet article est le choix parfait pour ceux qui recherchent des souvenirs qui encapsulent l&rsquo;essence du folklore andalou.<\/p>\n","protected":false},"excerpt":{"rendered":"<p>Figurine de 8 cm repr\u00e9sentant une danseuse de flamenco, design artisanal, peinte \u00e0 la main, avec des couleurs vives. Cette charmante figurine capture l&rsquo;essence du flamenco espagnol, montrant la danseuse en mouvement, avec une robe \u00e0 volants dans des tons vari\u00e9s comme le bleu, le rouge et le jaune, et un \u00e9ventail \u00e0 la main. Des d\u00e9tails floraux dans la coiffure compl\u00e8tent la repr\u00e9sentation du folklore andalou, id\u00e9al pour les amoureux de la culture espagnole.<\/p>\n","protected":false},"featured_media":6132,"template":"","meta":{"_acf_changed":false},"product_brand":[],"product_cat":[540],"product_tag":[],"class_list":{"0":"post-26757","1":"product","2":"type-product","3":"status-publish","4":"has-post-thumbnail","6":"product_cat-chiffres","7":"pa_motivo-danseurs","9":"first","10":"instock","11":"shipping-taxable","12":"product-type-simple"},"acf":[],"_links":{"self":[{"href":"https:\/\/olemosaic.com\/fr\/wp-json\/wp\/v2\/product\/26757","targetHints":{"allow":["GET"]}}],"collection":[{"href":"https:\/\/olemosaic.com\/fr\/wp-json\/wp\/v2\/product"}],"about":[{"href":"https:\/\/olemosaic.com\/fr\/wp-json\/wp\/v2\/types\/product"}],"wp:featuredmedia":[{"embeddable":true,"href":"https:\/\/olemosaic.com\/fr\/wp-json\/wp\/v2\/media\/6132"}],"wp:attachment":[{"href":"https:\/\/olemosaic.com\/fr\/wp-json\/wp\/v2\/media?parent=26757"}],"wp:term":[{"taxonomy":"product_brand","embeddable":true,"href":"https:\/\/olemosaic.com\/fr\/wp-json\/wp\/v2\/product_brand?post=26757"},{"taxonomy":"product_cat","embeddable":true,"href":"https:\/\/olemosaic.com\/fr\/wp-json\/wp\/v2\/product_cat?post=26757"},{"taxonomy":"product_tag","embeddable":true,"href":"https:\/\/olemosaic.com\/fr\/wp-json\/wp\/v2\/product_tag?post=26757"}],"curies":[{"name":"wp","href":"https:\/\/api.w.org\/{rel}","templated":true}]}}