{"id":26756,"date":"2025-02-20T23:28:42","date_gmt":"2025-02-20T22:28:42","guid":{"rendered":"http:\/\/olemosaic.com\/producto\/bailaora-figura-de-resina-de-8-cm-rojo-blanco-pintada-a-mano\/"},"modified":"2025-07-25T18:48:50","modified_gmt":"2025-07-25T16:48:50","slug":"danseuse-flamenco-figurine-resine-8-cm-rouge-blanc-peinte-main","status":"publish","type":"product","link":"https:\/\/olemosaic.com\/fr\/produit\/danseuse-flamenco-figurine-resine-8-cm-rouge-blanc-peinte-main\/","title":{"rendered":"Danseuse de Flamenco. Figurine en mosa\u00efque de 8 cm. Rouge \/ blanc."},"content":{"rendered":"<p>Cette figurine en r\u00e9sine de 8 cm, repr\u00e9sentant une danseuse de flamenco, est un v\u00e9ritable joyau de l&rsquo;art andalou, id\u00e9al pour ceux qui souhaitent emporter un petit morceau de la culture espagnole. Avec son \u00e9l\u00e9gante robe \u00e0 pois rouges et blancs qui tombe avec gr\u00e2ce jusqu&rsquo;au sol, la danseuse se distingue par ses volants, qui \u00e9voquent le dynamisme de la danse flamenco. Chaque figurine est m\u00e9ticuleusement \u00e9labor\u00e9e avec un effet peint \u00e0 la main, garantissant sa singularit\u00e9 et son authenticit\u00e9. Dans l&rsquo;une de ses mains, elle tient un \u00e9ventail color\u00e9, tandis qu&rsquo;avec l&rsquo;autre, elle l\u00e8ve la main dans un geste plein de vie, capturant l&rsquo;essence vibrante du flamenco et sa profonde connexion avec la tradition andalouse.<\/p>\n<p>Ce souvenir est un merveilleux rappel de la passion et de la joie qui caract\u00e9risent le flamenco, une manifestation culturelle inscrite sur la liste du patrimoine culturel immat\u00e9riel de l&rsquo;humanit\u00e9. Son design attrayant et le soin apport\u00e9 aux d\u00e9tails, comme la peinture des cheveux et l&rsquo;expression radieuse de son visage, en font un excellent cadeau pour les touristes qui souhaitent se souvenir de leur visite en Espagne. Chez Ol\u00e9 Mosaic, nous sommes experts dans la distribution de souvenirs culturels en gros et cette figurine repr\u00e9sente l&rsquo;h\u00e9ritage artistique de l&rsquo;Andalousie, id\u00e9ale pour les boutiques de cadeaux touristiques cherchant \u00e0 proposer des produits authentiques et significatifs. Devenez distributeur de cette magnifique figurine de danseuse et offrez \u00e0 vos clients une repr\u00e9sentation essentielle du folklore espagnol.<\/p>\n","protected":false},"excerpt":{"rendered":"<p>Figurine de 8 cm repr\u00e9sentant une danseuse de flamenco, \u00e9labor\u00e9e avec un design artisanal, peinte \u00e0 la main, dans des tons rouges et blancs. La figurine se distingue par son \u00e9l\u00e9gante robe \u00e0 pois qui descend jusqu&rsquo;au sol, orn\u00e9e de volants qui lui donnent du dynamisme. La danseuse tient un \u00e9ventail color\u00e9 dans une main, tout en levant l&rsquo;autre avec gr\u00e2ce, capturant l&rsquo;esprit vibrant de la danse flamenco typique de l&rsquo;Andalousie. Un souvenir parfait de la culture espagnole.<\/p>\n","protected":false},"featured_media":6130,"template":"","meta":{"_acf_changed":false},"product_brand":[],"product_cat":[540],"product_tag":[],"class_list":{"0":"post-26756","1":"product","2":"type-product","3":"status-publish","4":"has-post-thumbnail","6":"product_cat-chiffres","7":"pa_motivo-danseurs","9":"first","10":"instock","11":"shipping-taxable","12":"product-type-simple"},"acf":[],"_links":{"self":[{"href":"https:\/\/olemosaic.com\/fr\/wp-json\/wp\/v2\/product\/26756","targetHints":{"allow":["GET"]}}],"collection":[{"href":"https:\/\/olemosaic.com\/fr\/wp-json\/wp\/v2\/product"}],"about":[{"href":"https:\/\/olemosaic.com\/fr\/wp-json\/wp\/v2\/types\/product"}],"wp:featuredmedia":[{"embeddable":true,"href":"https:\/\/olemosaic.com\/fr\/wp-json\/wp\/v2\/media\/6130"}],"wp:attachment":[{"href":"https:\/\/olemosaic.com\/fr\/wp-json\/wp\/v2\/media?parent=26756"}],"wp:term":[{"taxonomy":"product_brand","embeddable":true,"href":"https:\/\/olemosaic.com\/fr\/wp-json\/wp\/v2\/product_brand?post=26756"},{"taxonomy":"product_cat","embeddable":true,"href":"https:\/\/olemosaic.com\/fr\/wp-json\/wp\/v2\/product_cat?post=26756"},{"taxonomy":"product_tag","embeddable":true,"href":"https:\/\/olemosaic.com\/fr\/wp-json\/wp\/v2\/product_tag?post=26756"}],"curies":[{"name":"wp","href":"https:\/\/api.w.org\/{rel}","templated":true}]}}