{"id":26755,"date":"2025-02-20T23:28:41","date_gmt":"2025-02-20T22:28:41","guid":{"rendered":"http:\/\/olemosaic.com\/producto\/parc-guell-figura-de-resina-de-8-cm-pintada-a-mano\/"},"modified":"2025-07-25T19:07:21","modified_gmt":"2025-07-25T17:07:21","slug":"parc-guell-figurine-resine-8-cm-peinte-main","status":"publish","type":"product","link":"https:\/\/olemosaic.com\/fr\/produit\/parc-guell-figurine-resine-8-cm-peinte-main\/","title":{"rendered":"\u00c9l\u00e9phant. Figurine en mosa\u00efque de 7,5 cm."},"content":{"rendered":"<p>Cette figurine en r\u00e9sine de 8 cm est un charmant souvenir qui capture l&rsquo;essence du c\u00e9l\u00e8bre Park G\u00fcell de Barcelone, un chef-d&rsquo;\u0153uvre de l&rsquo;architecte Antoni Gaud\u00ed. Chaque pi\u00e8ce semble \u00eatre peinte \u00e0 la main, ce qui garantit que chaque figurine est unique, avec des textures et des nuances qui refl\u00e8tent l&rsquo;esth\u00e9tique vibrante du modernisme catalan. La figurine repr\u00e9sente l&rsquo;une des fa\u00e7ades les plus embl\u00e9matiques du parc, orn\u00e9e de carreaux color\u00e9s qui brillent dans des tons de bleu, rouge et jaune, cr\u00e9ant un effet visuel qui \u00e9voque la cr\u00e9ativit\u00e9 d\u00e9bordante de Gaud\u00ed. Les fen\u00eatres distinctives et son toit curviligne embl\u00e9matique, d\u00e9cor\u00e9 de mosa\u00efques, ajoutent des d\u00e9tails qui sont un v\u00e9ritable d\u00e9lice pour les amateurs d&rsquo;architecture. De plus, elle dispose d&rsquo;une base solide incluant l&rsquo;inscription \u00ab\u00a0PARK G\u00dcELL\u00a0\u00bb, ce qui en fait un souvenir significatif de l&rsquo;une des attractions les plus visit\u00e9es de Barcelone. Ce souvenir est id\u00e9al pour les touristes qui souhaitent emporter un morceau de la culture et de l&rsquo;art catalan, ce qui en fait une excellente option pour les boutiques de cadeaux touristiques. Chez Ol\u00e9 Mosaic, nous nous sp\u00e9cialisons dans la distribution de souvenirs authentiques en gros, et cette figurine du Park G\u00fcell est un symbole parfait du riche h\u00e9ritage culturel de l&rsquo;Espagne, qui r\u00e9sonnera aupr\u00e8s de ceux qui cherchent \u00e0 pr\u00e9server leurs souvenirs de voyage.<\/p>\n","protected":false},"excerpt":{"rendered":"<p>Figurine de 8 cm inspir\u00e9e de la c\u00e9l\u00e8bre entr\u00e9e du Park G\u00fcell \u00e0 Barcelone. Cette pi\u00e8ce, au design artisanal et peinte \u00e0 la main, se distingue par ses textures d\u00e9taill\u00e9es qui refl\u00e8tent l&rsquo;\u0153uvre d&rsquo;Antoni Gaud\u00ed. La figurine montre une fa\u00e7ade avec des carreaux color\u00e9s et des fen\u00eatres caract\u00e9ristiques, cr\u00e9ant un effet vibrant. Avec sa base ferme et l&rsquo;inscription \u00ab\u00a0PARK G\u00dcELL\u00a0\u00bb, c&rsquo;est un charmant souvenir qui capture l&rsquo;essence du modernisme catalan et son style singulier.<\/p>\n","protected":false},"featured_media":6858,"template":"","meta":{"_acf_changed":false},"product_brand":[],"product_cat":[540],"product_tag":[],"class_list":{"0":"post-26755","1":"product","2":"type-product","3":"status-publish","4":"has-post-thumbnail","6":"product_cat-chiffres","7":"pa_ciudad-barcelona","8":"pa_motivo-parc-guell","9":"pa_pais-espana","11":"first","12":"instock","13":"shipping-taxable","14":"product-type-simple"},"acf":[],"_links":{"self":[{"href":"https:\/\/olemosaic.com\/fr\/wp-json\/wp\/v2\/product\/26755","targetHints":{"allow":["GET"]}}],"collection":[{"href":"https:\/\/olemosaic.com\/fr\/wp-json\/wp\/v2\/product"}],"about":[{"href":"https:\/\/olemosaic.com\/fr\/wp-json\/wp\/v2\/types\/product"}],"wp:featuredmedia":[{"embeddable":true,"href":"https:\/\/olemosaic.com\/fr\/wp-json\/wp\/v2\/media\/6858"}],"wp:attachment":[{"href":"https:\/\/olemosaic.com\/fr\/wp-json\/wp\/v2\/media?parent=26755"}],"wp:term":[{"taxonomy":"product_brand","embeddable":true,"href":"https:\/\/olemosaic.com\/fr\/wp-json\/wp\/v2\/product_brand?post=26755"},{"taxonomy":"product_cat","embeddable":true,"href":"https:\/\/olemosaic.com\/fr\/wp-json\/wp\/v2\/product_cat?post=26755"},{"taxonomy":"product_tag","embeddable":true,"href":"https:\/\/olemosaic.com\/fr\/wp-json\/wp\/v2\/product_tag?post=26755"}],"curies":[{"name":"wp","href":"https:\/\/api.w.org\/{rel}","templated":true}]}}