{"id":26754,"date":"2025-02-20T23:28:41","date_gmt":"2025-02-20T22:28:41","guid":{"rendered":"http:\/\/olemosaic.com\/producto\/bailaora-figura-de-resina-de-17-cm-pintada-a-mano\/"},"modified":"2025-07-25T18:48:50","modified_gmt":"2025-07-25T16:48:50","slug":"danseuse-flamenco-figurine-resine-17-cm-peinte-main","status":"publish","type":"product","link":"https:\/\/olemosaic.com\/fr\/produit\/danseuse-flamenco-figurine-resine-17-cm-peinte-main\/","title":{"rendered":"Danseuse de Flamenco. Figurine en mosa\u00efque de 17 cm."},"content":{"rendered":"<p>Cette figurine en r\u00e9sine de 17 cm, avec un effet peint \u00e0 la main, repr\u00e9sente une danseuse de flamenco, capturant l&rsquo;essence vibrante de l&rsquo;art andalou. Le design se distingue par son impressionnante robe en mosa\u00efque de couleurs \u00e9clatantes, combinant des tons intenses de rouge, bleu, vert et jaune, accentu\u00e9s par des d\u00e9tails de volants qui apportent \u00e9l\u00e9gance et mouvement \u00e0 la figurine. La danseuse tient un \u00e9ventail avec gr\u00e2ce, symbole embl\u00e9matique du flamenco, tandis que sa coiffure traditionnelle, orn\u00e9e de fleurs, renforce l&rsquo;authenticit\u00e9 culturelle de ce souvenir. Cette pi\u00e8ce n&rsquo;est pas seulement un objet d\u00e9coratif, elle \u00e9voque la passion, l&rsquo;\u00e9nergie et la fiert\u00e9 du folklore espagnol, devenant un cadeau id\u00e9al pour ceux qui appr\u00e9cient la danse flamenco.<\/p>\n<p>En tant que distributeurs de souvenirs, Ol\u00e9 Mosaic propose cette figurine comme une option exceptionnelle pour les boutiques de cadeaux touristiques, garantissant authenticit\u00e9 et qualit\u00e9. Parfaite pour ceux qui recherchent un souvenir repr\u00e9sentatif de S\u00e9ville et de sa riche tradition culturelle, cette figurine de danseuse n&#8217;embellit pas seulement n&rsquo;importe quel espace, mais raconte aussi une histoire d&rsquo;art et de passion typiquement andalouse. Ce souvenir est incontournable pour les amoureux de la culture et de l&rsquo;art espagnol, transformant chaque achat en une fa\u00e7on de ramener un petit morceau d&rsquo;Andalousie \u00e0 la maison.<\/p>\n","protected":false},"excerpt":{"rendered":"<p>Figurine de 17 cm au design artisanal, peinte \u00e0 la main, repr\u00e9sentant une danseuse de flamenco. Avec une robe vibrante aux couleurs mosa\u00efque et des d\u00e9tails de volants, cette pi\u00e8ce capture l&rsquo;essence de l&rsquo;art andalou. La danseuse tient un \u00e9ventail et arbore une coiffure traditionnelle orn\u00e9e de fleurs. Id\u00e9al pour les amateurs de folklore espagnol, cet objet artistique \u00e9voque la passion et le mouvement de la danse flamenco, offrant une d\u00e9coration unique et culturelle.<\/p>\n","protected":false},"featured_media":6120,"template":"","meta":{"_acf_changed":false},"product_brand":[],"product_cat":[540],"product_tag":[],"class_list":{"0":"post-26754","1":"product","2":"type-product","3":"status-publish","4":"has-post-thumbnail","6":"product_cat-chiffres","7":"pa_motivo-danseurs","9":"first","10":"instock","11":"shipping-taxable","12":"product-type-simple"},"acf":[],"_links":{"self":[{"href":"https:\/\/olemosaic.com\/fr\/wp-json\/wp\/v2\/product\/26754","targetHints":{"allow":["GET"]}}],"collection":[{"href":"https:\/\/olemosaic.com\/fr\/wp-json\/wp\/v2\/product"}],"about":[{"href":"https:\/\/olemosaic.com\/fr\/wp-json\/wp\/v2\/types\/product"}],"wp:featuredmedia":[{"embeddable":true,"href":"https:\/\/olemosaic.com\/fr\/wp-json\/wp\/v2\/media\/6120"}],"wp:attachment":[{"href":"https:\/\/olemosaic.com\/fr\/wp-json\/wp\/v2\/media?parent=26754"}],"wp:term":[{"taxonomy":"product_brand","embeddable":true,"href":"https:\/\/olemosaic.com\/fr\/wp-json\/wp\/v2\/product_brand?post=26754"},{"taxonomy":"product_cat","embeddable":true,"href":"https:\/\/olemosaic.com\/fr\/wp-json\/wp\/v2\/product_cat?post=26754"},{"taxonomy":"product_tag","embeddable":true,"href":"https:\/\/olemosaic.com\/fr\/wp-json\/wp\/v2\/product_tag?post=26754"}],"curies":[{"name":"wp","href":"https:\/\/api.w.org\/{rel}","templated":true}]}}