{"id":26753,"date":"2025-02-20T23:28:41","date_gmt":"2025-02-20T22:28:41","guid":{"rendered":"http:\/\/olemosaic.com\/producto\/bailaora-figura-de-resina-de-10-cm-pintada-a-mano\/"},"modified":"2025-07-25T18:48:52","modified_gmt":"2025-07-25T16:48:52","slug":"danseuse-flamenco-figurine-resine-10-cm-peinte-main","status":"publish","type":"product","link":"https:\/\/olemosaic.com\/fr\/produit\/danseuse-flamenco-figurine-resine-10-cm-peinte-main\/","title":{"rendered":"Danseuse de Flamenco. Figurine en mosa\u00efque de 10 cm."},"content":{"rendered":"<p>Cette figurine en r\u00e9sine de 10 cm repr\u00e9sente une danseuse de flamenco, une ic\u00f4ne de la culture andalouse. Peinte \u00e0 la main, chaque d\u00e9tail r\u00e9v\u00e8le la ma\u00eetrise artisanale employ\u00e9e dans sa cr\u00e9ation. La danseuse adopte une pose dynamique, avec un \u00e9ventail \u00e0 la main, sugg\u00e9rant le mouvement et la passion du flamenco. Sa robe \u00e0 volants, d\u00e9cor\u00e9e d&rsquo;une mosa\u00efque vibrante de couleurs rouge, vert, bleu et jaune, capture l&rsquo;essence du folklore andalou.<\/p>\n<p>La caract\u00e9risation de la figurine est exceptionnelle, soulignant non seulement ses v\u00eatements color\u00e9s, mais aussi les d\u00e9tails artistiques de son visage et de ses mains, qui refl\u00e8tent la joie et l&rsquo;esprit de la danse traditionnelle. Avec les cheveux relev\u00e9s et des fleurs sur la t\u00eate, ce souvenir est une repr\u00e9sentation authentique des danseuses qui enchantent le public dans les tavernes et les festivals de S\u00e9ville et d&rsquo;autres villes espagnoles.<\/p>\n<p>Cette figurine est le souvenir parfait pour ceux qui souhaitent ramener un morceau de la culture espagnole chez eux. Chez Ol\u00e9 Mosaic, en tant que grossiste de souvenirs, nous proposons des produits qui c\u00e9l\u00e8brent le riche h\u00e9ritage culturel de l&rsquo;Espagne. Cette danseuse de flamenco n&rsquo;est pas seulement un souvenir visuel, mais aussi une pi\u00e8ce qui \u00e9voque des \u00e9motions et des traditions, devenant une excellente id\u00e9e pour les touristes et les boutiques de cadeaux touristiques cherchant \u00e0 proposer des articles authentiques et repr\u00e9sentatifs de la culture espagnole.<\/p>\n","protected":false},"excerpt":{"rendered":"<p>Figurine de 10 cm repr\u00e9sentant une danseuse de flamenco, design artisanal, peinte \u00e0 la main, avec des couleurs vives et des d\u00e9tails artistiques. La figurine montre la danseuse dans une pose dynamique, avec un \u00e9ventail \u00e0 la main et une robe \u00e0 volants au design en mosa\u00efque. Les tons vibrants de rouge, vert, bleu et jaune capturent l&rsquo;essence du folklore andalou, en faisant un beau souvenir de la culture espagnole.<\/p>\n","protected":false},"featured_media":6128,"template":"","meta":{"_acf_changed":false},"product_brand":[],"product_cat":[540],"product_tag":[],"class_list":{"0":"post-26753","1":"product","2":"type-product","3":"status-publish","4":"has-post-thumbnail","6":"product_cat-chiffres","7":"pa_motivo-danseurs","9":"first","10":"instock","11":"shipping-taxable","12":"product-type-simple"},"acf":[],"_links":{"self":[{"href":"https:\/\/olemosaic.com\/fr\/wp-json\/wp\/v2\/product\/26753","targetHints":{"allow":["GET"]}}],"collection":[{"href":"https:\/\/olemosaic.com\/fr\/wp-json\/wp\/v2\/product"}],"about":[{"href":"https:\/\/olemosaic.com\/fr\/wp-json\/wp\/v2\/types\/product"}],"wp:featuredmedia":[{"embeddable":true,"href":"https:\/\/olemosaic.com\/fr\/wp-json\/wp\/v2\/media\/6128"}],"wp:attachment":[{"href":"https:\/\/olemosaic.com\/fr\/wp-json\/wp\/v2\/media?parent=26753"}],"wp:term":[{"taxonomy":"product_brand","embeddable":true,"href":"https:\/\/olemosaic.com\/fr\/wp-json\/wp\/v2\/product_brand?post=26753"},{"taxonomy":"product_cat","embeddable":true,"href":"https:\/\/olemosaic.com\/fr\/wp-json\/wp\/v2\/product_cat?post=26753"},{"taxonomy":"product_tag","embeddable":true,"href":"https:\/\/olemosaic.com\/fr\/wp-json\/wp\/v2\/product_tag?post=26753"}],"curies":[{"name":"wp","href":"https:\/\/api.w.org\/{rel}","templated":true}]}}