{"id":26752,"date":"2025-02-20T23:28:41","date_gmt":"2025-02-20T22:28:41","guid":{"rendered":"http:\/\/olemosaic.com\/producto\/rana-figura-de-resina-de-8-cm-pintada-a-mano\/"},"modified":"2025-07-25T18:54:13","modified_gmt":"2025-07-25T16:54:13","slug":"grenouille-figurine-resine-8-cm-peinte-a-la-main","status":"publish","type":"product","link":"https:\/\/olemosaic.com\/fr\/produit\/grenouille-figurine-resine-8-cm-peinte-a-la-main\/","title":{"rendered":"Grenouille. Figurine en mosa\u00efque de 8 cm."},"content":{"rendered":"<p>Cette figurine de grenouille en r\u00e9sine \u00e0 effet peint \u00e0 la main est un exemple vibrant de l&rsquo;art traditionnel espagnol, parfaite pour ceux qui recherchent un souvenir unique et repr\u00e9sentatif. Avec ses 8 cm de hauteur, cette sculpture color\u00e9e se distingue par son style mosa\u00efque, qui capture l&rsquo;essence du folklore espagnol. Les tons intenses de rouge, vert, jaune et bleu s&rsquo;entrelacent sur sa surface, cr\u00e9ant un effet captivant qui \u00e9voquera des sourires et des souvenirs \u00e0 chaque fois qu&rsquo;on l&rsquo;admire. Les d\u00e9tails m\u00e9ticuleux, tels que les contours bien d\u00e9finis et les yeux expressifs, apportent une finition unique qui souligne le savoir-faire artisanal de nos artistes.<\/p>\n<p>Ce type de figurine n&rsquo;est pas seulement un bel \u00e9l\u00e9ment d\u00e9coratif adapt\u00e9 \u00e0 n&rsquo;importe quel espace, mais il symbolise \u00e9galement la riche tradition culturelle espagnole, o\u00f9 les grenouilles sont souvent associ\u00e9es \u00e0 la chance et \u00e0 la prosp\u00e9rit\u00e9. Id\u00e9ale comme cadeau ou souvenir, cette grenouille en mosa\u00efque est une excellente option pour les touristes souhaitant emporter un fragment authentique de la culture espagnole. Chez Ol\u00e9 Mosaic, en tant que distributeurs de souvenirs en gros, nous proposons cette figurine comme une excellente option pour les boutiques de cadeaux touristiques \u00e0 la recherche de produits authentiques et de qualit\u00e9.<\/p>\n","protected":false},"excerpt":{"rendered":"<p>Figurine de grenouille, design artisanal, peinte \u00e0 la main, avec un design vibrant en mosa\u00efque qui capture l&rsquo;essence de l&rsquo;art traditionnel espagnol. D&rsquo;une hauteur de 8 cm, cette sculpture color\u00e9e pr\u00e9sente une vari\u00e9t\u00e9 de tons, tels que le rouge, le vert, le jaune et le bleu, \u00e9voquant la joie du folklore. Chaque d\u00e9tail est minutieusement travaill\u00e9 pour offrir une finition unique et attrayante, ce qui en fait un excellent souvenir de la culture espagnole, id\u00e9al pour d\u00e9corer n&rsquo;importe quel espace.<\/p>\n","protected":false},"featured_media":6292,"template":"","meta":{"_acf_changed":false},"product_brand":[],"product_cat":[540],"product_tag":[530],"class_list":{"0":"post-26752","1":"product","2":"type-product","3":"status-publish","4":"has-post-thumbnail","6":"product_cat-chiffres","7":"product_tag-animaux","8":"pa_motivo-grenouilles","10":"first","11":"instock","12":"shipping-taxable","13":"product-type-simple"},"acf":[],"_links":{"self":[{"href":"https:\/\/olemosaic.com\/fr\/wp-json\/wp\/v2\/product\/26752","targetHints":{"allow":["GET"]}}],"collection":[{"href":"https:\/\/olemosaic.com\/fr\/wp-json\/wp\/v2\/product"}],"about":[{"href":"https:\/\/olemosaic.com\/fr\/wp-json\/wp\/v2\/types\/product"}],"wp:featuredmedia":[{"embeddable":true,"href":"https:\/\/olemosaic.com\/fr\/wp-json\/wp\/v2\/media\/6292"}],"wp:attachment":[{"href":"https:\/\/olemosaic.com\/fr\/wp-json\/wp\/v2\/media?parent=26752"}],"wp:term":[{"taxonomy":"product_brand","embeddable":true,"href":"https:\/\/olemosaic.com\/fr\/wp-json\/wp\/v2\/product_brand?post=26752"},{"taxonomy":"product_cat","embeddable":true,"href":"https:\/\/olemosaic.com\/fr\/wp-json\/wp\/v2\/product_cat?post=26752"},{"taxonomy":"product_tag","embeddable":true,"href":"https:\/\/olemosaic.com\/fr\/wp-json\/wp\/v2\/product_tag?post=26752"}],"curies":[{"name":"wp","href":"https:\/\/api.w.org\/{rel}","templated":true}]}}