{"id":26751,"date":"2025-02-20T23:28:41","date_gmt":"2025-02-20T22:28:41","guid":{"rendered":"http:\/\/olemosaic.com\/producto\/pulpo-figura-de-resina-de-95-cm-pintada-a-mano\/"},"modified":"2025-07-25T18:47:16","modified_gmt":"2025-07-25T16:47:16","slug":"poulpe-figurine-resine-9-5-cm-peint-a-la-main","status":"publish","type":"product","link":"https:\/\/olemosaic.com\/fr\/produit\/poulpe-figurine-resine-9-5-cm-peint-a-la-main\/","title":{"rendered":"Poulpe. Figurine en mosa\u00efque de 9,5 cm."},"content":{"rendered":"<p>Cette figurine de poulpe en r\u00e9sine de 9,5 cm est un souvenir charmant qui capture l&rsquo;essence vibrante du folklore marin espagnol. Peint \u00e0 la main avec des couleurs vives, chaque poulpe pr\u00e9sente une finition brillante qui refl\u00e8te la luminosit\u00e9 de l&rsquo;oc\u00e9an. Des mosa\u00efques dans les tons rouges, bleus, verts et jaunes ornent la figurine, cr\u00e9ant un effet visuel dynamique qui \u00e9voque la richesse de la vie marine.<\/p>\n<p>Les tentacules du poulpe sont d\u00e9cor\u00e9s de points d\u00e9licats, qui ajoutent une touche distinctive et rehaussent son caract\u00e8re unique. Cette repr\u00e9sentation artistique ne se distingue pas seulement par son attrait visuel, mais aussi par son lien culturel avec les traditions maritimes des r\u00e9gions c\u00f4ti\u00e8res d&rsquo;Espagne, o\u00f9 le poulpe est un symbole de la gastronomie et de la culture locale.<\/p>\n<p>En tant que souvenir, cette figurine de poulpe est id\u00e9ale pour se rem\u00e9morer un voyage sur les c\u00f4tes espagnoles, et elle devient \u00e9galement un bel objet de d\u00e9coration qui apportera couleur et vie \u00e0 n&rsquo;importe quel espace. Chez Ol\u00e9 Mosaic, nous nous sp\u00e9cialisons dans la distribution de souvenirs en gros, garantissant des produits authentiques qui repr\u00e9sentent la richesse culturelle de l&rsquo;Espagne. Cette figurine est une excellente option pour les boutiques de cadeaux touristiques qui cherchent \u00e0 offrir des souvenirs m\u00e9morables et authentiques de la tradition maritime espagnole.<\/p>\n","protected":false},"excerpt":{"rendered":"<p>Figurine de poulpe de 9,5 cm, design artisanal, peinte \u00e0 la main, avec des couleurs vives qui refl\u00e8tent le folklore marin espagnol vibrant. Ce design artistique pr\u00e9sente une finition brillante et des mosa\u00efques d\u00e9taill\u00e9es dans les tons rouges, bleus, verts et jaunes, capturant l&rsquo;essence de l&rsquo;oc\u00e9an. Chaque tentacule est d\u00e9cor\u00e9 de points qui ajoutent une touche distinctive. Id\u00e9ale comme souvenir ou \u00e9l\u00e9ment d\u00e9coratif, cette figurine souligne la richesse culturelle et maritime de la r\u00e9gion.<\/p>\n","protected":false},"featured_media":11070,"template":"","meta":{"_acf_changed":false},"product_brand":[],"product_cat":[540],"product_tag":[530],"class_list":{"0":"post-26751","1":"product","2":"type-product","3":"status-publish","4":"has-post-thumbnail","6":"product_cat-chiffres","7":"product_tag-animaux","8":"pa_motivo-poulpes","10":"first","11":"instock","12":"shipping-taxable","13":"product-type-simple"},"acf":[],"_links":{"self":[{"href":"https:\/\/olemosaic.com\/fr\/wp-json\/wp\/v2\/product\/26751","targetHints":{"allow":["GET"]}}],"collection":[{"href":"https:\/\/olemosaic.com\/fr\/wp-json\/wp\/v2\/product"}],"about":[{"href":"https:\/\/olemosaic.com\/fr\/wp-json\/wp\/v2\/types\/product"}],"wp:featuredmedia":[{"embeddable":true,"href":"https:\/\/olemosaic.com\/fr\/wp-json\/wp\/v2\/media\/11070"}],"wp:attachment":[{"href":"https:\/\/olemosaic.com\/fr\/wp-json\/wp\/v2\/media?parent=26751"}],"wp:term":[{"taxonomy":"product_brand","embeddable":true,"href":"https:\/\/olemosaic.com\/fr\/wp-json\/wp\/v2\/product_brand?post=26751"},{"taxonomy":"product_cat","embeddable":true,"href":"https:\/\/olemosaic.com\/fr\/wp-json\/wp\/v2\/product_cat?post=26751"},{"taxonomy":"product_tag","embeddable":true,"href":"https:\/\/olemosaic.com\/fr\/wp-json\/wp\/v2\/product_tag?post=26751"}],"curies":[{"name":"wp","href":"https:\/\/api.w.org\/{rel}","templated":true}]}}