{"id":26750,"date":"2025-02-20T23:28:41","date_gmt":"2025-02-20T22:28:41","guid":{"rendered":"http:\/\/olemosaic.com\/producto\/mariposa-figura-de-resina-de-12-cm-rojo-pintada-a-mano\/"},"modified":"2025-07-25T19:42:45","modified_gmt":"2025-07-25T17:42:45","slug":"papillon-figurine-resine-12-cm-rouge-peint-a-la-main","status":"publish","type":"product","link":"https:\/\/olemosaic.com\/fr\/produit\/papillon-figurine-resine-12-cm-rouge-peint-a-la-main\/","title":{"rendered":"Papillon. Figurine en mosa\u00efque de 12 cm. Rouge."},"content":{"rendered":"<p>Cette figurine de papillon en r\u00e9sine est un v\u00e9ritable cadeau qui capture l&rsquo;essence de l&rsquo;art et de la nature. Avec ses 12 cm de hauteur, cet adorable ornement se distingue par son design vibrant dans les tons rouges et orang\u00e9s, avec de magnifiques motifs alaires simulant des mosa\u00efques, ce qui lui conf\u00e8re un aspect distinctif et attrayant. Chaque figurine semble \u00eatre peinte \u00e0 la main, ce qui garantit que chaque pi\u00e8ce est unique et exclusive, avec une attention m\u00e9ticuleuse port\u00e9e aux d\u00e9tails artistiques qui rehaussent sa beaut\u00e9.<\/p>\n<p>Le papillon pr\u00e9sente une silhouette d\u00e9licate qui, accompagn\u00e9e de ses yeux jaunes et de ses nuances noires, \u00e9voque la magie des insectes dans leur habitat naturel, apportant un air frais et color\u00e9 \u00e0 n&rsquo;importe quel environnement. Ce souvenir n&rsquo;est pas seulement id\u00e9al pour d\u00e9corer les espaces int\u00e9rieurs, il symbolise \u00e9galement la transformation et la libert\u00e9, des concepts profond\u00e9ment ancr\u00e9s dans la culture m\u00e9diterran\u00e9enne. Sa pertinence culturelle en tant que souvenir repr\u00e9sente l&rsquo;appr\u00e9ciation de la beaut\u00e9 naturelle et de l&rsquo;artisanat local, ce qui en fait un souvenir pr\u00e9cieux pour les visiteurs de l&rsquo;Espagne ou du Portugal.<\/p>\n<p>Chez Ol\u00e9 Mosaic, nous sommes distributeurs de souvenirs en gros et nous pensons que cette figurine de papillon, authentique et artisanale, est une excellente option pour les boutiques de cadeaux touristiques qui cherchent \u00e0 offrir des produits de qualit\u00e9 et porteurs de sens. Les souvenirs de papillons sont parfaits pour ceux qui souhaitent emporter un petit morceau de la culture m\u00e9diterran\u00e9enne chez eux.<\/p>\n","protected":false},"excerpt":{"rendered":"<p>Figurine de papillon, design artisanal, peinte \u00e0 la main, de 12 cm et avec un design vibrant dans les tons rouges et orang\u00e9s. Cet ornement se distingue par son travail artistique d\u00e9taill\u00e9, avec un motif d&rsquo;ailes simulant des mosa\u00efques et une silhouette d\u00e9licate, id\u00e9ale pour d\u00e9corer n&rsquo;importe quel espace avec une touche de couleur. Le papillon, avec ses yeux jaunes et ses nuances de noir, \u00e9voque la beaut\u00e9 de la nature et apporte un air frais et distinctif \u00e0 n&rsquo;importe quel environnement.<\/p>\n","protected":false},"featured_media":11067,"template":"","meta":{"_acf_changed":false},"product_brand":[],"product_cat":[540],"product_tag":[530],"class_list":{"0":"post-26750","1":"product","2":"type-product","3":"status-publish","4":"has-post-thumbnail","6":"product_cat-chiffres","7":"product_tag-animaux","8":"pa_motivo-papillons","10":"first","11":"instock","12":"shipping-taxable","13":"product-type-simple"},"acf":[],"_links":{"self":[{"href":"https:\/\/olemosaic.com\/fr\/wp-json\/wp\/v2\/product\/26750","targetHints":{"allow":["GET"]}}],"collection":[{"href":"https:\/\/olemosaic.com\/fr\/wp-json\/wp\/v2\/product"}],"about":[{"href":"https:\/\/olemosaic.com\/fr\/wp-json\/wp\/v2\/types\/product"}],"wp:featuredmedia":[{"embeddable":true,"href":"https:\/\/olemosaic.com\/fr\/wp-json\/wp\/v2\/media\/11067"}],"wp:attachment":[{"href":"https:\/\/olemosaic.com\/fr\/wp-json\/wp\/v2\/media?parent=26750"}],"wp:term":[{"taxonomy":"product_brand","embeddable":true,"href":"https:\/\/olemosaic.com\/fr\/wp-json\/wp\/v2\/product_brand?post=26750"},{"taxonomy":"product_cat","embeddable":true,"href":"https:\/\/olemosaic.com\/fr\/wp-json\/wp\/v2\/product_cat?post=26750"},{"taxonomy":"product_tag","embeddable":true,"href":"https:\/\/olemosaic.com\/fr\/wp-json\/wp\/v2\/product_tag?post=26750"}],"curies":[{"name":"wp","href":"https:\/\/api.w.org\/{rel}","templated":true}]}}