{"id":26749,"date":"2025-02-20T23:28:41","date_gmt":"2025-02-20T22:28:41","guid":{"rendered":"http:\/\/olemosaic.com\/producto\/hormiga-figura-de-resina-de-105-cm-pintada-a-mano\/"},"modified":"2025-07-25T18:43:34","modified_gmt":"2025-07-25T16:43:34","slug":"fourmi-figurine-resine-10-5-cm-peinte-a-la-main","status":"publish","type":"product","link":"https:\/\/olemosaic.com\/fr\/produit\/fourmi-figurine-resine-10-5-cm-peinte-a-la-main\/","title":{"rendered":"Fourmi. Figurine en mosa\u00efque de 10,5 cm."},"content":{"rendered":"<p>Cette figurine de fourmi en r\u00e9sine \u00e0 effet peint \u00e0 la main est un souvenir charmant et color\u00e9 qui capture l&rsquo;essence de l&rsquo;art populaire espagnol. Avec ses 10,5 cm de hauteur, ce design original se distingue par sa combinaison vibrante de couleurs, incluant des bleus, des verts et des jaunes, qui cr\u00e9ent un aspect ludique et vivant, parfait pour \u00e9gayer n&rsquo;importe quel recoin. Les yeux sombres de la fourmi apportent une touche charmante, tandis que les antennes et les pattes m\u00e9talliques offrent un contraste attrayant qui accentue son caract\u00e8re artistique.<\/p>\n<p>Cette figurine n&rsquo;est pas seulement un objet d\u00e9coratif, mais aussi un symbole du folklore et de la tradition artisanale de l&rsquo;Espagne, o\u00f9 l&rsquo;attention port\u00e9e aux d\u00e9tails et l&rsquo;habilet\u00e9 manuelle sont essentielles. Chaque pi\u00e8ce est \u00e9labor\u00e9e avec des techniques qui refl\u00e8tent un h\u00e9ritage culturel, ce qui en fait un souvenir authentique et repr\u00e9sentatif du pays. Id\u00e9ale comme cadeau ou pour faire partie d&rsquo;une collection, cette fourmi en r\u00e9sine est un excellent souvenir qui attirera les touristes \u00e0 la recherche de souvenirs uniques. Chez Ol\u00e9 Mosaic, en tant que grossistes d&rsquo;articles artisanaux, nous proposons cette figurine et d&rsquo;autres souvenirs de qualit\u00e9 qui c\u00e9l\u00e8brent la riche diversit\u00e9 du patrimoine espagnol, parfaits pour les boutiques de cadeaux touristiques souhaitant proposer des produits distinctifs et authentiques.<\/p>\n","protected":false},"excerpt":{"rendered":"<p>Figurine de fourmi au design artisanal, peinte \u00e0 la main, de 10,5 cm de hauteur. Ce souvenir color\u00e9 pr\u00e9sente un design d\u00e9taill\u00e9 avec une combinaison vibrante de couleurs : bleus, verts et jaunes qui rehaussent son aspect ludique et artistique. Les yeux sombres lui donnent une touche charmante, tandis que les antennes et les pattes m\u00e9talliques ajoutent un contraste attrayant. Id\u00e9ale comme d\u00e9coration ou cadeau, elle refl\u00e8te l&rsquo;art et le folklore de l&rsquo;artisanat espagnol.<\/p>\n","protected":false},"featured_media":11083,"template":"","meta":{"_acf_changed":false},"product_brand":[],"product_cat":[540],"product_tag":[530],"class_list":{"0":"post-26749","1":"product","2":"type-product","3":"status-publish","4":"has-post-thumbnail","6":"product_cat-chiffres","7":"product_tag-animaux","8":"pa_motivo-fourmis","10":"first","11":"instock","12":"shipping-taxable","13":"product-type-simple"},"acf":[],"_links":{"self":[{"href":"https:\/\/olemosaic.com\/fr\/wp-json\/wp\/v2\/product\/26749","targetHints":{"allow":["GET"]}}],"collection":[{"href":"https:\/\/olemosaic.com\/fr\/wp-json\/wp\/v2\/product"}],"about":[{"href":"https:\/\/olemosaic.com\/fr\/wp-json\/wp\/v2\/types\/product"}],"wp:featuredmedia":[{"embeddable":true,"href":"https:\/\/olemosaic.com\/fr\/wp-json\/wp\/v2\/media\/11083"}],"wp:attachment":[{"href":"https:\/\/olemosaic.com\/fr\/wp-json\/wp\/v2\/media?parent=26749"}],"wp:term":[{"taxonomy":"product_brand","embeddable":true,"href":"https:\/\/olemosaic.com\/fr\/wp-json\/wp\/v2\/product_brand?post=26749"},{"taxonomy":"product_cat","embeddable":true,"href":"https:\/\/olemosaic.com\/fr\/wp-json\/wp\/v2\/product_cat?post=26749"},{"taxonomy":"product_tag","embeddable":true,"href":"https:\/\/olemosaic.com\/fr\/wp-json\/wp\/v2\/product_tag?post=26749"}],"curies":[{"name":"wp","href":"https:\/\/api.w.org\/{rel}","templated":true}]}}