{"id":26748,"date":"2025-02-20T23:28:41","date_gmt":"2025-02-20T22:28:41","guid":{"rendered":"http:\/\/olemosaic.com\/producto\/gato-figura-de-resina-de-11-cm-pintada-a-mano-2\/"},"modified":"2025-07-25T19:11:36","modified_gmt":"2025-07-25T17:11:36","slug":"chat-figurine-resine-11-cm-peinte-a-la-main-fr","status":"publish","type":"product","link":"https:\/\/olemosaic.com\/fr\/produit\/chat-figurine-resine-11-cm-peinte-a-la-main-fr\/","title":{"rendered":"Chat. Figurine en mosa\u00efque de 11 cm."},"content":{"rendered":"<p>Cette figurine de chat en r\u00e9sine \u00e0 effet peint \u00e0 la main est un v\u00e9ritable bijou qui capture l&rsquo;essence du folklore espagnol. D&rsquo;une hauteur de 11 cm, son design vibrant en mosa\u00efque pr\u00e9sente une combinaison \u00e9blouissante de tons bleus, jaunes, rouges et verts, cr\u00e9ant un effet visuel attrayant et joyeux qui \u00e9gayera certainement n&rsquo;importe quel espace. Chaque d\u00e9tail a \u00e9t\u00e9 soigneusement \u00e9labor\u00e9 par des artisans locaux, garantissant que chaque pi\u00e8ce est unique et repr\u00e9sente la riche tradition culturelle de l&rsquo;Espagne.<\/p>\n<p>Le chat, symbole d&rsquo;ind\u00e9pendance et de myst\u00e8re dans de nombreuses cultures, \u00e9voque un esprit ludique tr\u00e8s pr\u00e9sent dans la vie espagnole. Cette figurine n&rsquo;est pas seulement un bel \u00e9l\u00e9ment d\u00e9coratif, mais aussi un rappel de l&rsquo;art et de l&rsquo;artisanat traditionnels transmis de g\u00e9n\u00e9ration en g\u00e9n\u00e9ration. La finition peinte \u00e0 la main assure des couleurs vibrantes et durables, ce qui en fait un cadeau parfait pour ceux qui recherchent un souvenir authentique et significatif.<\/p>\n<p>Chez Ol\u00e9 Mosaic, nous distribuons ce type de souvenirs en gros, en les fournissant aux boutiques de cadeaux touristiques qui souhaitent offrir \u00e0 leurs clients un morceau de la culture espagnole. Il ne fait aucun doute que cette figurine de chat est un excellent choix pour ceux qui recherchent un souvenir sp\u00e9cial de leur voyage, ainsi qu&rsquo;un ajout sensationnel \u00e0 toute collection de souvenirs espagnols.<\/p>\n","protected":false},"excerpt":{"rendered":"<p>Figurine de chat au design artisanal, peinte \u00e0 la main, d&rsquo;une hauteur de 11 cm. Ce chat color\u00e9 pr\u00e9sente un design vibrant en mosa\u00efque, combinant des tons bleus, jaunes, rouges et verts, cr\u00e9ant un effet visuel attrayant et joyeux. La figurine capture l&rsquo;essence de l&rsquo;artisanat traditionnel, parfaite pour ajouter une touche artistique et amusante \u00e0 n&rsquo;importe quel coin de votre maison, \u00e9voquant l&rsquo;esprit ludique de la culture espagnole.<\/p>\n","protected":false},"featured_media":8759,"template":"","meta":{"_acf_changed":false},"product_brand":[],"product_cat":[540],"product_tag":[530],"class_list":{"0":"post-26748","1":"product","2":"type-product","3":"status-publish","4":"has-post-thumbnail","6":"product_cat-chiffres","7":"product_tag-animaux","8":"pa_motivo-chats","10":"first","11":"instock","12":"shipping-taxable","13":"product-type-simple"},"acf":[],"_links":{"self":[{"href":"https:\/\/olemosaic.com\/fr\/wp-json\/wp\/v2\/product\/26748","targetHints":{"allow":["GET"]}}],"collection":[{"href":"https:\/\/olemosaic.com\/fr\/wp-json\/wp\/v2\/product"}],"about":[{"href":"https:\/\/olemosaic.com\/fr\/wp-json\/wp\/v2\/types\/product"}],"wp:featuredmedia":[{"embeddable":true,"href":"https:\/\/olemosaic.com\/fr\/wp-json\/wp\/v2\/media\/8759"}],"wp:attachment":[{"href":"https:\/\/olemosaic.com\/fr\/wp-json\/wp\/v2\/media?parent=26748"}],"wp:term":[{"taxonomy":"product_brand","embeddable":true,"href":"https:\/\/olemosaic.com\/fr\/wp-json\/wp\/v2\/product_brand?post=26748"},{"taxonomy":"product_cat","embeddable":true,"href":"https:\/\/olemosaic.com\/fr\/wp-json\/wp\/v2\/product_cat?post=26748"},{"taxonomy":"product_tag","embeddable":true,"href":"https:\/\/olemosaic.com\/fr\/wp-json\/wp\/v2\/product_tag?post=26748"}],"curies":[{"name":"wp","href":"https:\/\/api.w.org\/{rel}","templated":true}]}}