{"id":26747,"date":"2025-02-20T23:28:40","date_gmt":"2025-02-20T22:28:40","guid":{"rendered":"http:\/\/olemosaic.com\/producto\/gato-figura-de-resina-de-6-cm-pintada-a-mano\/"},"modified":"2025-07-25T23:12:09","modified_gmt":"2025-07-25T21:12:09","slug":"chat-figurine-resine-6-cm-peinte-a-la-main","status":"publish","type":"product","link":"https:\/\/olemosaic.com\/fr\/produit\/chat-figurine-resine-6-cm-peinte-a-la-main\/","title":{"rendered":"Chat. Figurine en mosa\u00efque de 6 cm."},"content":{"rendered":"<p>Cette figurine de chat en r\u00e9sine est un souvenir charmant qui capture l&rsquo;essence ludique et artistique de la culture espagnole. D&rsquo;une taille de 6 cm, ce chat est m\u00e9ticuleusement peint \u00e0 la main, affichant une mosa\u00efque vibrante de couleurs, parmi lesquelles se distinguent des tons intenses de jaune, rouge, bleu et vert. Chaque d\u00e9tail est soigneusement con\u00e7u, ce qui non seulement souligne la personnalit\u00e9 enjou\u00e9e du chat, mais refl\u00e8te \u00e9galement la riche tradition artistique de l&rsquo;Espagne, connue pour son amour des couleurs vives et des formes cr\u00e9atives.<\/p>\n<p>Le chat, symbole de foyer et de chance, est pr\u00e9sent\u00e9 dans un design \u00e9l\u00e9gant qui invite au sourire et \u00e0 la bonne humeur, devenant une pi\u00e8ce d\u00e9corative id\u00e9ale pour n&rsquo;importe quel coin de la maison. Son esth\u00e9tique joyeuse et sa finition brillante le rendent parfait pour rehausser n&rsquo;importe quelle ambiance, ajoutant une touche de culture et de cr\u00e9ativit\u00e9.<\/p>\n<p>Ce souvenir est une valeur repr\u00e9sentative de la diversit\u00e9 culturelle de l&rsquo;Espagne, cr\u00e9ant un lien avec la joie et la vivacit\u00e9 qui caract\u00e9risent les villes et villages espagnols. Chez Ol\u00e9 Mosaic, nous nous engageons dans la distribution en gros de souvenirs authentiques et de qualit\u00e9, ce qui fait de cette figurine de chat une excellente option pour les boutiques de cadeaux touristiques qui cherchent \u00e0 offrir des produits m\u00e9morables et pleins de sens.<\/p>\n","protected":false},"excerpt":{"rendered":"<p>Figurine de chat, de 6 cm, design artisanal, peinte \u00e0 la main, et d\u00e9cor\u00e9e d&rsquo;une mosa\u00efque de couleurs vibrantes. Ce charmant souvenir repr\u00e9sente l&rsquo;essence ludique et artistique de la culture espagnole, avec un design joyeux et des tons intenses de jaune, rouge, bleu et vert. L&rsquo;attention port\u00e9e aux d\u00e9tails dans la technique de peinture souligne la personnalit\u00e9 du chat, en faisant une pi\u00e8ce d\u00e9corative id\u00e9ale pour n&rsquo;importe quel coin de la maison.<\/p>\n","protected":false},"featured_media":9450,"template":"","meta":{"_acf_changed":false},"product_brand":[],"product_cat":[540],"product_tag":[530],"class_list":{"0":"post-26747","1":"product","2":"type-product","3":"status-publish","4":"has-post-thumbnail","6":"product_cat-chiffres","7":"product_tag-animaux","8":"pa_motivo-chats","10":"first","11":"instock","12":"shipping-taxable","13":"product-type-simple"},"acf":[],"_links":{"self":[{"href":"https:\/\/olemosaic.com\/fr\/wp-json\/wp\/v2\/product\/26747","targetHints":{"allow":["GET"]}}],"collection":[{"href":"https:\/\/olemosaic.com\/fr\/wp-json\/wp\/v2\/product"}],"about":[{"href":"https:\/\/olemosaic.com\/fr\/wp-json\/wp\/v2\/types\/product"}],"wp:featuredmedia":[{"embeddable":true,"href":"https:\/\/olemosaic.com\/fr\/wp-json\/wp\/v2\/media\/9450"}],"wp:attachment":[{"href":"https:\/\/olemosaic.com\/fr\/wp-json\/wp\/v2\/media?parent=26747"}],"wp:term":[{"taxonomy":"product_brand","embeddable":true,"href":"https:\/\/olemosaic.com\/fr\/wp-json\/wp\/v2\/product_brand?post=26747"},{"taxonomy":"product_cat","embeddable":true,"href":"https:\/\/olemosaic.com\/fr\/wp-json\/wp\/v2\/product_cat?post=26747"},{"taxonomy":"product_tag","embeddable":true,"href":"https:\/\/olemosaic.com\/fr\/wp-json\/wp\/v2\/product_tag?post=26747"}],"curies":[{"name":"wp","href":"https:\/\/api.w.org\/{rel}","templated":true}]}}