{"id":26746,"date":"2025-02-20T23:28:40","date_gmt":"2025-02-20T22:28:40","guid":{"rendered":"http:\/\/olemosaic.com\/producto\/gato-figura-de-resina-de-8-cm-pintada-a-mano\/"},"modified":"2025-07-25T18:48:52","modified_gmt":"2025-07-25T16:48:52","slug":"chat-figurine-resine-8-cm-peinte-a-la-main","status":"publish","type":"product","link":"https:\/\/olemosaic.com\/fr\/produit\/chat-figurine-resine-8-cm-peinte-a-la-main\/","title":{"rendered":"Chat. Figurine en mosa\u00efque de 8 cm."},"content":{"rendered":"<p>Cette figurine de chat en r\u00e9sine, de 8 cm, est un charmant souvenir qui capture l&rsquo;essence de l&rsquo;art et de la culture espagnole \u00e0 travers son design m\u00e9ticuleux en mosa\u00efque. Chaque figurine, \u00e0 effet peint \u00e0 la main, affiche une explosion vibrante de couleurs joyeuses qui s&rsquo;entrelacent dans un motif de tesselles. Ici, le rouge, le vert, le jaune et le bleu donnent vie \u00e0 cette repr\u00e9sentation f\u00e9line singuli\u00e8re, \u00e9voquant la riche tradition artistique pr\u00e9sente dans diverses r\u00e9gions d&rsquo;Espagne. La posture droite du chat et son expression faciale d\u00e9taill\u00e9e apportent une touche de joie et de dynamisme, en faisant un \u00e9l\u00e9ment d\u00e9coratif attrayant tant pour la maison que pour les boutiques de cadeaux touristiques.<\/p>\n<p>Ce chat en mosa\u00efque n&rsquo;est pas seulement un objet d\u00e9coratif, mais aussi un symbole de coutumes et d&rsquo;histoire, car l&rsquo;utilisation de profils color\u00e9s dans l&rsquo;artisanat espagnol remonte \u00e0 des si\u00e8cles, refl\u00e9tant la cr\u00e9ativit\u00e9 et la diversit\u00e9 culturelle du pays. En acqu\u00e9rant cette figurine, les touristes ne repartent pas seulement avec un beau souvenir, mais aussi avec un morceau du riche h\u00e9ritage espagnol. Chez Ol\u00e9 Mosaic, nous sommes des distributeurs de souvenirs authentiques, et cette figurine de chat est une excellente option pour ceux qui recherchent des produits uniques et significatifs. De plus, sa pertinence culturelle et artisanale en fait un souvenir id\u00e9al pour ceux qui souhaitent se rem\u00e9morer leur voyage en Espagne.<\/p>\n","protected":false},"excerpt":{"rendered":"<p>Figurine de chat de 8 cm, design artisanal m\u00e9ticuleux, peinte \u00e0 la main, qui se distingue par son design vibrant en mosa\u00efque. Ce charmant chat pr\u00e9sente une infinit\u00e9 de couleurs joyeuses, telles que le rouge, le vert, le jaune et le bleu, entrelac\u00e9es dans un motif de tesselles qui \u00e9voque la riche tradition artistique de l&rsquo;Espagne. Parfait comme souvenir ou \u00e9l\u00e9ment d\u00e9coratif, chaque figurine refl\u00e8te une touche de folklore et de cr\u00e9ativit\u00e9.<\/p>\n","protected":false},"featured_media":11043,"template":"","meta":{"_acf_changed":false},"product_brand":[],"product_cat":[540],"product_tag":[530],"class_list":{"0":"post-26746","1":"product","2":"type-product","3":"status-publish","4":"has-post-thumbnail","6":"product_cat-chiffres","7":"product_tag-animaux","8":"pa_motivo-chats","10":"first","11":"instock","12":"shipping-taxable","13":"product-type-simple"},"acf":[],"_links":{"self":[{"href":"https:\/\/olemosaic.com\/fr\/wp-json\/wp\/v2\/product\/26746","targetHints":{"allow":["GET"]}}],"collection":[{"href":"https:\/\/olemosaic.com\/fr\/wp-json\/wp\/v2\/product"}],"about":[{"href":"https:\/\/olemosaic.com\/fr\/wp-json\/wp\/v2\/types\/product"}],"wp:featuredmedia":[{"embeddable":true,"href":"https:\/\/olemosaic.com\/fr\/wp-json\/wp\/v2\/media\/11043"}],"wp:attachment":[{"href":"https:\/\/olemosaic.com\/fr\/wp-json\/wp\/v2\/media?parent=26746"}],"wp:term":[{"taxonomy":"product_brand","embeddable":true,"href":"https:\/\/olemosaic.com\/fr\/wp-json\/wp\/v2\/product_brand?post=26746"},{"taxonomy":"product_cat","embeddable":true,"href":"https:\/\/olemosaic.com\/fr\/wp-json\/wp\/v2\/product_cat?post=26746"},{"taxonomy":"product_tag","embeddable":true,"href":"https:\/\/olemosaic.com\/fr\/wp-json\/wp\/v2\/product_tag?post=26746"}],"curies":[{"name":"wp","href":"https:\/\/api.w.org\/{rel}","templated":true}]}}