{"id":26744,"date":"2025-02-20T22:28:40","date_gmt":"2025-02-20T22:28:40","guid":{"rendered":"http:\/\/olemosaic.com\/producto\/toro-figura-de-ceramica-de-32-cm-negro-glaceado\/"},"modified":"2025-07-25T19:12:31","modified_gmt":"2025-07-25T17:12:31","slug":"taureau-figurine-ceramique-32-cm-noir-glace","status":"publish","type":"product","link":"https:\/\/olemosaic.com\/fr\/produit\/taureau-figurine-ceramique-32-cm-noir-glace\/","title":{"rendered":"Taureau. Figurine en c\u00e9ramique de 32 cm. Noir. Glac\u00e9."},"content":{"rendered":"<p>Cette figurine en c\u00e9ramique en forme de taureau est un v\u00e9ritable embl\u00e8me de la culture espagnole, parfaite pour ceux qui recherchent un souvenir authentique et repr\u00e9sentatif. D&rsquo;une hauteur de 32 cm, sa finition noire brillante souligne les formes sophistiqu\u00e9es de l&rsquo;animal, \u00e9voquant la force et la tradition que le taureau symbolise dans le folklore espagnol. Le design poli met l&rsquo;accent sur les cornes pro\u00e9minentes et la musculature du taureau, en faisant un \u00e9l\u00e9ment d\u00e9coratif moderne qui s&rsquo;int\u00e8gre harmonieusement dans n&rsquo;importe quel espace, que ce soit \u00e0 la maison ou dans une boutique de cadeaux touristiques.<\/p>\n<p>Ce taureau est plus qu&rsquo;un simple souvenir ; c&rsquo;est un symbole de la passion et de l&rsquo;histoire de l&rsquo;Espagne, nous rappelant les c\u00e9l\u00e8bres f\u00eates taurines et la noblesse de cet animal majestueux. La figurine, avec sa finition vitrifi\u00e9e, capture la lumi\u00e8re de mani\u00e8re impressionnante, des d\u00e9tails qui la font ressortir dans n&rsquo;importe quelle collection de souvenirs d&rsquo;Espagne. En choisissant cette figurine en c\u00e9ramique, vous n&rsquo;acqu\u00e9rez pas seulement un objet d\u00e9coratif, mais une pi\u00e8ce qui raconte l&rsquo;essence de la culture espagnole.<\/p>\n<p>Chez Ol\u00e9 Mosaic, nous sommes fiers de proposer des produits authentiques et repr\u00e9sentatifs, comme cette figurine de taureau, id\u00e9ale pour les boutiques de cadeaux touristiques qui appr\u00e9cient l&rsquo;artisanat et la signification culturelle. Cet article se pr\u00e9sente comme une excellente option pour ceux qui recherchent des souvenirs de haute qualit\u00e9, apportant une touche de distinction et de connexion avec le riche h\u00e9ritage culturel de l&rsquo;Espagne.<\/p>\n","protected":false},"excerpt":{"rendered":"<p>Figurine en c\u00e9ramique de 32 cm en forme de taureau, con\u00e7ue avec une \u00e9l\u00e9gante finition noire brillante. Cet article repr\u00e9sente l&rsquo;une des images les plus embl\u00e9matiques de la culture espagnole, symbolisant la force et la tradition. Le design poli souligne les caract\u00e9ristiques de l&rsquo;animal, telles que ses cornes et sa musculature, apportant une touche moderne et sophistiqu\u00e9e \u00e0 tout espace. Id\u00e9al comme souvenir ou \u00e9l\u00e9ment d\u00e9coratif, il \u00e9voque l&rsquo;essence du folklore espagnol.<\/p>\n","protected":false},"featured_media":7451,"template":"","meta":{"_acf_changed":false},"product_brand":[],"product_cat":[540],"product_tag":[530,585],"class_list":{"0":"post-26744","1":"product","2":"type-product","3":"status-publish","4":"has-post-thumbnail","6":"product_cat-chiffres","7":"product_tag-animaux","8":"product_tag-ceramique","9":"pa_motivo-taureaux","11":"first","12":"instock","13":"shipping-taxable","14":"product-type-simple"},"acf":[],"_links":{"self":[{"href":"https:\/\/olemosaic.com\/fr\/wp-json\/wp\/v2\/product\/26744","targetHints":{"allow":["GET"]}}],"collection":[{"href":"https:\/\/olemosaic.com\/fr\/wp-json\/wp\/v2\/product"}],"about":[{"href":"https:\/\/olemosaic.com\/fr\/wp-json\/wp\/v2\/types\/product"}],"wp:featuredmedia":[{"embeddable":true,"href":"https:\/\/olemosaic.com\/fr\/wp-json\/wp\/v2\/media\/7451"}],"wp:attachment":[{"href":"https:\/\/olemosaic.com\/fr\/wp-json\/wp\/v2\/media?parent=26744"}],"wp:term":[{"taxonomy":"product_brand","embeddable":true,"href":"https:\/\/olemosaic.com\/fr\/wp-json\/wp\/v2\/product_brand?post=26744"},{"taxonomy":"product_cat","embeddable":true,"href":"https:\/\/olemosaic.com\/fr\/wp-json\/wp\/v2\/product_cat?post=26744"},{"taxonomy":"product_tag","embeddable":true,"href":"https:\/\/olemosaic.com\/fr\/wp-json\/wp\/v2\/product_tag?post=26744"}],"curies":[{"name":"wp","href":"https:\/\/api.w.org\/{rel}","templated":true}]}}