{"id":26743,"date":"2025-02-20T23:28:40","date_gmt":"2025-02-20T22:28:40","guid":{"rendered":"http:\/\/olemosaic.com\/producto\/cabra-figura-de-resina-de-12-cm-pintada-a-mano\/"},"modified":"2025-07-25T18:38:06","modified_gmt":"2025-07-25T16:38:06","slug":"chevre-figurine-resine-12-cm-peinte-a-la-main","status":"publish","type":"product","link":"https:\/\/olemosaic.com\/fr\/produit\/chevre-figurine-resine-12-cm-peinte-a-la-main\/","title":{"rendered":"Ch\u00e8vre. Figurine en mosa\u00efque de 12 cm."},"content":{"rendered":"<p>Cette figurine de ch\u00e8vre en r\u00e9sine \u00e0 effet peint \u00e0 la main est un souvenir \u00e9vocateur qui capture l&rsquo;essence du folklore espagnol, id\u00e9al pour les touristes \u00e0 la recherche d&rsquo;un souvenir authentique. D&rsquo;une hauteur de 12 cm, cette charmante ch\u00e8vre pr\u00e9sente un design vibrant avec des pi\u00e8ces color\u00e9es combinant des nuances allant du rouge et du bleu au vert et au jaune. L&rsquo;art du trencad\u00eds, typique de la p\u00e9ninsule ib\u00e9rique, est \u00e9vident dans la mani\u00e8re dont ces couleurs s&rsquo;entrelacent pour cr\u00e9er une image joyeuse et dynamique.<\/p>\n<p>Chaque figurine est fabriqu\u00e9e de mani\u00e8re artisanale, ce qui garantit que chaque pi\u00e8ce est unique, refl\u00e9tant le savoir-faire artisanal local. Ce d\u00e9tail en fait un article non seulement d\u00e9coratif, mais aussi une repr\u00e9sentation authentique du riche h\u00e9ritage culturel de l&rsquo;Espagne, o\u00f9 la ch\u00e8vre symbolise la vie rurale et la tradition de l&rsquo;\u00e9levage. Cette figurine n&#8217;embellit pas seulement les espaces, elle sert \u00e9galement d&rsquo;excellent rappel des belles traditions espagnoles et de son folklore vibrant.<\/p>\n<p>Chez Ol\u00e9 Mosaic, en tant que distributeurs de souvenirs authentiques, nous proposons cette figurine de ch\u00e8vre \u00e0 effet peint \u00e0 la main comme une option exceptionnelle pour les boutiques de cadeaux touristiques \u00e0 la recherche de produits remarquables. C&rsquo;est un cadeau parfait et une excellente fa\u00e7on de ramener un morceau de la culture espagnole chez soi, devenant un souvenir attrayant qui saura captiver l&rsquo;int\u00e9r\u00eat de tous les visiteurs.<\/p>\n","protected":false},"excerpt":{"rendered":"<p>Figurine de ch\u00e8vre au design artisanal, peinte \u00e0 la main, de 12 cm de hauteur, capturant l&rsquo;essence du folklore espagnol. D\u00e9cor\u00e9e d&rsquo;un design vibrant de pi\u00e8ces color\u00e9es, cette figurine pr\u00e9sente une combinaison de nuances allant du rouge et du bleu au vert et au jaune, \u00e9voquant l&rsquo;art traditionnel du trencad\u00eds. Id\u00e9ale comme souvenir ou \u00e9l\u00e9ment d\u00e9coratif, elle repr\u00e9sente la richesse culturelle de la p\u00e9ninsule ib\u00e9rique.<\/p>\n","protected":false},"featured_media":8761,"template":"","meta":{"_acf_changed":false},"product_brand":[],"product_cat":[540],"product_tag":[530],"class_list":{"0":"post-26743","1":"product","2":"type-product","3":"status-publish","4":"has-post-thumbnail","6":"product_cat-chiffres","7":"product_tag-animaux","8":"pa_motivo-chevres","10":"first","11":"instock","12":"shipping-taxable","13":"product-type-simple"},"acf":[],"_links":{"self":[{"href":"https:\/\/olemosaic.com\/fr\/wp-json\/wp\/v2\/product\/26743","targetHints":{"allow":["GET"]}}],"collection":[{"href":"https:\/\/olemosaic.com\/fr\/wp-json\/wp\/v2\/product"}],"about":[{"href":"https:\/\/olemosaic.com\/fr\/wp-json\/wp\/v2\/types\/product"}],"wp:featuredmedia":[{"embeddable":true,"href":"https:\/\/olemosaic.com\/fr\/wp-json\/wp\/v2\/media\/8761"}],"wp:attachment":[{"href":"https:\/\/olemosaic.com\/fr\/wp-json\/wp\/v2\/media?parent=26743"}],"wp:term":[{"taxonomy":"product_brand","embeddable":true,"href":"https:\/\/olemosaic.com\/fr\/wp-json\/wp\/v2\/product_brand?post=26743"},{"taxonomy":"product_cat","embeddable":true,"href":"https:\/\/olemosaic.com\/fr\/wp-json\/wp\/v2\/product_cat?post=26743"},{"taxonomy":"product_tag","embeddable":true,"href":"https:\/\/olemosaic.com\/fr\/wp-json\/wp\/v2\/product_tag?post=26743"}],"curies":[{"name":"wp","href":"https:\/\/api.w.org\/{rel}","templated":true}]}}