{"id":26712,"date":"2025-02-20T23:28:39","date_gmt":"2025-02-20T22:28:39","guid":{"rendered":"http:\/\/olemosaic.com\/producto\/bulldog-figura-de-resina-de-7-cm-pintada-a-mano\/"},"modified":"2025-07-25T18:36:31","modified_gmt":"2025-07-25T16:36:31","slug":"bouledogue-figurine-en-resine-de-7-cm-peinte-a-la-main","status":"publish","type":"product","link":"https:\/\/olemosaic.com\/fr\/produit\/bouledogue-figurine-en-resine-de-7-cm-peinte-a-la-main\/","title":{"rendered":"Bouledogue. Figurine en mosa\u00efque de 7 cm."},"content":{"rendered":"<p>Cette figurine de bouledogue en r\u00e9sine, de 7 cm de hauteur, est un charmant souvenir qui capture l&rsquo;essence ludique et color\u00e9e de la culture espagnole. Peinte \u00e0 la main avec une palette de couleurs vibrantes, cette pi\u00e8ce artistique pr\u00e9sente un design en mosa\u00efque qui combine des tons bleus, rouges, verts et jaunes, apportant une \u00e9nergie joyeuse et accueillante. La texture brillante et les d\u00e9tails m\u00e9ticuleusement soign\u00e9s refl\u00e8tent le d\u00e9vouement et l&rsquo;amour pour l&rsquo;art traditionnel espagnol, ce qui en fait un cadeau id\u00e9al pour les amoureux des chiens et pour ceux qui cherchent \u00e0 ajouter une touche vive \u00e0 leur d\u00e9coration.<\/p>\n<p>Avec sa forme caract\u00e9ristique de bouledogue, ce souvenir ne se distingue pas seulement par son attrait visuel, mais symbolise \u00e9galement la chaleur et la personnalit\u00e9 de la culture espagnole, souvent associ\u00e9e \u00e0 la joie et \u00e0 la sociabilit\u00e9. Ce produit est parfait pour ceux qui souhaitent emporter un souvenir authentique repr\u00e9sentant la diversit\u00e9 et l&rsquo;art de l&rsquo;Espagne.<\/p>\n<p>Faisant partie de l&rsquo;offre d&rsquo;Ol\u00e9 Mosaic, ce bouledogue en r\u00e9sine se positionne comme un excellent souvenir pour les boutiques de cadeaux touristiques qui recherchent des produits de qualit\u00e9, d&rsquo;artisanat et de pertinence culturelle. C&rsquo;est une option id\u00e9ale pour ceux qui recherchent des souvenirs d&rsquo;animaux originaux et color\u00e9s. Avec nos figurines en r\u00e9sine, nous garantissons l&rsquo;authenticit\u00e9 et le charme dans chaque d\u00e9tail, parfaits pour la distribution en gros.<\/p>\n","protected":false},"excerpt":{"rendered":"<p>Figurine de bouledogue de 7 cm, design artisanal, peinte \u00e0 la main, avec une palette de couleurs vibrantes. Ce charmant souvenir artistique repr\u00e9sente un bouledogue avec un design en mosa\u00efque, combinant des bleus, rouges, verts et jaunes qui irradient la joie. La texture brillante et les d\u00e9tails soign\u00e9s refl\u00e8tent l&rsquo;affection et l&rsquo;art traditionnel espagnol, en faisant une pi\u00e8ce parfaite pour les amoureux des chiens et la d\u00e9coration color\u00e9e.<\/p>\n","protected":false},"featured_media":11049,"template":"","meta":{"_acf_changed":false},"product_brand":[],"product_cat":[540],"product_tag":[530],"class_list":{"0":"post-26712","1":"product","2":"type-product","3":"status-publish","4":"has-post-thumbnail","6":"product_cat-chiffres","7":"product_tag-animaux","8":"pa_motivo-bulldogs","10":"first","11":"instock","12":"shipping-taxable","13":"product-type-simple"},"acf":[],"_links":{"self":[{"href":"https:\/\/olemosaic.com\/fr\/wp-json\/wp\/v2\/product\/26712","targetHints":{"allow":["GET"]}}],"collection":[{"href":"https:\/\/olemosaic.com\/fr\/wp-json\/wp\/v2\/product"}],"about":[{"href":"https:\/\/olemosaic.com\/fr\/wp-json\/wp\/v2\/types\/product"}],"wp:featuredmedia":[{"embeddable":true,"href":"https:\/\/olemosaic.com\/fr\/wp-json\/wp\/v2\/media\/11049"}],"wp:attachment":[{"href":"https:\/\/olemosaic.com\/fr\/wp-json\/wp\/v2\/media?parent=26712"}],"wp:term":[{"taxonomy":"product_brand","embeddable":true,"href":"https:\/\/olemosaic.com\/fr\/wp-json\/wp\/v2\/product_brand?post=26712"},{"taxonomy":"product_cat","embeddable":true,"href":"https:\/\/olemosaic.com\/fr\/wp-json\/wp\/v2\/product_cat?post=26712"},{"taxonomy":"product_tag","embeddable":true,"href":"https:\/\/olemosaic.com\/fr\/wp-json\/wp\/v2\/product_tag?post=26712"}],"curies":[{"name":"wp","href":"https:\/\/api.w.org\/{rel}","templated":true}]}}