{"id":26709,"date":"2025-02-20T23:28:39","date_gmt":"2025-02-20T22:28:39","guid":{"rendered":"http:\/\/olemosaic.com\/producto\/taza-de-ceramica-toro-sevilla-beige\/"},"modified":"2025-07-25T19:01:50","modified_gmt":"2025-07-25T17:01:50","slug":"tasse-en-ceramique-taureau-seville-beige","status":"publish","type":"product","link":"https:\/\/olemosaic.com\/fr\/produit\/tasse-en-ceramique-taureau-seville-beige\/","title":{"rendered":"Tasse en c\u00e9ramique. Taureau. S\u00e9ville. Beige."},"content":{"rendered":"<p>Cette charmante tasse d\u00e9corative en c\u00e9ramique est un hommage \u00e0 la ville vibrante de S\u00e9ville. Avec un design percutant, elle pr\u00e9sente sur son ext\u00e9rieur un extraordinaire taureau stylis\u00e9, compos\u00e9 de mosa\u00efques color\u00e9es qui \u00e9voquent le mouvement et la force. Sur un \u00e9l\u00e9gant fond beige, le mot \u00ab\u00a0S\u00c9VILLE\u00a0\u00bb se d\u00e9tache sur la partie sup\u00e9rieure, accompagn\u00e9 d&rsquo;une bordure aux tons rouges qui ajoute de la sophistication. Id\u00e9ale pour savourer un d\u00e9licieux caf\u00e9 ou th\u00e9, cette tasse comprend une cuill\u00e8re assortie qui compl\u00e8te son design, avec une couleur \u00e9l\u00e9gante sur l&rsquo;anse qui rehausse encore son attrait visuel.<\/p>\n<p>La finition de la tasse a \u00e9t\u00e9 r\u00e9alis\u00e9e m\u00e9ticuleusement selon des techniques de peinture \u00e0 la main, ce qui garantit que chaque pi\u00e8ce est unique et authentique, refl\u00e9tant le d\u00e9vouement et l&rsquo;artisanat qui caract\u00e9risent les souvenirs de S\u00e9ville. Ce souvenir n&rsquo;est pas seulement un objet fonctionnel, mais aussi un rappel significatif qui capture la riche culture andalouse, en particulier la passion pour la tauromachie pr\u00e9sente dans ses traditions.<\/p>\n<p>Chez Ol\u00e9 Mosaic, nous distribuons des souvenirs en gros et proposons une large gamme de produits authentiques qui repr\u00e9sentent l&rsquo;essence de l&rsquo;Espagne. Cette tasse en c\u00e9ramique n&rsquo;est pas seulement un excellent produit pour les touristes \u00e0 la recherche de souvenirs de S\u00e9ville, mais c&rsquo;est aussi un ajout parfait pour les boutiques de cadeaux touristiques qui recherchent des articles de qualit\u00e9 mettant en valeur la richesse culturelle de la r\u00e9gion.<\/p>\n","protected":false},"excerpt":{"rendered":"<p>Tasse d\u00e9corative en c\u00e9ramique qui rend hommage \u00e0 S\u00e9ville, avec un design vibrant d&rsquo;un taureau en mosa\u00efque color\u00e9e. Sur un fond beige, elle arbore le mot \u00ab\u00a0S\u00c9VILLE\u00a0\u00bb en haut, encadr\u00e9 par une bordure rouge aux d\u00e9tails distinctifs. La tasse comprend une cuill\u00e8re assortie, avec une anse d&rsquo;une couleur \u00e9l\u00e9gante, et est finie avec des techniques de design artisanal, peinte \u00e0 la main, ce qui en fait une pi\u00e8ce unique et authentique. Id\u00e9ale pour savourer une d\u00e9licieuse tasse de caf\u00e9 ou de th\u00e9 tout en appr\u00e9ciant la riche culture andalouse.<\/p>\n","protected":false},"featured_media":6896,"template":"","meta":{"_acf_changed":false},"product_brand":[],"product_cat":[822],"product_tag":[530,585],"class_list":{"0":"post-26709","1":"product","2":"type-product","3":"status-publish","4":"has-post-thumbnail","6":"product_cat-mugs-fr","7":"product_tag-animaux","8":"product_tag-ceramique","9":"pa_ciudad-sevilla","10":"pa_motivo-taureaux","11":"pa_pais-espana","13":"first","14":"instock","15":"shipping-taxable","16":"product-type-simple"},"acf":[],"_links":{"self":[{"href":"https:\/\/olemosaic.com\/fr\/wp-json\/wp\/v2\/product\/26709","targetHints":{"allow":["GET"]}}],"collection":[{"href":"https:\/\/olemosaic.com\/fr\/wp-json\/wp\/v2\/product"}],"about":[{"href":"https:\/\/olemosaic.com\/fr\/wp-json\/wp\/v2\/types\/product"}],"wp:featuredmedia":[{"embeddable":true,"href":"https:\/\/olemosaic.com\/fr\/wp-json\/wp\/v2\/media\/6896"}],"wp:attachment":[{"href":"https:\/\/olemosaic.com\/fr\/wp-json\/wp\/v2\/media?parent=26709"}],"wp:term":[{"taxonomy":"product_brand","embeddable":true,"href":"https:\/\/olemosaic.com\/fr\/wp-json\/wp\/v2\/product_brand?post=26709"},{"taxonomy":"product_cat","embeddable":true,"href":"https:\/\/olemosaic.com\/fr\/wp-json\/wp\/v2\/product_cat?post=26709"},{"taxonomy":"product_tag","embeddable":true,"href":"https:\/\/olemosaic.com\/fr\/wp-json\/wp\/v2\/product_tag?post=26709"}],"curies":[{"name":"wp","href":"https:\/\/api.w.org\/{rel}","templated":true}]}}