{"id":26708,"date":"2025-02-20T23:28:39","date_gmt":"2025-02-20T22:28:39","guid":{"rendered":"http:\/\/olemosaic.com\/producto\/taza-de-ceramica-barcelona-azul\/"},"modified":"2025-07-25T19:14:03","modified_gmt":"2025-07-25T17:14:03","slug":"tasse-en-ceramique-barcelone-bleu","status":"publish","type":"product","link":"https:\/\/olemosaic.com\/fr\/produit\/tasse-en-ceramique-barcelone-bleu\/","title":{"rendered":"Tasse en c\u00e9ramique. Barcelone. Bleu."},"content":{"rendered":"<p>Cette charmante tasse en c\u00e9ramique, d\u00e9cor\u00e9e d&rsquo;illustrations vibrantes, est un hommage aux embl\u00e8mes de Barcelone et offre une exp\u00e9rience visuelle \u00e9blouissante. Son design color\u00e9 comprend des repr\u00e9sentations iconiques telles que la majestueuse Sagrada Familia et le c\u00e9l\u00e8bre dragon du Parc G\u00fcell, avec une finition en mosa\u00efque attrayante qui souligne le riche h\u00e9ritage culturel de la ville. La palette de couleurs \u00e9clatantes de la surface se combine avec un int\u00e9rieur bleu qui rehausse encore sa beaut\u00e9, en faisant une pi\u00e8ce qui n&rsquo;est pas seulement fonctionnelle, mais aussi une v\u00e9ritable \u0153uvre d&rsquo;art.<\/p>\n<p>Id\u00e9ale pour les amoureux de Barcelone, cette tasse est le souvenir parfait qui capture l&rsquo;essence vibrante de la culture catalane et son c\u00e9l\u00e8bre h\u00e9ritage architectural. Fabriqu\u00e9e avec soin, chaque tasse refl\u00e8te l&rsquo;authenticit\u00e9 et la tradition qui caract\u00e9risent la ville. Chez Ol\u00e9 Mosaic, en tant que grossiste de souvenirs, nous proposons cette tasse en c\u00e9ramique dans notre s\u00e9lection vari\u00e9e, parfaite pour les boutiques de cadeaux touristiques qui cherchent \u00e0 offrir des souvenirs authentiques et pertinents \u00e0 leurs clients. Ce n&rsquo;est pas seulement un ustensile de tous les jours, mais aussi un petit morceau de Barcelone que les touristes voudront emporter comme symbole de leur voyage.<\/p>\n","protected":false},"excerpt":{"rendered":"<p>Tasse en c\u00e9ramique d\u00e9cor\u00e9e d&rsquo;illustrations vibrantes des ic\u00f4nes de Barcelone. Pr\u00e9sente un design color\u00e9 incluant des \u00e9l\u00e9ments embl\u00e9matiques comme la Sagrada Familia et le c\u00e9l\u00e8bre dragon du Parc G\u00fcell, le tout avec une finition en mosa\u00efque attrayante. Son int\u00e9rieur bleu fait ressortir la palette de couleurs \u00e9clatantes qui ornent la surface. Id\u00e9ale pour les amoureux de la ville, cette tasse allie fonctionnalit\u00e9 et art, devenant un souvenir parfait de la culture catalane.<\/p>\n","protected":false},"featured_media":12091,"template":"","meta":{"_acf_changed":false},"product_brand":[],"product_cat":[822],"product_tag":[585],"class_list":{"0":"post-26708","1":"product","2":"type-product","3":"status-publish","4":"has-post-thumbnail","6":"product_cat-mugs-fr","7":"product_tag-ceramique","8":"pa_ciudad-barcelona","9":"pa_pais-espana","11":"first","12":"instock","13":"shipping-taxable","14":"product-type-simple"},"acf":[],"_links":{"self":[{"href":"https:\/\/olemosaic.com\/fr\/wp-json\/wp\/v2\/product\/26708","targetHints":{"allow":["GET"]}}],"collection":[{"href":"https:\/\/olemosaic.com\/fr\/wp-json\/wp\/v2\/product"}],"about":[{"href":"https:\/\/olemosaic.com\/fr\/wp-json\/wp\/v2\/types\/product"}],"wp:featuredmedia":[{"embeddable":true,"href":"https:\/\/olemosaic.com\/fr\/wp-json\/wp\/v2\/media\/12091"}],"wp:attachment":[{"href":"https:\/\/olemosaic.com\/fr\/wp-json\/wp\/v2\/media?parent=26708"}],"wp:term":[{"taxonomy":"product_brand","embeddable":true,"href":"https:\/\/olemosaic.com\/fr\/wp-json\/wp\/v2\/product_brand?post=26708"},{"taxonomy":"product_cat","embeddable":true,"href":"https:\/\/olemosaic.com\/fr\/wp-json\/wp\/v2\/product_cat?post=26708"},{"taxonomy":"product_tag","embeddable":true,"href":"https:\/\/olemosaic.com\/fr\/wp-json\/wp\/v2\/product_tag?post=26708"}],"curies":[{"name":"wp","href":"https:\/\/api.w.org\/{rel}","templated":true}]}}