{"id":26705,"date":"2025-02-20T23:28:38","date_gmt":"2025-02-20T22:28:38","guid":{"rendered":"http:\/\/olemosaic.com\/producto\/taza-de-ceramica-panoramica-sevilla-beige\/"},"modified":"2025-07-25T18:40:46","modified_gmt":"2025-07-25T16:40:46","slug":"mug-en-ceramique-panoramique-seville-beige","status":"publish","type":"product","link":"https:\/\/olemosaic.com\/fr\/produit\/mug-en-ceramique-panoramique-seville-beige\/","title":{"rendered":"Mug en c\u00e9ramique. Panoramique. S\u00e9ville. Beige."},"content":{"rendered":"<p>Ce charmant mug en c\u00e9ramique avec une vue panoramique de S\u00e9ville est le souvenir parfait pour ramener un morceau d&rsquo;Andalousie chez soi. Son design vibrant pr\u00e9sente des illustrations d\u00e9taill\u00e9es des monuments les plus embl\u00e9matiques de la ville, tels que la majestueuse Giralda et l&rsquo;iconique Plaza de Espa\u00f1a, le tout dans un style peint \u00e0 la main qui souligne les couleurs chaudes de la r\u00e9gion andalouse. Le mug, avec une finition beige qui contraste magnifiquement avec les couleurs du design, dispose d&rsquo;une anse disponible en plusieurs couleurs vives, ce qui lui donne une touche joyeuse et moderne, id\u00e9ale pour satisfaire les go\u00fbts les plus vari\u00e9s.<\/p>\n<p>Ce produit n&rsquo;est pas seulement fonctionnel, il sert \u00e9galement de rappel de la riche histoire et culture de S\u00e9ville. Chaque gorg\u00e9e de votre boisson pr\u00e9f\u00e9r\u00e9e devient un voyage visuel \u00e0 travers l&rsquo;architecture et l&rsquo;ambiance vibrante de cette ville historique. Chez Ol\u00e9 Mosaic, distributeurs de souvenirs authentiques, ce mug en c\u00e9ramique se positionne comme une excellente option pour les boutiques de cadeaux touristiques cherchant \u00e0 offrir des produits de qualit\u00e9 et de connexion culturelle. Id\u00e9al pour ceux qui souhaitent un souvenir qui encapsule l&rsquo;essence de S\u00e9ville, ce mug est un choix romantique et pratique pour les touristes \u00e0 la recherche de souvenirs repr\u00e9sentatifs de leur visite.<\/p>\n","protected":false},"excerpt":{"rendered":"<p>Mug en c\u00e9ramique avec une charmante vue panoramique de S\u00e9ville, disponible en plusieurs couleurs vibrantes. Le design comprend des illustrations d\u00e9taill\u00e9es de monuments embl\u00e9matiques de la ville, comme la Giralda et la Plaza de Espa\u00f1a, dans un style artisanal peint \u00e0 la main qui souligne les couleurs chaudes de la r\u00e9gion. Le mug, avec une finition de couleur cr\u00e8me et une anse color\u00e9e, est id\u00e9al pour savourer vos boissons pr\u00e9f\u00e9r\u00e9es tout en vous transportant au c\u0153ur de l&rsquo;Andalousie.<\/p>\n","protected":false},"featured_media":7009,"template":"","meta":{"_acf_changed":false},"product_brand":[],"product_cat":[822],"product_tag":[585],"class_list":{"0":"post-26705","1":"product","2":"type-product","3":"status-publish","4":"has-post-thumbnail","6":"product_cat-mugs-fr","7":"product_tag-ceramique","8":"pa_ciudad-sevilla","9":"pa_motivo-panoramas","10":"pa_pais-espana","12":"first","13":"instock","14":"shipping-taxable","15":"product-type-simple"},"acf":[],"_links":{"self":[{"href":"https:\/\/olemosaic.com\/fr\/wp-json\/wp\/v2\/product\/26705","targetHints":{"allow":["GET"]}}],"collection":[{"href":"https:\/\/olemosaic.com\/fr\/wp-json\/wp\/v2\/product"}],"about":[{"href":"https:\/\/olemosaic.com\/fr\/wp-json\/wp\/v2\/types\/product"}],"wp:featuredmedia":[{"embeddable":true,"href":"https:\/\/olemosaic.com\/fr\/wp-json\/wp\/v2\/media\/7009"}],"wp:attachment":[{"href":"https:\/\/olemosaic.com\/fr\/wp-json\/wp\/v2\/media?parent=26705"}],"wp:term":[{"taxonomy":"product_brand","embeddable":true,"href":"https:\/\/olemosaic.com\/fr\/wp-json\/wp\/v2\/product_brand?post=26705"},{"taxonomy":"product_cat","embeddable":true,"href":"https:\/\/olemosaic.com\/fr\/wp-json\/wp\/v2\/product_cat?post=26705"},{"taxonomy":"product_tag","embeddable":true,"href":"https:\/\/olemosaic.com\/fr\/wp-json\/wp\/v2\/product_tag?post=26705"}],"curies":[{"name":"wp","href":"https:\/\/api.w.org\/{rel}","templated":true}]}}