{"id":26704,"date":"2025-02-20T22:28:38","date_gmt":"2025-02-20T22:28:38","guid":{"rendered":"http:\/\/olemosaic.com\/producto\/taza-de-ceramica-don-quijote-beige\/"},"modified":"2025-07-25T18:38:30","modified_gmt":"2025-07-25T16:38:30","slug":"mug-en-ceramique-don-quichotte-beige","status":"publish","type":"product","link":"https:\/\/olemosaic.com\/fr\/produit\/mug-en-ceramique-don-quichotte-beige\/","title":{"rendered":"Mug en c\u00e9ramique. Don Quichotte. Beige."},"content":{"rendered":"<p>Ce charmant mug en c\u00e9ramique capture l&rsquo;essence du classique litt\u00e9raire espagnol \u00e0 travers la figure embl\u00e9matique de Don Quichotte, et pr\u00e9sente un design vibrant qui en fait le souvenir id\u00e9al. D&rsquo;une couleur beige attrayante, le mug est orn\u00e9 de sc\u00e8nes color\u00e9es illustrant Don Quichotte chevauchant son fid\u00e8le cheval dans une aventure passionnante aux c\u00f4t\u00e9s de moulins \u00e0 vent, symboles incontestables de sa lutte \u00e9pique contre les g\u00e9ants de son imagination. Dans la partie sup\u00e9rieure, le texte \u00ab Espa\u00f1a \u00bb, accompagn\u00e9 d&rsquo;un soleil radieux, ajoute une touche culturelle qui renforce son authenticit\u00e9.<\/p>\n<p>Le mug, \u00e0 la fois fonctionnel et artistique, dispose d&rsquo;une anse aux couleurs vibrantes qui, en plus d&rsquo;\u00eatre confortable, incorpore un \u00e9l\u00e9ment d\u00e9coratif suppl\u00e9mentaire qui le distingue. Parfait pour savourer vos boissons pr\u00e9f\u00e9r\u00e9es, cette pi\u00e8ce n&rsquo;est pas seulement un ustensile pratique, mais aussi un souvenir significatif qui c\u00e9l\u00e8bre le riche h\u00e9ritage litt\u00e9raire de l&rsquo;Espagne.<\/p>\n<p>Chez Ol\u00e9 Mosaic, nous nous sp\u00e9cialisons dans la distribution de souvenirs en gros, offrant des produits qui refl\u00e8tent la culture espagnole. Ce mug Don Quichotte est un excellent cadeau pour les boutiques de souvenirs touristiques qui cherchent \u00e0 apporter authenticit\u00e9 et charme \u00e0 leurs clients. Un souvenir qui symbolise l&rsquo;essence de l&rsquo;Espagne et de sa litt\u00e9rature, et qui ravira tout visiteur.<\/p>\n","protected":false},"excerpt":{"rendered":"<p>Mug en c\u00e9ramique d\u00e9cor\u00e9 de sc\u00e8nes du personnage embl\u00e9matique Don Quichotte, une repr\u00e9sentation embl\u00e9matique de la litt\u00e9rature espagnole. Le design comprend des illustrations color\u00e9es de Don Quichotte \u00e0 cheval luttant contre des moulins, entour\u00e9 d&rsquo;\u00e9l\u00e9ments symboliques comme le soleil et le mot \u00ab\u00a0Espa\u00f1a\u00a0\u00bb en haut. Le mug, d&rsquo;une couleur beige attrayante, poss\u00e8de une anse aux couleurs vibrantes, alliant fonctionnalit\u00e9 et touche artistique id\u00e9ale pour savourer vos boissons pr\u00e9f\u00e9r\u00e9es.<\/p>\n","protected":false},"featured_media":6941,"template":"","meta":{"_acf_changed":false},"product_brand":[],"product_cat":[822],"product_tag":[530,585],"class_list":{"0":"post-26704","1":"product","2":"type-product","3":"status-publish","4":"has-post-thumbnail","6":"product_cat-mugs-fr","7":"product_tag-animaux","8":"product_tag-ceramique","9":"pa_motivo-don-quichotte","11":"first","12":"instock","13":"shipping-taxable","14":"product-type-simple"},"acf":[],"_links":{"self":[{"href":"https:\/\/olemosaic.com\/fr\/wp-json\/wp\/v2\/product\/26704","targetHints":{"allow":["GET"]}}],"collection":[{"href":"https:\/\/olemosaic.com\/fr\/wp-json\/wp\/v2\/product"}],"about":[{"href":"https:\/\/olemosaic.com\/fr\/wp-json\/wp\/v2\/types\/product"}],"wp:featuredmedia":[{"embeddable":true,"href":"https:\/\/olemosaic.com\/fr\/wp-json\/wp\/v2\/media\/6941"}],"wp:attachment":[{"href":"https:\/\/olemosaic.com\/fr\/wp-json\/wp\/v2\/media?parent=26704"}],"wp:term":[{"taxonomy":"product_brand","embeddable":true,"href":"https:\/\/olemosaic.com\/fr\/wp-json\/wp\/v2\/product_brand?post=26704"},{"taxonomy":"product_cat","embeddable":true,"href":"https:\/\/olemosaic.com\/fr\/wp-json\/wp\/v2\/product_cat?post=26704"},{"taxonomy":"product_tag","embeddable":true,"href":"https:\/\/olemosaic.com\/fr\/wp-json\/wp\/v2\/product_tag?post=26704"}],"curies":[{"name":"wp","href":"https:\/\/api.w.org\/{rel}","templated":true}]}}