{"id":26703,"date":"2025-02-20T23:28:38","date_gmt":"2025-02-20T22:28:38","guid":{"rendered":"http:\/\/olemosaic.com\/producto\/elefante-figura-de-resina-de-75-cm-pintada-a-mano\/"},"modified":"2025-07-25T18:33:59","modified_gmt":"2025-07-25T16:33:59","slug":"elephant-figurine-resine-7-5-cm-peinte-a-la-main","status":"publish","type":"product","link":"https:\/\/olemosaic.com\/fr\/produit\/elephant-figurine-resine-7-5-cm-peinte-a-la-main\/","title":{"rendered":"\u00c9l\u00e9phant. Figurine en mosa\u00efque de 7,5 cm."},"content":{"rendered":"<p>Cette charmante figurine d&rsquo;\u00e9l\u00e9phant en r\u00e9sine de 7,5 cm, avec un effet peint \u00e0 la main, se distingue par son design vibrant en mosa\u00efque, capturant l&rsquo;essence du folklore espagnol. La figurine pr\u00e9sente un merveilleux m\u00e9lange de couleurs telles que le bleu, le rouge, le jaune et le vert, dispos\u00e9es dans un motif de mosa\u00efque qui \u00e9voque les paysages et l&rsquo;artisanat traditionnels. Chaque d\u00e9tail, m\u00e9ticuleusement \u00e9labor\u00e9, refl\u00e8te la ma\u00eetrise artisanale, ce qui en fait un objet id\u00e9al pour d\u00e9corer n&rsquo;importe quel espace, que ce soit \u00e0 la maison ou dans un environnement commercial.<\/p>\n<p>Cette pi\u00e8ce n&rsquo;est pas seulement un attrait visuel, elle symbolise \u00e9galement la richesse culturelle et l&rsquo;amour de la nature pr\u00e9sents dans la tradition espagnole. Les \u00e9l\u00e9phants, souvent associ\u00e9s \u00e0 la sagesse et \u00e0 la bonne fortune, ajoutent une signification suppl\u00e9mentaire \u00e0 ce souvenir, en faisant un cadeau parfait pour ceux qui recherchent un souvenir authentique de leur visite. Chez Ol\u00e9 Mosaic, nous proposons cette figurine d&rsquo;\u00e9l\u00e9phant dans le cadre de notre collection de souvenirs uniques, id\u00e9aux pour les boutiques de cadeaux touristiques souhaitant offrir des produits qui se distinguent par leur authenticit\u00e9 et leur connexion culturelle. Cette figurine d&rsquo;\u00e9l\u00e9phant est un excellent choix pour ceux qui recherchent des souvenirs en r\u00e9sine \u00e0 la fois beaux et repr\u00e9sentatifs de la richesse culturelle de l&rsquo;Espagne.<\/p>\n","protected":false},"excerpt":{"rendered":"<p>Figurine d&rsquo;\u00e9l\u00e9phant de 7,5 cm, design artisanal, peinte \u00e0 la main, avec un design vibrant en mosa\u00efque. Cette charmante figurine pr\u00e9sente un m\u00e9lange de couleurs comme le bleu, le rouge, le jaune et le vert, cr\u00e9ant un attrait visuel qui \u00e9voque le folklore espagnol. Parfaite pour d\u00e9corer n&rsquo;importe quel espace, son artisanat d\u00e9taill\u00e9 souligne la beaut\u00e9 de cet animal dans un style artistique unique, id\u00e9al comme souvenir repr\u00e9sentatif de la culture.<\/p>\n","protected":false},"featured_media":13795,"template":"","meta":{"_acf_changed":false},"product_brand":[],"product_cat":[540],"product_tag":[530],"class_list":{"0":"post-26703","1":"product","2":"type-product","3":"status-publish","4":"has-post-thumbnail","6":"product_cat-chiffres","7":"product_tag-animaux","8":"pa_motivo-elephants","10":"first","11":"instock","12":"shipping-taxable","13":"product-type-simple"},"acf":[],"_links":{"self":[{"href":"https:\/\/olemosaic.com\/fr\/wp-json\/wp\/v2\/product\/26703","targetHints":{"allow":["GET"]}}],"collection":[{"href":"https:\/\/olemosaic.com\/fr\/wp-json\/wp\/v2\/product"}],"about":[{"href":"https:\/\/olemosaic.com\/fr\/wp-json\/wp\/v2\/types\/product"}],"wp:featuredmedia":[{"embeddable":true,"href":"https:\/\/olemosaic.com\/fr\/wp-json\/wp\/v2\/media\/13795"}],"wp:attachment":[{"href":"https:\/\/olemosaic.com\/fr\/wp-json\/wp\/v2\/media?parent=26703"}],"wp:term":[{"taxonomy":"product_brand","embeddable":true,"href":"https:\/\/olemosaic.com\/fr\/wp-json\/wp\/v2\/product_brand?post=26703"},{"taxonomy":"product_cat","embeddable":true,"href":"https:\/\/olemosaic.com\/fr\/wp-json\/wp\/v2\/product_cat?post=26703"},{"taxonomy":"product_tag","embeddable":true,"href":"https:\/\/olemosaic.com\/fr\/wp-json\/wp\/v2\/product_tag?post=26703"}],"curies":[{"name":"wp","href":"https:\/\/api.w.org\/{rel}","templated":true}]}}