{"id":26702,"date":"2025-02-20T22:28:38","date_gmt":"2025-02-20T22:28:38","guid":{"rendered":"http:\/\/olemosaic.com\/producto\/bola-de-navidad-con-caja-panoramica-madrid\/"},"modified":"2025-07-25T20:31:40","modified_gmt":"2025-07-25T18:31:40","slug":"boule-de-noel-avec-boite-panoramique-madrid","status":"publish","type":"product","link":"https:\/\/olemosaic.com\/fr\/produit\/boule-de-noel-avec-boite-panoramique-madrid\/","title":{"rendered":"Boule de No\u00ebl avec bo\u00eete. Panoramique. Madrid."},"content":{"rendered":"<p>Cette charmante boule de No\u00ebl panoramique de Madrid est un ornement en c\u00e9ramique exquis qui c\u00e9l\u00e8bre l&rsquo;essence de la capitale espagnole. Con\u00e7ue avec une repr\u00e9sentation color\u00e9e, ce souvenir capture la magie et le dynamisme de Madrid \u00e0 travers des illustrations vibrantes de monuments iconiques, tels que la majestueuse Puerta de Alcal\u00e1 et l&#8217;embl\u00e9matique Palais de Cibeles. Elle attire le regard avec sa palette de couleurs \u00e9blouissante et un style qui \u00e9voque le c\u00e9l\u00e8bre trencad\u00eds, une technique de mosa\u00efque typique de l&rsquo;architecture moderniste espagnole.<\/p>\n<p>Pr\u00e9sent\u00e9e dans une bo\u00eete \u00e9l\u00e9gante, cette boule n&rsquo;est pas seulement un \u00e9l\u00e9ment d\u00e9coratif, mais un souvenir culturel significatif qui encapsule l&rsquo;histoire et l&rsquo;architecture de Madrid. Elle est id\u00e9ale pour les touristes \u00e0 la recherche de souvenirs authentiques repr\u00e9sentant la diversit\u00e9 culturelle de la ville, ce qui en fait un cadeau parfait pour la saison de No\u00ebl.<\/p>\n<p>Chez Ol\u00e9 Mosaic, nous nous consacrons \u00e0 la distribution de souvenirs en gros, et cette boule de No\u00ebl est un exemple exceptionnel de notre engagement envers la qualit\u00e9 et l&rsquo;artisanat. En choisissant cette pi\u00e8ce unique, les boutiques de cadeaux touristiques peuvent offrir \u00e0 leurs clients un souvenir authentique et repr\u00e9sentatif de Madrid, id\u00e9al pour d\u00e9corer n&rsquo;importe quel foyer pendant les f\u00eates.<\/p>\n","protected":false},"excerpt":{"rendered":"<p>Boule de No\u00ebl panoramique, con\u00e7ue avec une repr\u00e9sentation color\u00e9e de Madrid. Cet ornement charmant en c\u00e9ramique est d\u00e9cor\u00e9 d&rsquo;illustrations de monuments madril\u00e8nes embl\u00e9matiques, tels que la Puerta de Alcal\u00e1 et le Palais de Cibeles, r\u00e9alis\u00e9s dans une palette de couleurs vibrantes et un style \u00e9voquant le trencad\u00eds. Pr\u00e9sent\u00e9e dans une bo\u00eete \u00e9l\u00e9gante, c&rsquo;est le cadeau parfait pour ajouter une touche festive et culturelle \u00e0 la d\u00e9coration de No\u00ebl.<\/p>\n","protected":false},"featured_media":9854,"template":"","meta":{"_acf_changed":false},"product_brand":[],"product_cat":[659],"product_tag":[646],"class_list":{"0":"post-26702","1":"product","2":"type-product","3":"status-publish","4":"has-post-thumbnail","6":"product_cat-boules-de-noel","7":"product_tag-noel","8":"pa_ciudad-madrid","9":"pa_motivo-panoramas","10":"pa_pais-espana","12":"first","13":"instock","14":"shipping-taxable","15":"product-type-simple"},"acf":[],"_links":{"self":[{"href":"https:\/\/olemosaic.com\/fr\/wp-json\/wp\/v2\/product\/26702","targetHints":{"allow":["GET"]}}],"collection":[{"href":"https:\/\/olemosaic.com\/fr\/wp-json\/wp\/v2\/product"}],"about":[{"href":"https:\/\/olemosaic.com\/fr\/wp-json\/wp\/v2\/types\/product"}],"wp:featuredmedia":[{"embeddable":true,"href":"https:\/\/olemosaic.com\/fr\/wp-json\/wp\/v2\/media\/9854"}],"wp:attachment":[{"href":"https:\/\/olemosaic.com\/fr\/wp-json\/wp\/v2\/media?parent=26702"}],"wp:term":[{"taxonomy":"product_brand","embeddable":true,"href":"https:\/\/olemosaic.com\/fr\/wp-json\/wp\/v2\/product_brand?post=26702"},{"taxonomy":"product_cat","embeddable":true,"href":"https:\/\/olemosaic.com\/fr\/wp-json\/wp\/v2\/product_cat?post=26702"},{"taxonomy":"product_tag","embeddable":true,"href":"https:\/\/olemosaic.com\/fr\/wp-json\/wp\/v2\/product_tag?post=26702"}],"curies":[{"name":"wp","href":"https:\/\/api.w.org\/{rel}","templated":true}]}}