{"id":26701,"date":"2025-02-20T22:28:38","date_gmt":"2025-02-20T22:28:38","guid":{"rendered":"http:\/\/olemosaic.com\/producto\/bola-de-navidad-con-caja-buhos-lanzarote\/"},"modified":"2025-07-25T18:36:20","modified_gmt":"2025-07-25T16:36:20","slug":"boule-de-noel-avec-boite-hiboux-lanzarote","status":"publish","type":"product","link":"https:\/\/olemosaic.com\/fr\/produit\/boule-de-noel-avec-boite-hiboux-lanzarote\/","title":{"rendered":"Boule de No\u00ebl avec bo\u00eete. Hiboux. Lanzarote."},"content":{"rendered":"<p>Cette charmante boule de No\u00ebl d\u00e9corative est un souvenir exceptionnel de Lanzarote, con\u00e7ue en c\u00e9ramique avec un motif vibrant et color\u00e9 qui rend hommage \u00e0 l&rsquo;art de la mosa\u00efque typique de l&rsquo;\u00eele. Au centre, se d\u00e9tache un hibou peint avec des d\u00e9tails complexes et des couleurs vives, comme le jaune, le vert et le rouge, qui d\u00e9peint non seulement la beaut\u00e9 de la faune canarienne, mais aussi la riche tradition artistique de Lanzarote. La figure du hibou est perch\u00e9e sur une branche, \u00e9voquant la connexion avec la nature qui caract\u00e9rise ce territoire volcanique. La boule inclut le mot \u00ab\u00a0ROTE\u00a0\u00bb \u00e0 sa base, ajoutant une touche personnelle et attrayante.<\/p>\n<p>Pr\u00e9sent\u00e9e dans une bo\u00eete \u00e9l\u00e9gante, cette boule est parfaite non seulement comme d\u00e9coration pour le sapin de No\u00ebl, mais aussi comme un souvenir significatif des traditions de No\u00ebl aux Canaries. Ol\u00e9 Mosaic est fier de proposer des produits qui c\u00e9l\u00e8brent la culture locale, et cette boule de No\u00ebl est un excellent exemple de la mani\u00e8re dont les souvenirs peuvent capturer l&rsquo;essence d&rsquo;un lieu. Id\u00e9ale pour les boutiques de cadeaux touristiques, cette pi\u00e8ce unique attirera non seulement l&rsquo;attention des touristes, mais servira \u00e9galement de rappel durable de leur visite \u00e0 Lanzarote, devenant un tr\u00e9sor pr\u00e9cieux pendant de nombreuses ann\u00e9es.<\/p>\n","protected":false},"excerpt":{"rendered":"<p>Boule de No\u00ebl d\u00e9corative \u00e9labor\u00e9e en c\u00e9ramique, avec un design color\u00e9 de hibou inspir\u00e9 de l&rsquo;art de la mosa\u00efque typique de Lanzarote. Cette boule, qui inclut une bo\u00eete \u00e9l\u00e9gante, montre un hibou avec des couleurs et des textures tr\u00e8s d\u00e9taill\u00e9es, accompagn\u00e9 du nom \u00ab\u00a0ROTE\u00a0\u00bb \u00e0 sa base. Son design artistique et joyeux en fait un souvenir parfait des traditions de No\u00ebl canariennes, id\u00e9al pour d\u00e9corer le sapin de No\u00ebl.<\/p>\n","protected":false},"featured_media":13794,"template":"","meta":{"_acf_changed":false},"product_brand":[],"product_cat":[659],"product_tag":[530,646],"class_list":{"0":"post-26701","1":"product","2":"type-product","3":"status-publish","4":"has-post-thumbnail","6":"product_cat-boules-de-noel","7":"product_tag-animaux","8":"product_tag-noel","9":"pa_ciudad-lanzarote","10":"pa_motivo-hiboux","11":"pa_pais-espana","13":"first","14":"instock","15":"shipping-taxable","16":"product-type-simple"},"acf":[],"_links":{"self":[{"href":"https:\/\/olemosaic.com\/fr\/wp-json\/wp\/v2\/product\/26701","targetHints":{"allow":["GET"]}}],"collection":[{"href":"https:\/\/olemosaic.com\/fr\/wp-json\/wp\/v2\/product"}],"about":[{"href":"https:\/\/olemosaic.com\/fr\/wp-json\/wp\/v2\/types\/product"}],"wp:featuredmedia":[{"embeddable":true,"href":"https:\/\/olemosaic.com\/fr\/wp-json\/wp\/v2\/media\/13794"}],"wp:attachment":[{"href":"https:\/\/olemosaic.com\/fr\/wp-json\/wp\/v2\/media?parent=26701"}],"wp:term":[{"taxonomy":"product_brand","embeddable":true,"href":"https:\/\/olemosaic.com\/fr\/wp-json\/wp\/v2\/product_brand?post=26701"},{"taxonomy":"product_cat","embeddable":true,"href":"https:\/\/olemosaic.com\/fr\/wp-json\/wp\/v2\/product_cat?post=26701"},{"taxonomy":"product_tag","embeddable":true,"href":"https:\/\/olemosaic.com\/fr\/wp-json\/wp\/v2\/product_tag?post=26701"}],"curies":[{"name":"wp","href":"https:\/\/api.w.org\/{rel}","templated":true}]}}