{"id":26700,"date":"2025-02-20T22:28:38","date_gmt":"2025-02-20T22:28:38","guid":{"rendered":"http:\/\/olemosaic.com\/producto\/taza-de-ceramica-toro-madrid-beige\/"},"modified":"2025-07-25T19:44:36","modified_gmt":"2025-07-25T17:44:36","slug":"tasse-en-ceramique-taureau-madrid-beige","status":"publish","type":"product","link":"https:\/\/olemosaic.com\/fr\/produit\/tasse-en-ceramique-taureau-madrid-beige\/","title":{"rendered":"Tasse en c\u00e9ramique. Taureau. Madrid. Beige."},"content":{"rendered":"<p>Cette \u00e9l\u00e9gante tasse en c\u00e9ramique est un souvenir embl\u00e9matique qui capture l&rsquo;essence de Madrid avec son design vibrant de taureau, symbole iconique de la culture espagnole. Sa finition dans un ton beige chaleureux souligne parfaitement le motif attrayant en mosa\u00efque qui orne chaque c\u00f4t\u00e9 de la tasse, un hommage \u00e0 la riche tradition artistique de la r\u00e9gion. La figure du taureau, pr\u00e9sent\u00e9e avec un entrelacement color\u00e9 \u00e9voquant le vitrail, se dresse majestueusement sur un fond rouge symbolisant la passion et l&rsquo;\u00e9nergie de la capitale espagnole. Le mot \u00ab\u00a0MADRID\u00a0\u00bb est imprim\u00e9 en lettres vibrantes, ajoutant une touche joyeuse et moderne au design.<\/p>\n<p>En plus de son esth\u00e9tique, cette tasse dispose d&rsquo;une anse color\u00e9e qui, en plus d&rsquo;apporter un \u00e9l\u00e9ment contemporain, garantit une prise en main confortable pour profiter de vos boissons pr\u00e9f\u00e9r\u00e9es. Ce souvenir de Madrid n&rsquo;est pas seulement un objet fonctionnel, mais un v\u00e9ritable rappel de la culture espagnole, parfait pour ceux qui cherchent \u00e0 emporter une pi\u00e8ce de la vie madril\u00e8ne vibrante. Chez Ol\u00e9 Mosaic, nous sommes experts dans la distribution de souvenirs en gros et cette tasse en c\u00e9ramique est une excellente option pour les boutiques de cadeaux touristiques souhaitant proposer des produits de qualit\u00e9, uniques et repr\u00e9sentatifs de la richesse culturelle de l&rsquo;Espagne.<\/p>\n","protected":false},"excerpt":{"rendered":"<p>Tasse en c\u00e9ramique \u00e9l\u00e9gante avec un design color\u00e9 de taureau, symbole embl\u00e9matique de Madrid. Ce produit, \u00e0 la finition beige, pr\u00e9sente un motif attrayant en mosa\u00efque qui se d\u00e9tache des deux c\u00f4t\u00e9s, accompagn\u00e9 du mot \u00ab\u00a0MADRID\u00a0\u00bb imprim\u00e9 en lettres vibrantes. La tasse, avec une anse color\u00e9e, ajoute une touche moderne et fonctionnelle, parfaite pour savourer vos boissons pr\u00e9f\u00e9r\u00e9es tout en vous rappelant l&rsquo;essence de la culture espagnole.<\/p>\n","protected":false},"featured_media":6905,"template":"","meta":{"_acf_changed":false},"product_brand":[],"product_cat":[822],"product_tag":[530,585],"class_list":{"0":"post-26700","1":"product","2":"type-product","3":"status-publish","4":"has-post-thumbnail","6":"product_cat-mugs-fr","7":"product_tag-animaux","8":"product_tag-ceramique","9":"pa_ciudad-madrid","10":"pa_motivo-taureaux","11":"pa_pais-espana","13":"first","14":"instock","15":"shipping-taxable","16":"product-type-simple"},"acf":[],"_links":{"self":[{"href":"https:\/\/olemosaic.com\/fr\/wp-json\/wp\/v2\/product\/26700","targetHints":{"allow":["GET"]}}],"collection":[{"href":"https:\/\/olemosaic.com\/fr\/wp-json\/wp\/v2\/product"}],"about":[{"href":"https:\/\/olemosaic.com\/fr\/wp-json\/wp\/v2\/types\/product"}],"wp:featuredmedia":[{"embeddable":true,"href":"https:\/\/olemosaic.com\/fr\/wp-json\/wp\/v2\/media\/6905"}],"wp:attachment":[{"href":"https:\/\/olemosaic.com\/fr\/wp-json\/wp\/v2\/media?parent=26700"}],"wp:term":[{"taxonomy":"product_brand","embeddable":true,"href":"https:\/\/olemosaic.com\/fr\/wp-json\/wp\/v2\/product_brand?post=26700"},{"taxonomy":"product_cat","embeddable":true,"href":"https:\/\/olemosaic.com\/fr\/wp-json\/wp\/v2\/product_cat?post=26700"},{"taxonomy":"product_tag","embeddable":true,"href":"https:\/\/olemosaic.com\/fr\/wp-json\/wp\/v2\/product_tag?post=26700"}],"curies":[{"name":"wp","href":"https:\/\/api.w.org\/{rel}","templated":true}]}}