{"id":26699,"date":"2025-02-20T22:28:38","date_gmt":"2025-02-20T22:28:38","guid":{"rendered":"http:\/\/olemosaic.com\/producto\/taza-de-ceramica-mosaico-barcelona-blanco\/"},"modified":"2025-07-25T20:07:13","modified_gmt":"2025-07-25T18:07:13","slug":"tasse-en-ceramique-mosaique-barcelone-blanc","status":"publish","type":"product","link":"https:\/\/olemosaic.com\/fr\/produit\/tasse-en-ceramique-mosaique-barcelone-blanc\/","title":{"rendered":"Tasse en c\u00e9ramique. Mosa\u00efque. Barcelone. Blanc."},"content":{"rendered":"<p>Cette \u00e9l\u00e9gante tasse en c\u00e9ramique, d\u00e9cor\u00e9e d&rsquo;une mosa\u00efque vibrante, est un hommage au riche h\u00e9ritage culturel de Barcelone. Son design pr\u00e9sente une collection vari\u00e9e de motifs g\u00e9om\u00e9triques en bleu, rouge, jaune et blanc, qui \u00e9voquent la beaut\u00e9 des c\u00e9l\u00e8bres mosa\u00efques ornant la ville embl\u00e9matique. Les d\u00e9tails complexes de chaque motif refl\u00e8tent le savoir-faire artisanal typique de la r\u00e9gion, transformant cette tasse en un authentique souvenir qui capture l&rsquo;essence de l&rsquo;art et de la tradition de la capitale catalane.<\/p>\n<p>L&rsquo;anse, qui ressemble \u00e0 un petit oiseau, ajoute non seulement une touche ludique et distinctive, mais symbolise \u00e9galement la connexion avec la nature que l&rsquo;on trouve \u00e0 Barcelone. La finition blanche de la c\u00e9ramique rehausse la vivacit\u00e9 des couleurs, faisant de chaque gorg\u00e9e de votre boisson une exp\u00e9rience visuelle aussi plaisante que le go\u00fbt.<\/p>\n<p>Ce souvenir, parfait pour les touristes cherchant \u00e0 ramener chez eux un morceau de la culture barcelonaise, n&rsquo;est pas seulement fonctionnel, mais aussi une pi\u00e8ce d\u00e9corative qui rappellera les moments v\u00e9cus dans cette ville pleine d&rsquo;histoire et d&rsquo;art. Chez Ol\u00e9 Mosaic, nous nous sp\u00e9cialisons dans la distribution en gros de souvenirs authentiques repr\u00e9sentant la richesse culturelle de l&rsquo;Espagne, comme cette tasse en c\u00e9ramique, id\u00e9ale pour les boutiques de souvenirs souhaitant proposer des produits de qualit\u00e9 et porteurs de sens.<\/p>\n","protected":false},"excerpt":{"rendered":"<p>Tasse en c\u00e9ramique d\u00e9cor\u00e9e d&rsquo;une mosa\u00efque vibrante \u00e9voquant la richesse culturelle de Barcelone. Son design \u00e9l\u00e9gant pr\u00e9sente une vari\u00e9t\u00e9 de motifs g\u00e9om\u00e9triques en bleu, rouge, jaune et blanc, inspir\u00e9s des mosa\u00efques typiques de la ville. L&rsquo;anse, en forme de petit oiseau, ajoute une touche unique et personnelle. Parfaite pour savourer vos boissons tout en appr\u00e9ciant l&rsquo;art et la tradition de la capitale catalane.<\/p>\n","protected":false},"featured_media":9114,"template":"","meta":{"_acf_changed":false},"product_brand":[],"product_cat":[822],"product_tag":[585],"class_list":{"0":"post-26699","1":"product","2":"type-product","3":"status-publish","4":"has-post-thumbnail","6":"product_cat-mugs-fr","7":"product_tag-ceramique","8":"pa_ciudad-barcelona","9":"pa_motivo-mosaique","10":"pa_pais-espana","12":"first","13":"instock","14":"shipping-taxable","15":"product-type-simple"},"acf":[],"_links":{"self":[{"href":"https:\/\/olemosaic.com\/fr\/wp-json\/wp\/v2\/product\/26699","targetHints":{"allow":["GET"]}}],"collection":[{"href":"https:\/\/olemosaic.com\/fr\/wp-json\/wp\/v2\/product"}],"about":[{"href":"https:\/\/olemosaic.com\/fr\/wp-json\/wp\/v2\/types\/product"}],"wp:featuredmedia":[{"embeddable":true,"href":"https:\/\/olemosaic.com\/fr\/wp-json\/wp\/v2\/media\/9114"}],"wp:attachment":[{"href":"https:\/\/olemosaic.com\/fr\/wp-json\/wp\/v2\/media?parent=26699"}],"wp:term":[{"taxonomy":"product_brand","embeddable":true,"href":"https:\/\/olemosaic.com\/fr\/wp-json\/wp\/v2\/product_brand?post=26699"},{"taxonomy":"product_cat","embeddable":true,"href":"https:\/\/olemosaic.com\/fr\/wp-json\/wp\/v2\/product_cat?post=26699"},{"taxonomy":"product_tag","embeddable":true,"href":"https:\/\/olemosaic.com\/fr\/wp-json\/wp\/v2\/product_tag?post=26699"}],"curies":[{"name":"wp","href":"https:\/\/api.w.org\/{rel}","templated":true}]}}