{"id":26694,"date":"2025-02-20T22:28:37","date_gmt":"2025-02-20T22:28:37","guid":{"rendered":"http:\/\/olemosaic.com\/producto\/funda-de-telefono-para-iphone-12-tpu-abstracto-azul\/"},"modified":"2025-07-25T19:44:35","modified_gmt":"2025-07-25T17:44:35","slug":"coque-de-telephone-pour-iphone-12-tpu-abstrait-bleu","status":"publish","type":"product","link":"https:\/\/olemosaic.com\/fr\/produit\/coque-de-telephone-pour-iphone-12-tpu-abstrait-bleu\/","title":{"rendered":"Coque de t\u00e9l\u00e9phone pour iPhone 12 (TPU). Abstrait. Bleu"},"content":{"rendered":"<p>Cette coque color\u00e9e pour iPhone 12 est l&rsquo;accessoire parfait pour ceux qui cherchent \u00e0 refl\u00e9ter l&rsquo;essence vibrante de Barcelone dans leur quotidien. Fabriqu\u00e9e en TPU de haute qualit\u00e9, cette coque se caract\u00e9rise par son design abstrait qui combine un motif dynamique dans des tons bleus, oranges, roses et jaunes, cr\u00e9ant des ondes fluides qui \u00e9voquent la cr\u00e9ativit\u00e9 et l&rsquo;\u00e9nergie de la ville. Sur la partie frontale, le nom \u00ab\u00a0Barcelona\u00a0\u00bb se distingue par un style moderne et urbain, apportant une touche contemporaine et distinctive.<\/p>\n<p>La connexion culturelle de cette coque avec Barcelone est ind\u00e9niable, car son design abstrait capture l&rsquo;essence de l&rsquo;architecture et de l&rsquo;art d&rsquo;avant-garde que la ville repr\u00e9sente, des \u0153uvres d&rsquo;Antoni Gaud\u00ed au c\u00e9l\u00e8bre mural de Joan Mir\u00f3. Ce souvenir de Barcelone ne prot\u00e8ge pas seulement votre appareil des chocs et des rayures, mais agit \u00e9galement comme une d\u00e9claration de style et un rappel des exp\u00e9riences v\u00e9cues dans cette ville magnifique.<\/p>\n<p>Chez Ol\u00e9 Mosaic, en tant que distributeurs de souvenirs en gros, nous proposons des produits authentiques qui c\u00e9l\u00e8brent la culture locale. Cette coque de t\u00e9l\u00e9phone est une excellente option pour les boutiques de cadeaux touristiques souhaitant offrir \u00e0 leurs clients des souvenirs uniques et repr\u00e9sentatifs de Barcelone. Avec son design attrayant et sa fonctionnalit\u00e9, c&rsquo;est le cadeau id\u00e9al pour les amateurs d&rsquo;esth\u00e9tique urbaine et de culture catalane.<\/p>\n","protected":false},"excerpt":{"rendered":"<p>Coque pour iPhone 12 en TPU avec un design abstrait et vibrant qui capture l&rsquo;essence de Barcelone. Son motif color\u00e9 dans des tons bleus, oranges, roses et jaunes pr\u00e9sente des ondes fluides qui \u00e9voquent le dynamisme et la cr\u00e9ativit\u00e9. Sur le devant, le nom \u00ab\u00a0Barcelona\u00a0\u00bb se d\u00e9tache dans un style moderne, ajoutant une touche urbaine et contemporaine. Cette coque prot\u00e8ge non seulement votre appareil, mais constitue \u00e9galement une d\u00e9claration de style inspir\u00e9e par la riche culture de la ville.<\/p>\n","protected":false},"featured_media":12228,"template":"","meta":{"_acf_changed":false},"product_brand":[],"product_cat":[674],"product_tag":[],"class_list":{"0":"post-26694","1":"product","2":"type-product","3":"status-publish","4":"has-post-thumbnail","6":"product_cat-etuis-pour-telephones-portables","7":"pa_ciudad-barcelona","8":"pa_motivo-resume","9":"pa_pais-espana","11":"first","12":"instock","13":"shipping-taxable","14":"product-type-simple"},"acf":[],"_links":{"self":[{"href":"https:\/\/olemosaic.com\/fr\/wp-json\/wp\/v2\/product\/26694","targetHints":{"allow":["GET"]}}],"collection":[{"href":"https:\/\/olemosaic.com\/fr\/wp-json\/wp\/v2\/product"}],"about":[{"href":"https:\/\/olemosaic.com\/fr\/wp-json\/wp\/v2\/types\/product"}],"wp:featuredmedia":[{"embeddable":true,"href":"https:\/\/olemosaic.com\/fr\/wp-json\/wp\/v2\/media\/12228"}],"wp:attachment":[{"href":"https:\/\/olemosaic.com\/fr\/wp-json\/wp\/v2\/media?parent=26694"}],"wp:term":[{"taxonomy":"product_brand","embeddable":true,"href":"https:\/\/olemosaic.com\/fr\/wp-json\/wp\/v2\/product_brand?post=26694"},{"taxonomy":"product_cat","embeddable":true,"href":"https:\/\/olemosaic.com\/fr\/wp-json\/wp\/v2\/product_cat?post=26694"},{"taxonomy":"product_tag","embeddable":true,"href":"https:\/\/olemosaic.com\/fr\/wp-json\/wp\/v2\/product_tag?post=26694"}],"curies":[{"name":"wp","href":"https:\/\/api.w.org\/{rel}","templated":true}]}}