{"id":26693,"date":"2025-02-20T23:28:37","date_gmt":"2025-02-20T22:28:37","guid":{"rendered":"http:\/\/olemosaic.com\/producto\/botella-inox-500-ml-salamandra-4\/"},"modified":"2025-07-25T19:10:41","modified_gmt":"2025-07-25T17:10:41","slug":"bouteille-inox-500-ml-salamandre-4","status":"publish","type":"product","link":"https:\/\/olemosaic.com\/fr\/produit\/bouteille-inox-500-ml-salamandre-4\/","title":{"rendered":"Bouteille inox. 500 ml. Salamandre. Gaudi."},"content":{"rendered":"<p>Cette bouteille en inox de 500 ml est un hommage \u00e9l\u00e9gant \u00e0 l&rsquo;art catalan, rendant hommage au c\u00e9l\u00e8bre trencad\u00eds de Gaud\u00ed. Sa surface blanche est orn\u00e9e d&rsquo;illustrations color\u00e9es de salamandres dans des tons vibrants de rouge, vert et bleu, accompagn\u00e9es de fleurs stylis\u00e9es en rouge et bleu. Ce design n&rsquo;est pas seulement visuellement frappant, mais il \u00e9voque \u00e9galement la cr\u00e9ativit\u00e9 et les couleurs du modernisme catalant, ce qui en fait un authentique souvenir d&rsquo;Espagne.<\/p>\n<p>La bouteille, avec une finition moderne et polie, garde vos boissons froides plus longtemps, ce qui la rend id\u00e9ale pour tout aventurier urbain ou voyageur. Les salamandres, symboles de transformation et de renaissance, apportent une touche de signification culturelle, tandis que la finition en acier inoxydable garantit la durabilit\u00e9 et une utilisation prolong\u00e9e. La combinaison de l&rsquo;utilit\u00e9 et de l&rsquo;esth\u00e9tique en fait un excellent cadeau pour les touristes \u00e0 la recherche de souvenirs authentiques et repr\u00e9sentatifs de la culture catalane.<\/p>\n<p>Chez Ol\u00e9 Mosaic, nous sommes experts dans la distribution de souvenirs en gros, offrant des produits qui c\u00e9l\u00e8brent le riche h\u00e9ritage culturel de l&rsquo;Espagne. Cette bouteille en inox d\u00e9cor\u00e9e n&rsquo;est pas seulement un objet pratique, mais une pi\u00e8ce artistique qui peut \u00eatre une option de choix pour les boutiques de cadeaux touristiques \u00e0 la recherche d&rsquo;articles uniques et authentiques.<\/p>\n","protected":false},"excerpt":{"rendered":"<p>Bouteille en acier inoxydable de 500 ml d\u00e9cor\u00e9e d&rsquo;un design vibrant de salamandres dans le style du c\u00e9l\u00e8bre trencad\u00eds de Gaud\u00ed. La surface blanche pr\u00e9sente des illustrations color\u00e9es de salamandres dans des tons rouges, verts et bleus, accompagn\u00e9es de fleurs rouges et bleues. Avec une finition \u00e9l\u00e9gante et moderne, cette bouteille est non seulement fonctionnelle pour garder vos boissons froides, mais elle est aussi un magnifique reflet de l&rsquo;art et de la culture catalane, id\u00e9ale pour emporter un morceau d&rsquo;Espagne avec vous.<\/p>\n","protected":false},"featured_media":9888,"template":"","meta":{"_acf_changed":false},"product_brand":[],"product_cat":[784],"product_tag":[530],"class_list":{"0":"post-26693","1":"product","2":"type-product","3":"status-publish","4":"has-post-thumbnail","6":"product_cat-bouteilles-inox","7":"product_tag-animaux","8":"pa_motivo-salamandres","10":"first","11":"instock","12":"shipping-taxable","13":"product-type-simple"},"acf":[],"_links":{"self":[{"href":"https:\/\/olemosaic.com\/fr\/wp-json\/wp\/v2\/product\/26693","targetHints":{"allow":["GET"]}}],"collection":[{"href":"https:\/\/olemosaic.com\/fr\/wp-json\/wp\/v2\/product"}],"about":[{"href":"https:\/\/olemosaic.com\/fr\/wp-json\/wp\/v2\/types\/product"}],"wp:featuredmedia":[{"embeddable":true,"href":"https:\/\/olemosaic.com\/fr\/wp-json\/wp\/v2\/media\/9888"}],"wp:attachment":[{"href":"https:\/\/olemosaic.com\/fr\/wp-json\/wp\/v2\/media?parent=26693"}],"wp:term":[{"taxonomy":"product_brand","embeddable":true,"href":"https:\/\/olemosaic.com\/fr\/wp-json\/wp\/v2\/product_brand?post=26693"},{"taxonomy":"product_cat","embeddable":true,"href":"https:\/\/olemosaic.com\/fr\/wp-json\/wp\/v2\/product_cat?post=26693"},{"taxonomy":"product_tag","embeddable":true,"href":"https:\/\/olemosaic.com\/fr\/wp-json\/wp\/v2\/product_tag?post=26693"}],"curies":[{"name":"wp","href":"https:\/\/api.w.org\/{rel}","templated":true}]}}