{"id":26687,"date":"2025-02-20T23:28:37","date_gmt":"2025-02-20T22:28:37","guid":{"rendered":"http:\/\/olemosaic.com\/producto\/botella-inox-350-ml-salamandra-barcelona\/"},"modified":"2025-07-25T19:37:36","modified_gmt":"2025-07-25T17:37:36","slug":"bouteille-inox-350-ml-salamandre-barcelone","status":"publish","type":"product","link":"https:\/\/olemosaic.com\/fr\/produit\/bouteille-inox-350-ml-salamandre-barcelone\/","title":{"rendered":"Bouteille inox. 350 ml. Salamandre. Barcelone."},"content":{"rendered":"<p>Cette bouteille en acier inoxydable de 350 ml, d\u00e9cor\u00e9e d&rsquo;un design vibrant de salamandre, est un hommage \u00e0 l&rsquo;\u0153uvre magnifique du c\u00e9l\u00e8bre architecte moderniste Antoni Gaud\u00ed, embl\u00e8me de Barcelone. Sa finition brillante pr\u00e9sente une illustration color\u00e9e qui int\u00e8gre des d\u00e9tails en rouge, bleu et vert, \u00e9voquant la singularit\u00e9 de la mosa\u00efque du Parc G\u00fcell. La salamandre, avec son corps \u00e9tendu et son motif g\u00e9om\u00e9trique captivant, ne repr\u00e9sente pas seulement la cr\u00e9ativit\u00e9 de l&rsquo;art moderniste, mais symbolise \u00e9galement le lien entre la nature et l&rsquo;environnement urbain, l&rsquo;une des caract\u00e9ristiques cl\u00e9s du design de Gaud\u00ed.<\/p>\n<p>Le design pratique de la bouteille permet de maintenir vos boissons froides ou chaudes, ce qui en fait le compagnon id\u00e9al lors de vos promenades dans la ville vibrante. Pr\u00e9sent\u00e9e dans une bo\u00eete attrayante au design multicolore, cette bouteille est un cadeau parfait pour les amateurs de culture et d&rsquo;art, et un souvenir id\u00e9al qui encapsule l&rsquo;essence de Barcelone.<\/p>\n<p>Chez Ol\u00e9 Mosaic, nous nous sp\u00e9cialisons dans la distribution de souvenirs en gros, proposant des produits authentiques qui refl\u00e8tent le riche h\u00e9ritage culturel espagnol. Cette bouteille en acier inoxydable est une excellente option pour les boutiques de cadeaux touristiques \u00e0 la recherche d&rsquo;articles uniques et de qualit\u00e9, garantissant ainsi que vos clients emportent un morceau de Barcelone chez eux.<\/p>\n","protected":false},"excerpt":{"rendered":"<p>Bouteille en inox de 350 ml d\u00e9cor\u00e9e d&rsquo;un design vibrant de salamandre, inspir\u00e9 de la c\u00e9l\u00e8bre mosa\u00efque de Gaud\u00ed \u00e0 Barcelone. Cette bouteille, \u00e9l\u00e9gante et fonctionnelle, pr\u00e9sente une finition brillante et color\u00e9e avec des d\u00e9tails en rouge, bleu et vert, \u00e9voquant la singularit\u00e9 de l&rsquo;art moderniste. Elle est pr\u00e9sent\u00e9e dans une bo\u00eete attrayante au design multicolore, ce qui en fait le cadeau parfait pour les amateurs de culture et d&rsquo;art. Elle est id\u00e9ale pour maintenir vos boissons froides ou chaudes tout en explorant la ville.<\/p>\n","protected":false},"featured_media":11143,"template":"","meta":{"_acf_changed":false},"product_brand":[],"product_cat":[784],"product_tag":[530],"class_list":{"0":"post-26687","1":"product","2":"type-product","3":"status-publish","4":"has-post-thumbnail","6":"product_cat-bouteilles-inox","7":"product_tag-animaux","8":"pa_ciudad-barcelona","9":"pa_motivo-salamandres","10":"pa_pais-espana","12":"first","13":"instock","14":"shipping-taxable","15":"product-type-simple"},"acf":[],"_links":{"self":[{"href":"https:\/\/olemosaic.com\/fr\/wp-json\/wp\/v2\/product\/26687","targetHints":{"allow":["GET"]}}],"collection":[{"href":"https:\/\/olemosaic.com\/fr\/wp-json\/wp\/v2\/product"}],"about":[{"href":"https:\/\/olemosaic.com\/fr\/wp-json\/wp\/v2\/types\/product"}],"wp:featuredmedia":[{"embeddable":true,"href":"https:\/\/olemosaic.com\/fr\/wp-json\/wp\/v2\/media\/11143"}],"wp:attachment":[{"href":"https:\/\/olemosaic.com\/fr\/wp-json\/wp\/v2\/media?parent=26687"}],"wp:term":[{"taxonomy":"product_brand","embeddable":true,"href":"https:\/\/olemosaic.com\/fr\/wp-json\/wp\/v2\/product_brand?post=26687"},{"taxonomy":"product_cat","embeddable":true,"href":"https:\/\/olemosaic.com\/fr\/wp-json\/wp\/v2\/product_cat?post=26687"},{"taxonomy":"product_tag","embeddable":true,"href":"https:\/\/olemosaic.com\/fr\/wp-json\/wp\/v2\/product_tag?post=26687"}],"curies":[{"name":"wp","href":"https:\/\/api.w.org\/{rel}","templated":true}]}}