{"id":26686,"date":"2025-02-20T23:28:36","date_gmt":"2025-02-20T22:28:36","guid":{"rendered":"http:\/\/olemosaic.com\/producto\/botella-inox-350-ml-mariposa\/"},"modified":"2025-07-25T20:30:20","modified_gmt":"2025-07-25T18:30:20","slug":"bouteille-inox-350-ml-papillon","status":"publish","type":"product","link":"https:\/\/olemosaic.com\/fr\/produit\/bouteille-inox-350-ml-papillon\/","title":{"rendered":"Bouteille inox. 350 ml. Papillon."},"content":{"rendered":"<p>Cette bouteille en acier inoxydable, d\u00e9cor\u00e9e de papillons vibrants, est le souvenir id\u00e9al pour refl\u00e9ter la beaut\u00e9 color\u00e9e de l&rsquo;art de la mosa\u00efque espagnole. D&rsquo;une capacit\u00e9 de 350 ml, elle est parfaite pour maintenir vos boissons froides ou chaudes, ce qui en fait un accessoire pratique et \u00e9l\u00e9gant pour toute occasion. Le design pr\u00e9sente une s\u00e9rie de papillons de diverses couleurs, allant des oranges intenses aux bleus et violets brillants, accompagn\u00e9s de petites fleurs qui apportent une touche fra\u00eeche et joyeuse. Ce contraste chromatique repose sur un fond de mosa\u00efque blanche qui \u00e9voque la tradition artistique de la c\u00e9ramique espagnole, soulignant sa pertinence culturelle.<\/p>\n<p>La finition moderne et le mat\u00e9riau r\u00e9sistant font de cette bouteille non seulement un objet fonctionnel, mais aussi un souvenir plein d&rsquo;authenticit\u00e9 et d&rsquo;\u00e9l\u00e9gance. C&rsquo;est une excellente option pour les touristes \u00e0 la recherche d&rsquo;un souvenir alliant art et utilit\u00e9. Chez Ol\u00e9 Mosaic, nous nous sp\u00e9cialisons dans la distribution d&rsquo;articles \u00e0 forte valeur culturelle, et cette bouteille en acier inoxydable avec papillons est id\u00e9ale pour les boutiques de cadeaux touristiques souhaitant proposer d&rsquo;authentiques souvenirs d&rsquo;Espagne, attirant des clients qui appr\u00e9cient le design et la cr\u00e9ativit\u00e9 de chaque pi\u00e8ce. En tant que grossistes d&rsquo;articles de cadeau, nous garantissons la qualit\u00e9 et l&rsquo;attrait de nos produits.<\/p>\n","protected":false},"excerpt":{"rendered":"<p>Bouteille en acier inoxydable de 350 ml, d\u00e9cor\u00e9e de papillons vibrants sur un fond blanc avec effet mosa\u00efque. Ce design attrayant montre des papillons de diverses couleurs, comme l&rsquo;orange, le bleu et le violet, ainsi que de petites fleurs qui lui donnent une touche fra\u00eeche. Parfaite pour maintenir vos boissons froides ou chaudes, sa finition moderne et son mat\u00e9riau r\u00e9sistant en font un souvenir pratique qui \u00e9voque la beaut\u00e9 de l&rsquo;art de la mosa\u00efque espagnole.<\/p>\n","protected":false},"featured_media":12794,"template":"","meta":{"_acf_changed":false},"product_brand":[],"product_cat":[784],"product_tag":[530],"class_list":{"0":"post-26686","1":"product","2":"type-product","3":"status-publish","4":"has-post-thumbnail","6":"product_cat-bouteilles-inox","7":"product_tag-animaux","8":"pa_motivo-papillons","10":"first","11":"instock","12":"shipping-taxable","13":"product-type-simple"},"acf":[],"_links":{"self":[{"href":"https:\/\/olemosaic.com\/fr\/wp-json\/wp\/v2\/product\/26686","targetHints":{"allow":["GET"]}}],"collection":[{"href":"https:\/\/olemosaic.com\/fr\/wp-json\/wp\/v2\/product"}],"about":[{"href":"https:\/\/olemosaic.com\/fr\/wp-json\/wp\/v2\/types\/product"}],"wp:featuredmedia":[{"embeddable":true,"href":"https:\/\/olemosaic.com\/fr\/wp-json\/wp\/v2\/media\/12794"}],"wp:attachment":[{"href":"https:\/\/olemosaic.com\/fr\/wp-json\/wp\/v2\/media?parent=26686"}],"wp:term":[{"taxonomy":"product_brand","embeddable":true,"href":"https:\/\/olemosaic.com\/fr\/wp-json\/wp\/v2\/product_brand?post=26686"},{"taxonomy":"product_cat","embeddable":true,"href":"https:\/\/olemosaic.com\/fr\/wp-json\/wp\/v2\/product_cat?post=26686"},{"taxonomy":"product_tag","embeddable":true,"href":"https:\/\/olemosaic.com\/fr\/wp-json\/wp\/v2\/product_tag?post=26686"}],"curies":[{"name":"wp","href":"https:\/\/api.w.org\/{rel}","templated":true}]}}