{"id":26685,"date":"2025-02-20T23:28:36","date_gmt":"2025-02-20T22:28:36","guid":{"rendered":"http:\/\/olemosaic.com\/producto\/botella-inox-500-ml-salamandra-3\/"},"modified":"2025-07-25T19:46:49","modified_gmt":"2025-07-25T17:46:49","slug":"bouteille-inox-500-ml-salamandre-3","status":"publish","type":"product","link":"https:\/\/olemosaic.com\/fr\/produit\/bouteille-inox-500-ml-salamandre-3\/","title":{"rendered":"Bouteille inox. 500 ml. Salamandre. Mosa\u00efque."},"content":{"rendered":"<p>Cette bouteille en acier inoxydable de 500 ml, orn\u00e9e d&rsquo;un design vibrant de salamandre, est l&rsquo;accessoire parfait pour les amoureux de la nature et de la culture. Inspir\u00e9e par la richesse des mosa\u00efques traditionnelles espagnoles, la bouteille pr\u00e9sente une salamandre dans des tons rouges et oranges vifs, \u00e9l\u00e9gamment entour\u00e9e de fleurs et de traits color\u00e9s qui \u00e9voquent la beaut\u00e9 de l&rsquo;art populaire. Sa finition blanche cr\u00e9e un contraste attrayant, tandis que le bouchon m\u00e9tallique assure durabilit\u00e9 et style moderne.<\/p>\n<p>Ce souvenir n&rsquo;est pas seulement fonctionnel, il incarne \u00e9galement le lien culturel avec la tradition artistique espagnole, symbolisant la diversit\u00e9 et la vivacit\u00e9 de la flore et de la faune du pays. Elle poss\u00e8de un design ergonomique, id\u00e9al pour \u00eatre emport\u00e9e partout, des excursions en plein air au bureau, faisant de l&rsquo;hydratation un acte \u00e9l\u00e9gant et durable.<\/p>\n<p>Chez Ol\u00e9 Mosaic, nous nous consacrons \u00e0 la distribution de souvenirs en gros, et cette bouteille en acier inoxydable est une excellente option pour les boutiques de cadeaux touristiques \u00e0 la recherche de produits authentiques et significatifs. Sa pertinence culturelle et esth\u00e9tique en fait un souvenir id\u00e9al pour ceux qui souhaitent ramener un morceau de l&rsquo;essence espagnole chez eux.<\/p>\n","protected":false},"excerpt":{"rendered":"<p>Bouteille en acier inoxydable de 500 ml, d\u00e9cor\u00e9e d&rsquo;un design color\u00e9 de salamandre, parfaite pour les amoureux de la nature et de la culture. Le motif, inspir\u00e9 des mosa\u00efques espagnoles, pr\u00e9sente une salamandre dans des tons rouges et oranges, entour\u00e9e de fleurs et de traits vibrants. Sa finition blanche et la touche m\u00e9tallique du bouchon garantissent durabilit\u00e9 et style, en faisant un accessoire pratique et attrayant pour toute occasion.<\/p>\n","protected":false},"featured_media":9672,"template":"","meta":{"_acf_changed":false},"product_brand":[],"product_cat":[784],"product_tag":[530],"class_list":{"0":"post-26685","1":"product","2":"type-product","3":"status-publish","4":"has-post-thumbnail","6":"product_cat-bouteilles-inox","7":"product_tag-animaux","8":"pa_motivo-salamandres","10":"first","11":"instock","12":"shipping-taxable","13":"product-type-simple"},"acf":[],"_links":{"self":[{"href":"https:\/\/olemosaic.com\/fr\/wp-json\/wp\/v2\/product\/26685","targetHints":{"allow":["GET"]}}],"collection":[{"href":"https:\/\/olemosaic.com\/fr\/wp-json\/wp\/v2\/product"}],"about":[{"href":"https:\/\/olemosaic.com\/fr\/wp-json\/wp\/v2\/types\/product"}],"wp:featuredmedia":[{"embeddable":true,"href":"https:\/\/olemosaic.com\/fr\/wp-json\/wp\/v2\/media\/9672"}],"wp:attachment":[{"href":"https:\/\/olemosaic.com\/fr\/wp-json\/wp\/v2\/media?parent=26685"}],"wp:term":[{"taxonomy":"product_brand","embeddable":true,"href":"https:\/\/olemosaic.com\/fr\/wp-json\/wp\/v2\/product_brand?post=26685"},{"taxonomy":"product_cat","embeddable":true,"href":"https:\/\/olemosaic.com\/fr\/wp-json\/wp\/v2\/product_cat?post=26685"},{"taxonomy":"product_tag","embeddable":true,"href":"https:\/\/olemosaic.com\/fr\/wp-json\/wp\/v2\/product_tag?post=26685"}],"curies":[{"name":"wp","href":"https:\/\/api.w.org\/{rel}","templated":true}]}}