{"id":26684,"date":"2025-02-20T23:28:36","date_gmt":"2025-02-20T22:28:36","guid":{"rendered":"http:\/\/olemosaic.com\/producto\/botella-inox-500-ml-panoramica-madrid\/"},"modified":"2025-07-25T18:42:24","modified_gmt":"2025-07-25T16:42:24","slug":"bouteille-inox-500-ml-panoramique-madrid","status":"publish","type":"product","link":"https:\/\/olemosaic.com\/fr\/produit\/bouteille-inox-500-ml-panoramique-madrid\/","title":{"rendered":"Bouteille inox. 500 ml. Panoramique. Madrid."},"content":{"rendered":"<p>Cette bouteille en acier inoxydable de 500 ml est d\u00e9cor\u00e9e d&rsquo;un panorama color\u00e9 de Madrid, capturant l&rsquo;essence vibrante de la capitale espagnole. Le design montre l&#8217;embl\u00e9matique Puerta del Sol, l&rsquo;un des points les plus iconiques de la ville, entour\u00e9e d&rsquo;une mosa\u00efque captivante qui inclut des \u00e9l\u00e9ments distinctifs et des personnes v\u00eatues de costumes typiques de la r\u00e9gion. La repr\u00e9sentation artistique refl\u00e8te non seulement l&rsquo;architecture singuli\u00e8re de Madrid, mais aussi l&rsquo;ambiance festive et accueillante qui caract\u00e9rise la ville, faisant de cette bouteille un authentique souvenir de Madrid.<\/p>\n<p>Avec une fermeture herm\u00e9tique robuste en acier, cette bouteille garantit une fonctionnalit\u00e9 et une durabilit\u00e9 maximales, \u00e9tant id\u00e9ale pour ceux qui recherchent style et praticit\u00e9 pour leurs boissons quotidiennes. Son design attrayant en fait un compl\u00e9ment parfait tant pour la maison que pour l&rsquo;ext\u00e9rieur, que ce soit pour profiter d&rsquo;une journ\u00e9e au parc ou pour aller au travail.<\/p>\n<p>Chez Ol\u00e9 Mosaic, nous nous sp\u00e9cialisons dans la distribution de souvenirs en gros, et cette bouteille en acier inoxydable repr\u00e9sente la qualit\u00e9 et l&rsquo;art que nous recherchons dans chaque produit. C&rsquo;est une excellente option pour les boutiques de cadeaux touristiques souhaitant offrir \u00e0 leurs clients un souvenir authentique et repr\u00e9sentatif de la culture madril\u00e8ne.<\/p>\n","protected":false},"excerpt":{"rendered":"<p>Bouteille en acier inoxydable de 500 ml, d\u00e9cor\u00e9e d&rsquo;un panorama color\u00e9 de Madrid. Le design montre l&#8217;embl\u00e9matique Puerta del Sol, capturant l&rsquo;essence de la ville \u00e0 travers une mosa\u00efque vibrante avec des \u00e9l\u00e9ments distinctifs et des personnages v\u00eatus de costumes typiques. La partie sup\u00e9rieure int\u00e8gre une fermeture herm\u00e9tique en acier, garantissant une fonctionnalit\u00e9 et une durabilit\u00e9 maximales. C&rsquo;est une pi\u00e8ce id\u00e9ale pour ceux qui recherchent style et praticit\u00e9 pour leurs boissons quotidiennes.<\/p>\n","protected":false},"featured_media":9677,"template":"","meta":{"_acf_changed":false},"product_brand":[],"product_cat":[784],"product_tag":[],"class_list":{"0":"post-26684","1":"product","2":"type-product","3":"status-publish","4":"has-post-thumbnail","6":"product_cat-bouteilles-inox","7":"pa_ciudad-madrid","8":"pa_motivo-panoramas","9":"pa_pais-espana","11":"first","12":"instock","13":"shipping-taxable","14":"product-type-simple"},"acf":[],"_links":{"self":[{"href":"https:\/\/olemosaic.com\/fr\/wp-json\/wp\/v2\/product\/26684","targetHints":{"allow":["GET"]}}],"collection":[{"href":"https:\/\/olemosaic.com\/fr\/wp-json\/wp\/v2\/product"}],"about":[{"href":"https:\/\/olemosaic.com\/fr\/wp-json\/wp\/v2\/types\/product"}],"wp:featuredmedia":[{"embeddable":true,"href":"https:\/\/olemosaic.com\/fr\/wp-json\/wp\/v2\/media\/9677"}],"wp:attachment":[{"href":"https:\/\/olemosaic.com\/fr\/wp-json\/wp\/v2\/media?parent=26684"}],"wp:term":[{"taxonomy":"product_brand","embeddable":true,"href":"https:\/\/olemosaic.com\/fr\/wp-json\/wp\/v2\/product_brand?post=26684"},{"taxonomy":"product_cat","embeddable":true,"href":"https:\/\/olemosaic.com\/fr\/wp-json\/wp\/v2\/product_cat?post=26684"},{"taxonomy":"product_tag","embeddable":true,"href":"https:\/\/olemosaic.com\/fr\/wp-json\/wp\/v2\/product_tag?post=26684"}],"curies":[{"name":"wp","href":"https:\/\/api.w.org\/{rel}","templated":true}]}}