{"id":26652,"date":"2025-02-20T23:28:36","date_gmt":"2025-02-20T22:28:36","guid":{"rendered":"http:\/\/olemosaic.com\/producto\/botella-inox-500-ml-panoramica-barcelona-3\/"},"modified":"2025-07-25T18:36:17","modified_gmt":"2025-07-25T16:36:17","slug":"bouteille-inox-500-ml-panoramique-barcelone-3","status":"publish","type":"product","link":"https:\/\/olemosaic.com\/fr\/produit\/bouteille-inox-500-ml-panoramique-barcelone-3\/","title":{"rendered":"Bouteille inox 500 ml. Panoramique. Sagrada Familia. Gaudi. Barcelone."},"content":{"rendered":"<p>Cette bouteille en acier inoxydable de 500 ml est un souvenir vibrant de Barcelone, con\u00e7ue pour capturer l&rsquo;essence et l&rsquo;esprit de cette ville embl\u00e9matique. Sa surface brillante est orn\u00e9e d&rsquo;une vue panoramique color\u00e9e qui met en valeur la c\u00e9l\u00e8bre technique de la mosa\u00efque, distinctive de l&rsquo;\u0153uvre d&rsquo;Antoni Gaud\u00ed, dont l&rsquo;influence est omnipr\u00e9sente dans l&rsquo;architecture barcelonaise. Avec le mot \u00ab\u00a0Barcelone\u00a0\u00bb en grandes lettres amusantes, cette bouteille n&rsquo;est pas seulement fonctionnelle, elle devient aussi une pi\u00e8ce d\u00e9corative qui c\u00e9l\u00e8bre la culture locale.<\/p>\n<p>Le design met en avant des motifs architecturaux embl\u00e9matiques et un charmant oiseau, repr\u00e9sentant la faune et l&rsquo;art de la r\u00e9gion. Chaque d\u00e9tail est \u00e9labor\u00e9 avec une technique d&rsquo;impression de haute qualit\u00e9 qui garantit la p\u00e9rennit\u00e9 des couleurs vibrantes et de l&rsquo;art, faisant de cette bouteille un authentique souvenir de Barcelone. Parfaite pour maintenir vos boissons fra\u00eeches, elle est id\u00e9ale pour les touristes \u00e0 la recherche d&rsquo;un souvenir alliant utilit\u00e9 et style.<\/p>\n<p>Ol\u00e9 Mosaic se sp\u00e9cialise dans la distribution de souvenirs en gros, offrant des produits authentiques qui repr\u00e9sentent la riche culture espagnole. Cette bouteille en acier inoxydable est une excellente option pour les boutiques de cadeaux touristiques souhaitant proposer des articles c\u00e9l\u00e9brant la beaut\u00e9 et la singularit\u00e9 de Barcelone, transformant chaque achat en une exp\u00e9rience inoubliable pour les visiteurs.<\/p>\n","protected":false},"excerpt":{"rendered":"<p>Bouteille en acier inoxydable de 500 ml avec un design vibrant repr\u00e9sentant une vue panoramique de Barcelone. D\u00e9cor\u00e9e de couleurs vives et de motifs de mosa\u00efque, la bouteille comprend le mot \u00ab\u00a0Barcelone\u00a0\u00bb en grandes lettres amusantes. Sa surface refl\u00e8te le style artistique de la ville, mettant en avant des \u00e9l\u00e9ments iconiques et un oiseau, le tout peint avec une technique de haute qualit\u00e9. Id\u00e9ale pour maintenir vos boissons fra\u00eeches et comme souvenir attrayant de la ville.<\/p>\n","protected":false},"featured_media":9782,"template":"","meta":{"_acf_changed":false},"product_brand":[],"product_cat":[784],"product_tag":[],"class_list":{"0":"post-26652","1":"product","2":"type-product","3":"status-publish","4":"has-post-thumbnail","6":"product_cat-bouteilles-inox","7":"pa_ciudad-barcelona","8":"pa_motivo-panoramas","9":"pa_pais-espana","11":"first","12":"instock","13":"shipping-taxable","14":"product-type-simple"},"acf":[],"_links":{"self":[{"href":"https:\/\/olemosaic.com\/fr\/wp-json\/wp\/v2\/product\/26652","targetHints":{"allow":["GET"]}}],"collection":[{"href":"https:\/\/olemosaic.com\/fr\/wp-json\/wp\/v2\/product"}],"about":[{"href":"https:\/\/olemosaic.com\/fr\/wp-json\/wp\/v2\/types\/product"}],"wp:featuredmedia":[{"embeddable":true,"href":"https:\/\/olemosaic.com\/fr\/wp-json\/wp\/v2\/media\/9782"}],"wp:attachment":[{"href":"https:\/\/olemosaic.com\/fr\/wp-json\/wp\/v2\/media?parent=26652"}],"wp:term":[{"taxonomy":"product_brand","embeddable":true,"href":"https:\/\/olemosaic.com\/fr\/wp-json\/wp\/v2\/product_brand?post=26652"},{"taxonomy":"product_cat","embeddable":true,"href":"https:\/\/olemosaic.com\/fr\/wp-json\/wp\/v2\/product_cat?post=26652"},{"taxonomy":"product_tag","embeddable":true,"href":"https:\/\/olemosaic.com\/fr\/wp-json\/wp\/v2\/product_tag?post=26652"}],"curies":[{"name":"wp","href":"https:\/\/api.w.org\/{rel}","templated":true}]}}