{"id":26651,"date":"2025-02-20T23:28:36","date_gmt":"2025-02-20T22:28:36","guid":{"rendered":"http:\/\/olemosaic.com\/producto\/botella-inox-500-ml-patio-2\/"},"modified":"2025-07-25T18:40:12","modified_gmt":"2025-07-25T16:40:12","slug":"bouteille-inox-500-ml-patio-2","status":"publish","type":"product","link":"https:\/\/olemosaic.com\/fr\/produit\/bouteille-inox-500-ml-patio-2\/","title":{"rendered":"Bouteille inox 500 ml. Patio."},"content":{"rendered":"<p>Cette bouteille en acier inoxydable de 500 ml est le souvenir parfait pour capturer l&rsquo;essence vibrante du flamenco, l&rsquo;une des traditions les plus embl\u00e9matiques d&rsquo;Espagne. D\u00e9cor\u00e9e d&rsquo;une illustration exquise d&rsquo;une danseuse (bailaora) avec une impressionnante robe rouge \u00e0 volants, accompagn\u00e9e d&rsquo;un danseur en costume traditionnel, cette pi\u00e8ce est non seulement fonctionnelle, mais aussi une excellente repr\u00e9sentation de la culture andalouse. Le design, situ\u00e9 dans un patio andalou typique orn\u00e9 de mosa\u00efques color\u00e9es, souligne la joie et le dynamisme de la danse flamenco.<\/p>\n<p>La partie sup\u00e9rieure de la bouteille pr\u00e9sente des d\u00e9tails floraux rouges qui ajoutent une touche festive et authentique, faisant de chaque gorg\u00e9e un souvenir du patrimoine espagnol. Id\u00e9ale pour ceux qui souhaitent garder leurs boissons fra\u00eeches tout en profitant de la passion du flamenco, cette bouteille est un cadeau exceptionnel pour les touristes \u00e0 la recherche de souvenirs refl\u00e9tant v\u00e9ritablement la culture espagnole. Chez Ol\u00e9 Mosaic, nous distribuons des souvenirs authentiques en gros, et cette bouteille de flamenco est une merveilleuse option pour les boutiques de cadeaux touristiques souhaitant proposer des produits c\u00e9l\u00e9brant la riche tradition espagnole. Avec son design unique et sa qualit\u00e9, ce souvenir est un incontournable de votre collection.<\/p>\n","protected":false},"excerpt":{"rendered":"<p>Bouteille en acier inoxydable de 500 ml, d\u00e9cor\u00e9e d&rsquo;une illustration vibrante d&rsquo;une danse flamenco dans un patio andalou typique. Le design \u00e9l\u00e9gant montre une danseuse avec une robe rouge \u00e0 volants et un danseur en costume traditionnel, le tout sur un sol en mosa\u00efque color\u00e9e. La partie sup\u00e9rieure de la bouteille est orn\u00e9e de d\u00e9tails floraux rouges, ajoutant une touche authentique et festive. Id\u00e9ale pour maintenir vos boissons fra\u00eeches tout en c\u00e9l\u00e9brant l&rsquo;esprit espagnol.<\/p>\n","protected":false},"featured_media":9669,"template":"","meta":{"_acf_changed":false},"product_brand":[],"product_cat":[784],"product_tag":[],"class_list":{"0":"post-26651","1":"product","2":"type-product","3":"status-publish","4":"has-post-thumbnail","6":"product_cat-bouteilles-inox","7":"pa_motivo-cours-interieures","9":"first","10":"instock","11":"shipping-taxable","12":"product-type-simple"},"acf":[],"_links":{"self":[{"href":"https:\/\/olemosaic.com\/fr\/wp-json\/wp\/v2\/product\/26651","targetHints":{"allow":["GET"]}}],"collection":[{"href":"https:\/\/olemosaic.com\/fr\/wp-json\/wp\/v2\/product"}],"about":[{"href":"https:\/\/olemosaic.com\/fr\/wp-json\/wp\/v2\/types\/product"}],"wp:featuredmedia":[{"embeddable":true,"href":"https:\/\/olemosaic.com\/fr\/wp-json\/wp\/v2\/media\/9669"}],"wp:attachment":[{"href":"https:\/\/olemosaic.com\/fr\/wp-json\/wp\/v2\/media?parent=26651"}],"wp:term":[{"taxonomy":"product_brand","embeddable":true,"href":"https:\/\/olemosaic.com\/fr\/wp-json\/wp\/v2\/product_brand?post=26651"},{"taxonomy":"product_cat","embeddable":true,"href":"https:\/\/olemosaic.com\/fr\/wp-json\/wp\/v2\/product_cat?post=26651"},{"taxonomy":"product_tag","embeddable":true,"href":"https:\/\/olemosaic.com\/fr\/wp-json\/wp\/v2\/product_tag?post=26651"}],"curies":[{"name":"wp","href":"https:\/\/api.w.org\/{rel}","templated":true}]}}