{"id":26650,"date":"2025-02-20T23:28:36","date_gmt":"2025-02-20T22:28:36","guid":{"rendered":"http:\/\/olemosaic.com\/producto\/botella-inox-500-ml-salamandra-2\/"},"modified":"2025-07-25T18:50:02","modified_gmt":"2025-07-25T16:50:02","slug":"bouteille-inox-500-ml-salamandre-2","status":"publish","type":"product","link":"https:\/\/olemosaic.com\/fr\/produit\/bouteille-inox-500-ml-salamandre-2\/","title":{"rendered":"Bouteille inox 500 ml. Salamandre. Espagne."},"content":{"rendered":"<p>Cette bouteille en acier inoxydable de 500 ml est le cadeau touristique parfait, car elle combine un design vibrant avec une fonctionnalit\u00e9 exceptionnelle. D\u00e9cor\u00e9e d&rsquo;un motif attrayant de salamandres et de fleurs, la bouteille pr\u00e9sente une base noire qui met en valeur les couleurs vives dans des tons de rouge, vert et bleu, \u00e9voquant la riche faune et flore d&rsquo;Espagne. Les salamandres, symbole de renouveau et de transformation, ajoutent une touche artistique et culturelle qui repr\u00e9sente la connexion du produit avec la biodiversit\u00e9 de la p\u00e9ninsule. De plus, les fleurs qui accompagnent ces reptiles apportent fra\u00eecheur et joie, faisant de cette bouteille un accessoire non seulement pratique, mais aussi visuellement captivant.<\/p>\n<p>Sa capacit\u00e9 isolante garantit que les boissons restent froides ou chaudes pendant des heures, ce qui la rend id\u00e9ale pour les excursions, les promenades en ville ou les activit\u00e9s de plein air. Ce souvenir est une excellente option tant pour les touristes \u00e0 la recherche de souvenirs authentiques de leur visite en Espagne que pour les boutiques de cadeaux touristiques souhaitant proposer des produits de qualit\u00e9. Chez Ol\u00e9 Mosaic, en tant que distributeurs d&rsquo;articles uniques, nous assurons l&rsquo;authenticit\u00e9 et la pertinence culturelle de chaque produit. La bouteille au design de salamandres est, sans aucun doute, un incontournable de la collection de souvenirs de toute boutique cherchant \u00e0 souligner la beaut\u00e9 et la diversit\u00e9 de la culture espagnole.<\/p>\n","protected":false},"excerpt":{"rendered":"<p>Bouteille en acier inoxydable de 500 ml d\u00e9cor\u00e9e d&rsquo;un motif vibrant de salamandres et de fleurs. Cet article attrayant pr\u00e9sente une base noire qui met en valeur les motifs color\u00e9s dans des tons rouges, verts et bleus, apportant une touche artistique et culturelle. Id\u00e9ale pour transporter de l&rsquo;eau ou toute autre boisson, elle se distingue \u00e9galement par sa capacit\u00e9 isolante qui maintient la temp\u00e9rature de son contenu. Un souvenir parfait alliant fonctionnalit\u00e9 et style, \u00e9voquant la faune et la flore d&rsquo;Espagne.<\/p>\n","protected":false},"featured_media":9913,"template":"","meta":{"_acf_changed":false},"product_brand":[],"product_cat":[784],"product_tag":[530],"class_list":{"0":"post-26650","1":"product","2":"type-product","3":"status-publish","4":"has-post-thumbnail","6":"product_cat-bouteilles-inox","7":"product_tag-animaux","8":"pa_motivo-salamandres","10":"first","11":"instock","12":"shipping-taxable","13":"product-type-simple"},"acf":[],"_links":{"self":[{"href":"https:\/\/olemosaic.com\/fr\/wp-json\/wp\/v2\/product\/26650","targetHints":{"allow":["GET"]}}],"collection":[{"href":"https:\/\/olemosaic.com\/fr\/wp-json\/wp\/v2\/product"}],"about":[{"href":"https:\/\/olemosaic.com\/fr\/wp-json\/wp\/v2\/types\/product"}],"wp:featuredmedia":[{"embeddable":true,"href":"https:\/\/olemosaic.com\/fr\/wp-json\/wp\/v2\/media\/9913"}],"wp:attachment":[{"href":"https:\/\/olemosaic.com\/fr\/wp-json\/wp\/v2\/media?parent=26650"}],"wp:term":[{"taxonomy":"product_brand","embeddable":true,"href":"https:\/\/olemosaic.com\/fr\/wp-json\/wp\/v2\/product_brand?post=26650"},{"taxonomy":"product_cat","embeddable":true,"href":"https:\/\/olemosaic.com\/fr\/wp-json\/wp\/v2\/product_cat?post=26650"},{"taxonomy":"product_tag","embeddable":true,"href":"https:\/\/olemosaic.com\/fr\/wp-json\/wp\/v2\/product_tag?post=26650"}],"curies":[{"name":"wp","href":"https:\/\/api.w.org\/{rel}","templated":true}]}}