{"id":26649,"date":"2025-02-20T23:28:36","date_gmt":"2025-02-20T22:28:36","guid":{"rendered":"http:\/\/olemosaic.com\/producto\/botella-inox-500-ml-salamandra-barcelona-3\/"},"modified":"2025-07-25T18:40:14","modified_gmt":"2025-07-25T16:40:14","slug":"bouteille-inox-500-ml-salamandre-barcelone-3","status":"publish","type":"product","link":"https:\/\/olemosaic.com\/fr\/produit\/bouteille-inox-500-ml-salamandre-barcelone-3\/","title":{"rendered":"Bouteille inox 500 ml. Salamandre. Barcelone. Motifs floraux."},"content":{"rendered":"<p>Cette bouteille en acier inoxydable de 500 ml est un souvenir vibrant et fonctionnel qui capture l&rsquo;essence de Barcelone. D\u00e9cor\u00e9e de motifs color\u00e9s de salamandres et de fleurs, cette bouteille rend hommage \u00e0 la riche culture et \u00e0 la biodiversit\u00e9 de la r\u00e9gion. Le fond noir fait ressortir de mani\u00e8re spectaculaire les motifs d\u00e9taill\u00e9s de salamandres peints \u00e0 la main dans des tons verts, rouges et bleus, qui \u00e9voquent la joie et le dynamisme de la ville. Chaque salamandre, avec ses motifs uniques, s&rsquo;entrelace avec des fleurs \u00e9clatantes aux tons brillants, cr\u00e9ant un ensemble visuellement captivant.<\/p>\n<p>Int\u00e9grant le mot \u00ab\u00a0Barcelone\u00a0\u00bb en lettres multicolores, cette bouteille n&rsquo;est pas seulement un accessoire pratique pour maintenir vos boissons froides ou chaudes, mais aussi un souvenir joyeux qui fusionne l&rsquo;art et la culture. Les designs manuels ajoutent non seulement de l&rsquo;authenticit\u00e9, mais refl\u00e8tent \u00e9galement la passion des artisans, inspir\u00e9s par la faune locale et la riche diversit\u00e9 de la flore m\u00e9diterran\u00e9enne.<\/p>\n<p>Id\u00e9ale pour les touristes \u00e0 la recherche de souvenirs de Barcelone, cette bouteille est une excellente option pour les boutiques de cadeaux touristiques qui souhaitent proposer des produits repr\u00e9sentant la culture de la ville. Chez Ol\u00e9 Mosaic, en tant que distributeurs de souvenirs en gros, nous garantissons l&rsquo;authenticit\u00e9 et la qualit\u00e9 de chaque pi\u00e8ce, faisant de ce produit le choix parfait pour ceux qui appr\u00e9cient la connexion culturelle et le design tr\u00e8s sp\u00e9cial. Avec une bouteille de salamandres, vous emporterez avec vous un morceau de Barcelone et son esprit vibrant.<\/p>\n","protected":false},"excerpt":{"rendered":"<p>Bouteille en acier inoxydable de 500 ml, d\u00e9cor\u00e9e de motifs color\u00e9s de salamandres et de fleurs, inspir\u00e9e par la culture vibrante de Barcelone. La base noire met en valeur les motifs de salamandres vertes, rouges et bleues peints \u00e0 la main, accompagn\u00e9s de fleurs \u00e9clatantes aux tons brillants. Comprend le mot \u00ab\u00a0Barcelone\u00a0\u00bb en lettres multicolores, ce qui en fait un souvenir amusant alliant fonctionnalit\u00e9 et art, parfait pour maintenir vos boissons froides ou chaudes.<\/p>\n","protected":false},"featured_media":9941,"template":"","meta":{"_acf_changed":false},"product_brand":[],"product_cat":[784],"product_tag":[530],"class_list":{"0":"post-26649","1":"product","2":"type-product","3":"status-publish","4":"has-post-thumbnail","6":"product_cat-bouteilles-inox","7":"product_tag-animaux","8":"pa_ciudad-barcelona","9":"pa_motivo-salamandres","10":"pa_pais-espana","12":"first","13":"instock","14":"shipping-taxable","15":"product-type-simple"},"acf":[],"_links":{"self":[{"href":"https:\/\/olemosaic.com\/fr\/wp-json\/wp\/v2\/product\/26649","targetHints":{"allow":["GET"]}}],"collection":[{"href":"https:\/\/olemosaic.com\/fr\/wp-json\/wp\/v2\/product"}],"about":[{"href":"https:\/\/olemosaic.com\/fr\/wp-json\/wp\/v2\/types\/product"}],"wp:featuredmedia":[{"embeddable":true,"href":"https:\/\/olemosaic.com\/fr\/wp-json\/wp\/v2\/media\/9941"}],"wp:attachment":[{"href":"https:\/\/olemosaic.com\/fr\/wp-json\/wp\/v2\/media?parent=26649"}],"wp:term":[{"taxonomy":"product_brand","embeddable":true,"href":"https:\/\/olemosaic.com\/fr\/wp-json\/wp\/v2\/product_brand?post=26649"},{"taxonomy":"product_cat","embeddable":true,"href":"https:\/\/olemosaic.com\/fr\/wp-json\/wp\/v2\/product_cat?post=26649"},{"taxonomy":"product_tag","embeddable":true,"href":"https:\/\/olemosaic.com\/fr\/wp-json\/wp\/v2\/product_tag?post=26649"}],"curies":[{"name":"wp","href":"https:\/\/api.w.org\/{rel}","templated":true}]}}