{"id":26648,"date":"2025-02-20T23:28:35","date_gmt":"2025-02-20T22:28:35","guid":{"rendered":"http:\/\/olemosaic.com\/producto\/botella-inox-500-ml-mariposa-barcelona\/"},"modified":"2025-07-25T18:37:28","modified_gmt":"2025-07-25T16:37:28","slug":"bouteille-inox-500-ml-papillon-barcelone","status":"publish","type":"product","link":"https:\/\/olemosaic.com\/fr\/produit\/bouteille-inox-500-ml-papillon-barcelone\/","title":{"rendered":"Bouteille inox 500 ml. Papillon. Barcelone."},"content":{"rendered":"<p>Cette bouteille en acier inoxydable de 500 ml est un souvenir vibrant de Barcelone, id\u00e9al pour ceux qui souhaitent emporter avec eux un morceau de cette ville embl\u00e9matique. D\u00e9cor\u00e9e d&rsquo;un motif de papillons aux tons brillants de bleu, rose et orange, le fond blanc est compl\u00e9t\u00e9 par une mosa\u00efque stylis\u00e9e qui rend hommage au c\u00e9l\u00e8bre style artistique de Gaud\u00ed, \u00e9voquant la diversit\u00e9 culturelle et visuelle qui caract\u00e9rise Barcelone. Les papillons, accompagn\u00e9s de fleurs joyeuses, symbolisent la libert\u00e9 et la beaut\u00e9, faisant de cette bouteille non seulement un article pratique, mais aussi une \u0153uvre d&rsquo;art qui c\u00e9l\u00e8bre la nature et la cr\u00e9ativit\u00e9 de la ville.<\/p>\n<p>Son mat\u00e9riau en acier inoxydable garantit durabilit\u00e9 et r\u00e9sistance, id\u00e9al pour maintenir vos boissons froides ou chaudes tout au long de la journ\u00e9e. De plus, ce souvenir repr\u00e9sente une connexion culturelle avec la biodiversit\u00e9 et l&rsquo;esprit artistique de Barcelone, constituant un cadeau parfait pour les touristes \u00e0 la recherche de souvenirs authentiques et fonctionnels. Chez Ol\u00e9 Mosaic, nous sommes sp\u00e9cialis\u00e9s dans la distribution de souvenirs en gros, et cette bouteille est une excellente option pour les boutiques de cadeaux touristiques souhaitant proposer des produits repr\u00e9sentatifs et de qualit\u00e9. Avec son design attrayant, c&rsquo;est un souvenir de Barcelone qui captivera tout le monde.<\/p>\n","protected":false},"excerpt":{"rendered":"<p>Bouteille en acier inoxydable de 500 ml, d\u00e9cor\u00e9e d&rsquo;un motif vibrant de papillons. Inspir\u00e9e par la diversit\u00e9 color\u00e9e de Barcelone, elle pr\u00e9sente un fond blanc avec une mosa\u00efque stylis\u00e9e qui met en valeur les papillons, dans des tons brillants de bleu, rose et orange, ainsi que des fleurs joyeuses. Cet article est id\u00e9al pour rester hydrat\u00e9 tout en profitant de l&rsquo;art et de la culture de cette ville catalane embl\u00e9matique.<\/p>\n","protected":false},"featured_media":13005,"template":"","meta":{"_acf_changed":false},"product_brand":[],"product_cat":[784],"product_tag":[530],"class_list":{"0":"post-26648","1":"product","2":"type-product","3":"status-publish","4":"has-post-thumbnail","6":"product_cat-bouteilles-inox","7":"product_tag-animaux","8":"pa_ciudad-barcelona","9":"pa_motivo-papillons","10":"pa_pais-espana","12":"first","13":"instock","14":"shipping-taxable","15":"product-type-simple"},"acf":[],"_links":{"self":[{"href":"https:\/\/olemosaic.com\/fr\/wp-json\/wp\/v2\/product\/26648","targetHints":{"allow":["GET"]}}],"collection":[{"href":"https:\/\/olemosaic.com\/fr\/wp-json\/wp\/v2\/product"}],"about":[{"href":"https:\/\/olemosaic.com\/fr\/wp-json\/wp\/v2\/types\/product"}],"wp:featuredmedia":[{"embeddable":true,"href":"https:\/\/olemosaic.com\/fr\/wp-json\/wp\/v2\/media\/13005"}],"wp:attachment":[{"href":"https:\/\/olemosaic.com\/fr\/wp-json\/wp\/v2\/media?parent=26648"}],"wp:term":[{"taxonomy":"product_brand","embeddable":true,"href":"https:\/\/olemosaic.com\/fr\/wp-json\/wp\/v2\/product_brand?post=26648"},{"taxonomy":"product_cat","embeddable":true,"href":"https:\/\/olemosaic.com\/fr\/wp-json\/wp\/v2\/product_cat?post=26648"},{"taxonomy":"product_tag","embeddable":true,"href":"https:\/\/olemosaic.com\/fr\/wp-json\/wp\/v2\/product_tag?post=26648"}],"curies":[{"name":"wp","href":"https:\/\/api.w.org\/{rel}","templated":true}]}}