{"id":26647,"date":"2025-02-20T23:28:35","date_gmt":"2025-02-20T22:28:35","guid":{"rendered":"http:\/\/olemosaic.com\/producto\/botella-inox-500-ml-flores\/"},"modified":"2025-07-25T18:50:02","modified_gmt":"2025-07-25T16:50:02","slug":"bouteille-inox-500-ml-fleurs","status":"publish","type":"product","link":"https:\/\/olemosaic.com\/fr\/produit\/bouteille-inox-500-ml-fleurs\/","title":{"rendered":"Bouteille inox 500 ml. Fleurs."},"content":{"rendered":"<p>Cette bouteille en acier inoxydable de 500 ml est un magnifique souvenir qui capture l&rsquo;essence de l&rsquo;art traditionnel espagnol avec un design vibrant de fleurs de style mosa\u00efque. Avec une palette de couleurs \u00e9clatantes comprenant le bleu, le rouge et le jaune, ce contenant n&rsquo;est pas seulement fonctionnel, mais aussi un reflet authentique du riche h\u00e9ritage culturel qui orne les rues et les places d&rsquo;Espagne. Les illustrations de fleurs, dispos\u00e9es de mani\u00e8re abstraite, \u00e9voquent la sophistication des mosa\u00efques typiques de l&rsquo;architecture ib\u00e9rique, ce qui fait de cette bouteille un objet vraiment sp\u00e9cial et attrayant.<\/p>\n<p>Avec une fermeture pratique sur le dessus et un mousqueton pour la transporter facilement, cette bouteille est id\u00e9ale pour les voyageurs et les amateurs de sport qui cherchent \u00e0 rester hydrat\u00e9s sans renoncer au style. De plus, sa capacit\u00e9 \u00e0 maintenir les boissons froides ou chaudes en fait le compagnon id\u00e9al pour toute activit\u00e9 de plein air.<\/p>\n<p>Chez Ol\u00e9 Mosaic, nous sommes fiers de proposer des articles authentiques qui capturent la tradition et l&rsquo;art de l&rsquo;Espagne, faisant de cette bouteille un cadeau parfait pour les touristes et un attrait in\u00e9gal\u00e9 dans les boutiques de souvenirs. En choisissant nos produits, les clients n&rsquo;acqui\u00e8rent pas seulement un article fonctionnel, mais aussi un morceau du patrimoine culturel espagnol qu&rsquo;ils pourront emporter partout avec eux.<\/p>\n","protected":false},"excerpt":{"rendered":"<p>Bouteille en acier inoxydable de 500 ml d\u00e9cor\u00e9e d&rsquo;un design floral vibrant de style mosa\u00efque, inspir\u00e9 de la riche tradition artistique espagnole. Ce contenant color\u00e9 pr\u00e9sente une combinaison de couleurs bleu, rouge et jaune, repr\u00e9sentant des \u00e9l\u00e9ments floraux de mani\u00e8re abstraite. Avec une fermeture pratique sur le dessus et un mousqueton, elle est parfaite pour \u00eatre emport\u00e9e partout, tout en maintenant les boissons froides ou chaudes. Id\u00e9ale pour ceux qui appr\u00e9cient la fonctionnalit\u00e9 et l&rsquo;art.<\/p>\n","protected":false},"featured_media":9675,"template":"","meta":{"_acf_changed":false},"product_brand":[],"product_cat":[784],"product_tag":[],"class_list":{"0":"post-26647","1":"product","2":"type-product","3":"status-publish","4":"has-post-thumbnail","6":"product_cat-bouteilles-inox","7":"pa_motivo-fleurs","9":"first","10":"instock","11":"shipping-taxable","12":"product-type-simple"},"acf":[],"_links":{"self":[{"href":"https:\/\/olemosaic.com\/fr\/wp-json\/wp\/v2\/product\/26647","targetHints":{"allow":["GET"]}}],"collection":[{"href":"https:\/\/olemosaic.com\/fr\/wp-json\/wp\/v2\/product"}],"about":[{"href":"https:\/\/olemosaic.com\/fr\/wp-json\/wp\/v2\/types\/product"}],"wp:featuredmedia":[{"embeddable":true,"href":"https:\/\/olemosaic.com\/fr\/wp-json\/wp\/v2\/media\/9675"}],"wp:attachment":[{"href":"https:\/\/olemosaic.com\/fr\/wp-json\/wp\/v2\/media?parent=26647"}],"wp:term":[{"taxonomy":"product_brand","embeddable":true,"href":"https:\/\/olemosaic.com\/fr\/wp-json\/wp\/v2\/product_brand?post=26647"},{"taxonomy":"product_cat","embeddable":true,"href":"https:\/\/olemosaic.com\/fr\/wp-json\/wp\/v2\/product_cat?post=26647"},{"taxonomy":"product_tag","embeddable":true,"href":"https:\/\/olemosaic.com\/fr\/wp-json\/wp\/v2\/product_tag?post=26647"}],"curies":[{"name":"wp","href":"https:\/\/api.w.org\/{rel}","templated":true}]}}