{"id":26646,"date":"2025-02-20T23:28:35","date_gmt":"2025-02-20T22:28:35","guid":{"rendered":"http:\/\/olemosaic.com\/producto\/botella-inox-500-ml-panoramica-barcelona-2\/"},"modified":"2025-07-25T18:40:14","modified_gmt":"2025-07-25T16:40:14","slug":"bouteille-inox-500-ml-panoramique-barcelone-2","status":"publish","type":"product","link":"https:\/\/olemosaic.com\/fr\/produit\/bouteille-inox-500-ml-panoramique-barcelone-2\/","title":{"rendered":"Bouteille inox 500 ml. Panoramique. Barcelone."},"content":{"rendered":"<p>Cette bouteille en acier inoxydable de 500 ml est un souvenir \u00e9l\u00e9gant et vibrant de Barcelone, con\u00e7ue pour capturer l&rsquo;essence architecturale de la ville. Elle pr\u00e9sente une vue panoramique \u00e9blouissante qui inclut les \u0153uvres iconiques d&rsquo;Antoni Gaud\u00ed, comme la Sagrada Familia. La bouteille est orn\u00e9e de d\u00e9tails en mosa\u00efque aux couleurs \u00e9clatantes qui \u00e9voquent le style unique du modernisme catalan. Le design graphique se distingue non seulement par sa beaut\u00e9, mais aussi par son attention aux d\u00e9tails, refl\u00e9tant la richesse culturelle et artistique de Barcelone.<\/p>\n<p>Fabriqu\u00e9e en acier inoxydable, cette bouteille assure durabilit\u00e9 et isolation thermique pour maintenir vos boissons \u00e0 la temp\u00e9rature id\u00e9ale, qu&rsquo;elles soient froides ou chaudes. Sa forme stylis\u00e9e et \u00e9l\u00e9gante en fait un accessoire pratique et attrayant pour toute occasion, que ce soit une journ\u00e9e \u00e0 la plage, une randonn\u00e9e en ville ou simplement pour le travail.<\/p>\n<p>En tant que souvenir repr\u00e9sentatif de Barcelone, cette bouteille est une excellente option pour les touristes \u00e0 la recherche d&rsquo;un souvenir authentique et fonctionnel. Chez Ol\u00e9 Mosaic, nous nous sp\u00e9cialisons dans la distribution de souvenirs en gros, et cette bouteille en acier inoxydable refl\u00e8te notre d\u00e9vouement \u00e0 offrir des produits de qualit\u00e9 qui c\u00e9l\u00e8brent la richesse culturelle de l&rsquo;Espagne. Id\u00e9ale pour les boutiques de cadeaux touristiques souhaitant enrichir leur offre avec des articles authentiques et artistiques, cette bouteille est plus qu&rsquo;un simple objet ; c&rsquo;est un morceau de la vie vibrante de Barcelone.<\/p>\n","protected":false},"excerpt":{"rendered":"<p>Bouteille en acier inoxydable de 500 ml avec une magnifique vue panoramique de Barcelone. Ce design vibrant et color\u00e9 pr\u00e9sente des \u0153uvres architecturales iconiques, comme la Sagrada Familia, orn\u00e9es de d\u00e9tails en mosa\u00efque \u00e9voquant le style d&rsquo;Antoni Gaud\u00ed. La bouteille, id\u00e9ale pour maintenir vos boissons \u00e0 la temp\u00e9rature souhait\u00e9e, combine fonctionnalit\u00e9 et art, en faisant un souvenir parfait qui capture l&rsquo;essence de cette ville vibrante.<\/p>\n","protected":false},"featured_media":9683,"template":"","meta":{"_acf_changed":false},"product_brand":[],"product_cat":[784],"product_tag":[],"class_list":{"0":"post-26646","1":"product","2":"type-product","3":"status-publish","4":"has-post-thumbnail","6":"product_cat-bouteilles-inox","7":"pa_ciudad-barcelona","8":"pa_motivo-panoramas","9":"pa_pais-espana","11":"first","12":"instock","13":"shipping-taxable","14":"product-type-simple"},"acf":[],"_links":{"self":[{"href":"https:\/\/olemosaic.com\/fr\/wp-json\/wp\/v2\/product\/26646","targetHints":{"allow":["GET"]}}],"collection":[{"href":"https:\/\/olemosaic.com\/fr\/wp-json\/wp\/v2\/product"}],"about":[{"href":"https:\/\/olemosaic.com\/fr\/wp-json\/wp\/v2\/types\/product"}],"wp:featuredmedia":[{"embeddable":true,"href":"https:\/\/olemosaic.com\/fr\/wp-json\/wp\/v2\/media\/9683"}],"wp:attachment":[{"href":"https:\/\/olemosaic.com\/fr\/wp-json\/wp\/v2\/media?parent=26646"}],"wp:term":[{"taxonomy":"product_brand","embeddable":true,"href":"https:\/\/olemosaic.com\/fr\/wp-json\/wp\/v2\/product_brand?post=26646"},{"taxonomy":"product_cat","embeddable":true,"href":"https:\/\/olemosaic.com\/fr\/wp-json\/wp\/v2\/product_cat?post=26646"},{"taxonomy":"product_tag","embeddable":true,"href":"https:\/\/olemosaic.com\/fr\/wp-json\/wp\/v2\/product_tag?post=26646"}],"curies":[{"name":"wp","href":"https:\/\/api.w.org\/{rel}","templated":true}]}}