{"id":26645,"date":"2025-02-20T23:28:35","date_gmt":"2025-02-20T22:28:35","guid":{"rendered":"http:\/\/olemosaic.com\/producto\/botella-inox-500-ml-salamandra-barcelona-2\/"},"modified":"2025-07-25T18:36:16","modified_gmt":"2025-07-25T16:36:16","slug":"bouteille-inox-500-ml-salamandre-barcelone-2","status":"publish","type":"product","link":"https:\/\/olemosaic.com\/fr\/produit\/bouteille-inox-500-ml-salamandre-barcelone-2\/","title":{"rendered":"Bouteille inox 500 ml. Salamandre. Parc G\u00fcell. Barcelone."},"content":{"rendered":"<p>Cette bouteille en acier inoxydable de 500 ml est un souvenir embl\u00e9matique de Barcelone, d\u00e9cor\u00e9e du design iconique de la salamandre en mosa\u00efque qui orne le Parc G\u00fcell. Sa finition blanche sert de toile parfaite pour les motifs color\u00e9s et vibrants des salamandres, repr\u00e9sent\u00e9es dans des tons verts, rouges et bleus, qui serpentent \u00e9l\u00e9gamment sur la bouteille. De plus, les d\u00e9tails floraux de diverses couleurs \u00e9voquent le style moderniste d&rsquo;Antoni Gaud\u00ed, transformant cette bouteille non seulement en un objet fonctionnel, mais aussi en une \u0153uvre d&rsquo;art portable qui refl\u00e8te le riche h\u00e9ritage culturel de la ville.<\/p>\n<p>La bouteille est parfaite pour maintenir vos boissons froides ou chaudes gr\u00e2ce \u00e0 son design isolant, et dispose d&rsquo;une fermeture pratique qui assure un confort maximal lors de son utilisation quotidienne. Ce souvenir ne symbolise pas seulement le tourisme \u00e0 Barcelone, il est aussi un rappel de l&rsquo;esprit cr\u00e9atif innovant qui caract\u00e9rise l&rsquo;\u0153uvre de Gaud\u00ed.<\/p>\n<p>Id\u00e9al pour ceux qui souhaitent emporter un morceau de Barcelone partout avec eux, cet article est une excellente option pour les boutiques de cadeaux touristiques. Chez Ol\u00e9 Mosaic, nous nous consacrons \u00e0 la distribution de souvenirs de haute qualit\u00e9, garantissant que nos clients disposent de produits authentiques et repr\u00e9sentatifs, comme cette bouteille en acier inoxydable, reflet fid\u00e8le de la beaut\u00e9 et de la culture de Barcelone.<\/p>\n","protected":false},"excerpt":{"rendered":"<p>Bouteille en acier inoxydable de 500 ml, d\u00e9cor\u00e9e du design embl\u00e9matique de la salamandre en mosa\u00efque qui orne le Parc G\u00fcell de Barcelone. Avec une finition blanche, cette bouteille pr\u00e9sente des motifs color\u00e9s de salamandres dans des tons verts, rouges et bleus, ainsi que des fleurs et des d\u00e9tails \u00e9voquant le style moderniste de Gaud\u00ed. Parfaite pour maintenir vos boissons froides ou chaudes, avec une fermeture pratique. Un souvenir id\u00e9al pour emporter un morceau de Barcelone partout avec vous.<\/p>\n","protected":false},"featured_media":9919,"template":"","meta":{"_acf_changed":false},"product_brand":[],"product_cat":[784],"product_tag":[530],"class_list":{"0":"post-26645","1":"product","2":"type-product","3":"status-publish","4":"has-post-thumbnail","6":"product_cat-bouteilles-inox","7":"product_tag-animaux","8":"pa_ciudad-barcelona","9":"pa_motivo-salamandres","10":"pa_pais-espana","12":"first","13":"instock","14":"shipping-taxable","15":"product-type-simple"},"acf":[],"_links":{"self":[{"href":"https:\/\/olemosaic.com\/fr\/wp-json\/wp\/v2\/product\/26645","targetHints":{"allow":["GET"]}}],"collection":[{"href":"https:\/\/olemosaic.com\/fr\/wp-json\/wp\/v2\/product"}],"about":[{"href":"https:\/\/olemosaic.com\/fr\/wp-json\/wp\/v2\/types\/product"}],"wp:featuredmedia":[{"embeddable":true,"href":"https:\/\/olemosaic.com\/fr\/wp-json\/wp\/v2\/media\/9919"}],"wp:attachment":[{"href":"https:\/\/olemosaic.com\/fr\/wp-json\/wp\/v2\/media?parent=26645"}],"wp:term":[{"taxonomy":"product_brand","embeddable":true,"href":"https:\/\/olemosaic.com\/fr\/wp-json\/wp\/v2\/product_brand?post=26645"},{"taxonomy":"product_cat","embeddable":true,"href":"https:\/\/olemosaic.com\/fr\/wp-json\/wp\/v2\/product_cat?post=26645"},{"taxonomy":"product_tag","embeddable":true,"href":"https:\/\/olemosaic.com\/fr\/wp-json\/wp\/v2\/product_tag?post=26645"}],"curies":[{"name":"wp","href":"https:\/\/api.w.org\/{rel}","templated":true}]}}