{"id":26644,"date":"2025-02-20T23:28:35","date_gmt":"2025-02-20T22:28:35","guid":{"rendered":"http:\/\/olemosaic.com\/producto\/botella-inox-500-ml-abstracto-barcelona\/"},"modified":"2025-07-25T18:50:04","modified_gmt":"2025-07-25T16:50:04","slug":"bouteille-inox-500-ml-abstrait-barcelone","status":"publish","type":"product","link":"https:\/\/olemosaic.com\/fr\/produit\/bouteille-inox-500-ml-abstrait-barcelone\/","title":{"rendered":"Bouteille inox 500 ml. Abstrait. Barcelone."},"content":{"rendered":"<p>Cette bouteille en acier inoxydable de 500 ml est un v\u00e9ritable hommage \u00e0 la ville vibrante de Barcelone. Son design abstrait se distingue par un magnifique m\u00e9lange de couleurs dans les tons rouges, jaunes et bleus, qui \u00e9voquent l&rsquo;\u00e9nergie et la cr\u00e9ativit\u00e9 caract\u00e9risant la m\u00e9tropole catalane. Le mot \u00ab\u00a0Barcelona\u00a0\u00bb est pr\u00e9sent\u00e9 dans un blanc \u00e9clatant, ressortant artistiquement sur le fond de couleurs intenses et dynamiques, transformant cette bouteille non seulement en un \u00e9l\u00e9ment fonctionnel, mais en une v\u00e9ritable \u0153uvre d&rsquo;art qui capture l&rsquo;essence de la ville.<\/p>\n<p>Fabriqu\u00e9e en acier inoxydable de haute qualit\u00e9, la bouteille garantit durabilit\u00e9 et r\u00e9sistance, \u00e9tant id\u00e9ale pour maintenir vos boissons froides ou chaudes, que ce soit lors d&rsquo;une promenade en ville ou dans vos activit\u00e9s quotidiennes. Son design ergonomique et l\u00e9ger facilite le transport, ce qui en fait le souvenir parfait pour les touristes.<\/p>\n<p>Ce souvenir de Barcelone n&rsquo;est pas seulement pratique, il souligne \u00e9galement la singularit\u00e9 culturelle de la ville, c\u00e9l\u00e8bre pour son architecture moderniste et son ambiance cosmopolite. Chez Ol\u00e9 Mosaic, nous nous sp\u00e9cialisons dans la distribution de souvenirs authentiques en gros, et cette bouteille est un choix id\u00e9al pour les boutiques de cadeaux touristiques souhaitant proposer des produits qui c\u00e9l\u00e8brent la richesse culturelle espagnole. Avec son design attrayant et sa pertinence culturelle, cette bouteille en acier inoxydable est le choix parfait pour ceux qui recherchent un souvenir significatif de Barcelone.<\/p>\n","protected":false},"excerpt":{"rendered":"<p>Bouteille en acier inoxydable de 500 ml avec un design abstrait vibrant inspir\u00e9 de Barcelone. La bouteille pr\u00e9sente un m\u00e9lange attrayant de couleurs dans les tons rouges, jaunes et bleus, avec le mot \u00ab\u00a0Barcelona\u00a0\u00bb se d\u00e9tachant en blanc de mani\u00e8re artistique. Cet accessoire, en plus d&rsquo;\u00eatre fonctionnel, est un souvenir frappant qui capture l&rsquo;essence dynamique de la ville, id\u00e9al pour ceux qui recherchent une touche moderne et color\u00e9e dans leur quotidien.<\/p>\n","protected":false},"featured_media":13010,"template":"","meta":{"_acf_changed":false},"product_brand":[],"product_cat":[784],"product_tag":[],"class_list":{"0":"post-26644","1":"product","2":"type-product","3":"status-publish","4":"has-post-thumbnail","6":"product_cat-bouteilles-inox","7":"pa_ciudad-barcelona","8":"pa_motivo-resume","9":"pa_pais-espana","11":"first","12":"instock","13":"shipping-taxable","14":"product-type-simple"},"acf":[],"_links":{"self":[{"href":"https:\/\/olemosaic.com\/fr\/wp-json\/wp\/v2\/product\/26644","targetHints":{"allow":["GET"]}}],"collection":[{"href":"https:\/\/olemosaic.com\/fr\/wp-json\/wp\/v2\/product"}],"about":[{"href":"https:\/\/olemosaic.com\/fr\/wp-json\/wp\/v2\/types\/product"}],"wp:featuredmedia":[{"embeddable":true,"href":"https:\/\/olemosaic.com\/fr\/wp-json\/wp\/v2\/media\/13010"}],"wp:attachment":[{"href":"https:\/\/olemosaic.com\/fr\/wp-json\/wp\/v2\/media?parent=26644"}],"wp:term":[{"taxonomy":"product_brand","embeddable":true,"href":"https:\/\/olemosaic.com\/fr\/wp-json\/wp\/v2\/product_brand?post=26644"},{"taxonomy":"product_cat","embeddable":true,"href":"https:\/\/olemosaic.com\/fr\/wp-json\/wp\/v2\/product_cat?post=26644"},{"taxonomy":"product_tag","embeddable":true,"href":"https:\/\/olemosaic.com\/fr\/wp-json\/wp\/v2\/product_tag?post=26644"}],"curies":[{"name":"wp","href":"https:\/\/api.w.org\/{rel}","templated":true}]}}